{"id":14581,"date":"2026-04-08T13:07:01","date_gmt":"2026-04-08T11:07:01","guid":{"rendered":"https:\/\/classysassybutik.pl\/?post_type=product&#038;p=14581"},"modified":"2026-04-08T13:07:02","modified_gmt":"2026-04-08T11:07:02","slug":"bluzka-koszula-z-wiazaniem-na-szyji-zebra-la-milla","status":"publish","type":"product","link":"https:\/\/classysassybutik.pl\/en\/product\/bluzka-koszula-z-wiazaniem-na-szyji-zebra-la-milla\/","title":{"rendered":"Bluzka Koszula z Wi\u0105zaniem na Szyji Zebra La Milla"},"content":{"rendered":"<p>Composition: 95% cotton, 5% elastane<\/p>\n<p>&nbsp;<\/p>\n<p>Universal size<\/p>\n<p>D\u0142ugo\u015b\u0107 ca\u0142kowita 66 cm<\/p>\n<p>Szeroko\u015b\u0107 mi\u0119dzy pachami 68cm x2<\/p>\n<p>Width at bottom 60cm x2<\/p>\n<p>D\u0142ugo\u015b\u0107 r\u0119kawa od ramienia 74cm<\/p>\n<p>&nbsp;<\/p>\n<p>Podane wymiary to zewn\u0119trzne wy<\/p>","protected":false},"excerpt":{"rendered":"<p>Sk\u0142ad: 95% bawe\u0142na, 5% elastan &nbsp; Rozmiar uniwersalny D\u0142ugo\u015b\u0107 ca\u0142kowita 66 cm Szeroko\u015b\u0107 mi\u0119dzy pachami 68cm x2 Szeroko\u015b\u0107 na dole 60cm x2 D\u0142ugo\u015b\u0107 r\u0119kawa od ramienia 74cm &nbsp; Podane wymiary to zewn\u0119trzne wy<\/p>","protected":false},"featured_media":14582,"comment_status":"open","ping_status":"closed","template":"","meta":[],"product_brand":[],"product_cat":[28,114,94],"product_tag":[],"class_list":{"0":"post-14581","1":"product","2":"type-product","3":"status-publish","4":"has-post-thumbnail","6":"product_cat-bluzki","7":"product_cat-koszula","8":"product_cat-nowosci","10":"first","11":"instock","12":"shipping-taxable","13":"purchasable","14":"product-type-simple"},"_links":{"self":[{"href":"https:\/\/classysassybutik.pl\/en\/wp-json\/wp\/v2\/product\/14581","targetHints":{"allow":["GET"]}}],"collection":[{"href":"https:\/\/classysassybutik.pl\/en\/wp-json\/wp\/v2\/product"}],"about":[{"href":"https:\/\/classysassybutik.pl\/en\/wp-json\/wp\/v2\/types\/product"}],"replies":[{"embeddable":true,"href":"https:\/\/classysassybutik.pl\/en\/wp-json\/wp\/v2\/comments?post=14581"}],"wp:featuredmedia":[{"embeddable":true,"href":"https:\/\/classysassybutik.pl\/en\/wp-json\/wp\/v2\/media\/14582"}],"wp:attachment":[{"href":"https:\/\/classysassybutik.pl\/en\/wp-json\/wp\/v2\/media?parent=14581"}],"wp:term":[{"taxonomy":"product_brand","embeddable":true,"href":"https:\/\/classysassybutik.pl\/en\/wp-json\/wp\/v2\/product_brand?post=14581"},{"taxonomy":"product_cat","embeddable":true,"href":"https:\/\/classysassybutik.pl\/en\/wp-json\/wp\/v2\/product_cat?post=14581"},{"taxonomy":"product_tag","embeddable":true,"href":"https:\/\/classysassybutik.pl\/en\/wp-json\/wp\/v2\/product_tag?post=14581"}],"curies":[{"name":"wp","href":"https:\/\/api.w.org\/{rel}","templated":true}]}}