{"id":14589,"date":"2026-04-08T13:19:54","date_gmt":"2026-04-08T11:19:54","guid":{"rendered":"https:\/\/classysassybutik.pl\/?post_type=product&#038;p=14589"},"modified":"2026-04-08T13:19:55","modified_gmt":"2026-04-08T11:19:55","slug":"bluzka-z-roza-ecru-la-milla","status":"publish","type":"product","link":"https:\/\/classysassybutik.pl\/en\/product\/bluzka-z-roza-ecru-la-milla\/","title":{"rendered":"Bluzka z R\u00f3\u017c\u0105 Ecru La Milla"},"content":{"rendered":"<p>Model ten wyr\u00f3\u017cnia si\u0119 subtelnym dekoltem w kszta\u0142cie litery V oraz kr\u00f3tkimi, swobodnymi r\u0119kawami, jednak jego najbardziej charakterystycznym elementem jest tr\u00f3jwymiarowa, r\u0119cznie formowana r\u00f3\u017ca umieszczona na ramieniu, kt\u00f3ra nadaje ca\u0142o\u015bci luksusowego sznytu.<\/p>\n<p>&nbsp;<\/p>\n<p>Wykonana z wysokogatunkowej mieszanki wiskozy (95%) oraz elastanu (5%), bluzka jest niezwykle przyjemna dla sk\u00f3ry, pozwala jej oddycha\u0107 i idealnie dopasowuje si\u0119 do sylwetki, zachowuj\u0105c przy tym sw\u00f3j nienaganny kszta\u0142t.<\/p>\n<p>&nbsp;<\/p>\n<p>Dzi\u0119ki lej\u0105cej strukturze materia\u0142u bluzka pi\u0119knie si\u0119 uk\u0142ada, stanowi\u0105c doskona\u0142y wyb\u00f3r zar\u00f3wno do eleganckich spodni z wysokim stanem, jak i klasycznych jeans\u00f3w, tworz\u0105c stylizacj\u0119 pe\u0142n\u0105 klasy i nowoczesnego szyku.<\/p>\n<p>&nbsp;<\/p>\n<p>Composition: 95% viscose, 5% elastane<\/p>\n<p>&nbsp;<\/p>","protected":false},"excerpt":{"rendered":"<blockquote><p>&nbsp;<\/p><\/blockquote>","protected":false},"featured_media":14590,"comment_status":"open","ping_status":"closed","template":"","meta":[],"product_brand":[],"product_cat":[28,94],"product_tag":[],"class_list":{"0":"post-14589","1":"product","2":"type-product","3":"status-publish","4":"has-post-thumbnail","6":"product_cat-bluzki","7":"product_cat-nowosci","9":"first","10":"instock","11":"shipping-taxable","12":"purchasable","13":"product-type-simple"},"_links":{"self":[{"href":"https:\/\/classysassybutik.pl\/en\/wp-json\/wp\/v2\/product\/14589","targetHints":{"allow":["GET"]}}],"collection":[{"href":"https:\/\/classysassybutik.pl\/en\/wp-json\/wp\/v2\/product"}],"about":[{"href":"https:\/\/classysassybutik.pl\/en\/wp-json\/wp\/v2\/types\/product"}],"replies":[{"embeddable":true,"href":"https:\/\/classysassybutik.pl\/en\/wp-json\/wp\/v2\/comments?post=14589"}],"wp:featuredmedia":[{"embeddable":true,"href":"https:\/\/classysassybutik.pl\/en\/wp-json\/wp\/v2\/media\/14590"}],"wp:attachment":[{"href":"https:\/\/classysassybutik.pl\/en\/wp-json\/wp\/v2\/media?parent=14589"}],"wp:term":[{"taxonomy":"product_brand","embeddable":true,"href":"https:\/\/classysassybutik.pl\/en\/wp-json\/wp\/v2\/product_brand?post=14589"},{"taxonomy":"product_cat","embeddable":true,"href":"https:\/\/classysassybutik.pl\/en\/wp-json\/wp\/v2\/product_cat?post=14589"},{"taxonomy":"product_tag","embeddable":true,"href":"https:\/\/classysassybutik.pl\/en\/wp-json\/wp\/v2\/product_tag?post=14589"}],"curies":[{"name":"wp","href":"https:\/\/api.w.org\/{rel}","templated":true}]}}