{"id":14613,"date":"2026-04-08T14:07:41","date_gmt":"2026-04-08T12:07:41","guid":{"rendered":"https:\/\/classysassybutik.pl\/?post_type=product&#038;p=14613"},"modified":"2026-04-08T14:07:41","modified_gmt":"2026-04-08T12:07:41","slug":"tshirt-koronka-la-milla-czarny","status":"publish","type":"product","link":"https:\/\/classysassybutik.pl\/en\/product\/tshirt-koronka-la-milla-czarny\/","title":{"rendered":"Tshirt Koronka La Milla Czarny"},"content":{"rendered":"<p>Oryginalny produkt La Milla. Polski producent.<\/p>\n<p>&nbsp;<\/p>\n<p>Sk\u0142ad: 30% wiskoza, 70% poliester<\/p>\n<p>&nbsp;<\/p>\n<p>Rozmiar: Uniwersalny<\/p>\n<p>&nbsp;<\/p>\n<p>Dimensions:<\/p>\n<p>&nbsp;<\/p>\n<p>D\u0142ugo\u015b\u0107 ca\u0142kowita: 72cm<\/p>\n<p>Szeroko\u015b\u0107 od pachy do pachy: 58cm x2<\/p>\n<p>D\u0142ugo\u015b\u0107 r\u0119kawa: 31cm<\/p>\n<p>&nbsp;<\/p>\n<p>Clothes measured flat! Individual measurements may vary +\/- 2 cm.<\/p>","protected":false},"excerpt":{"rendered":"<p>Oryginalny produkt La Milla. Polski producent. &nbsp; Sk\u0142ad: 30% wiskoza, 70% poliester &nbsp; Rozmiar: Uniwersalny &nbsp; Wymiary: &nbsp; D\u0142ugo\u015b\u0107 ca\u0142kowita: 72cm Szeroko\u015b\u0107 od pachy do pachy: 58cm x2 D\u0142ugo\u015b\u0107 r\u0119kawa: 31cm &nbsp; Ubrania mierzone na p\u0142asko! Poszczeg\u00f3lne wymiary mog\u0105 r\u00f3\u017cni\u0107 si\u0119 +\/- 2 cm.<\/p>","protected":false},"featured_media":14614,"comment_status":"open","ping_status":"closed","template":"","meta":[],"product_brand":[],"product_cat":[28,94,22],"product_tag":[],"class_list":{"0":"post-14613","1":"product","2":"type-product","3":"status-publish","4":"has-post-thumbnail","6":"product_cat-bluzki","7":"product_cat-nowosci","8":"product_cat-tshirty","10":"first","11":"instock","12":"shipping-taxable","13":"purchasable","14":"product-type-simple"},"_links":{"self":[{"href":"https:\/\/classysassybutik.pl\/en\/wp-json\/wp\/v2\/product\/14613","targetHints":{"allow":["GET"]}}],"collection":[{"href":"https:\/\/classysassybutik.pl\/en\/wp-json\/wp\/v2\/product"}],"about":[{"href":"https:\/\/classysassybutik.pl\/en\/wp-json\/wp\/v2\/types\/product"}],"replies":[{"embeddable":true,"href":"https:\/\/classysassybutik.pl\/en\/wp-json\/wp\/v2\/comments?post=14613"}],"wp:featuredmedia":[{"embeddable":true,"href":"https:\/\/classysassybutik.pl\/en\/wp-json\/wp\/v2\/media\/14614"}],"wp:attachment":[{"href":"https:\/\/classysassybutik.pl\/en\/wp-json\/wp\/v2\/media?parent=14613"}],"wp:term":[{"taxonomy":"product_brand","embeddable":true,"href":"https:\/\/classysassybutik.pl\/en\/wp-json\/wp\/v2\/product_brand?post=14613"},{"taxonomy":"product_cat","embeddable":true,"href":"https:\/\/classysassybutik.pl\/en\/wp-json\/wp\/v2\/product_cat?post=14613"},{"taxonomy":"product_tag","embeddable":true,"href":"https:\/\/classysassybutik.pl\/en\/wp-json\/wp\/v2\/product_tag?post=14613"}],"curies":[{"name":"wp","href":"https:\/\/api.w.org\/{rel}","templated":true}]}}