{"id":14625,"date":"2026-04-09T07:13:24","date_gmt":"2026-04-09T05:13:24","guid":{"rendered":"https:\/\/classysassybutik.pl\/?post_type=product&#038;p=14625"},"modified":"2026-04-09T07:13:25","modified_gmt":"2026-04-09T05:13:25","slug":"sukienka-kopertowa-bezowa-la-milla","status":"publish","type":"product","link":"https:\/\/classysassybutik.pl\/en\/product\/sukienka-kopertowa-bezowa-la-milla\/","title":{"rendered":"Sukienka Kopertowa Be\u017cowa La Milla"},"content":{"rendered":"<p>Elegancka sukienka kopertowa La Milla w ponadczasowym, be\u017cowym odcieniu. Model wi\u0105zany w talii pi\u0119knie podkre\u015bla sylwetk\u0119 i zapewnia idealne dopasowanie. Lekka, kobieca i niezwykle uniwersalna \u2013 sprawdzi si\u0119 zar\u00f3wno na co dzie\u0144, jak i na wyj\u0105tkowe okazje.<\/p>\n<p>Universal size.<\/p>\n<p>&nbsp;<\/p>\n<p>Dimensions:<\/p>\n<p>&nbsp;<\/p>\n<p>Szeroko\u015b\u0107 mi\u0119dzy pachami 55 cm x2<\/p>\n<p>Szeroko\u015b\u0107 w talii 45-50cm x2<\/p>\n<p>Width at bottom 60cm x2<\/p>\n<p>D\u0142ugo\u015b\u0107 r\u0119kawa od dekoltu 76 cm<\/p>\n<p>D\u0142ugo\u015b\u0107 r\u0119kawa od pachy 58 cm<\/p>\n<p>D\u0142ugo\u015b\u0107 92 cm<\/p>\n<p>&nbsp;<\/p>\n<p>Composition: 95% viscose, 5% elastane<\/p>\n<p>&nbsp;<\/p>\n<p>Ubrania mierzone na p\u0142asko. Poszczeg\u00f3lne wymiary mog\u0105 r\u00f3\u017cni\u0107 +\/- 2 cm.<\/p>","protected":false},"excerpt":{"rendered":"<p>Elegancka sukienka kopertowa La Milla w ponadczasowym, be\u017cowym odcieniu. Model wi\u0105zany w talii pi\u0119knie podkre\u015bla sylwetk\u0119 i zapewnia idealne dopasowanie. Lekka, kobieca i niezwykle uniwersalna \u2013 sprawdzi si\u0119 zar\u00f3wno na co dzie\u0144, jak i na wyj\u0105tkowe okazje. Rozmiar uniwersalny. &nbsp; Wymiary: &nbsp; Szeroko\u015b\u0107 mi\u0119dzy pachami 55 cm x2 Szeroko\u015b\u0107 w talii 45-50cm x2 Szeroko\u015b\u0107 na [&hellip;]<\/p>","protected":false},"featured_media":14626,"comment_status":"open","ping_status":"closed","template":"","meta":[],"product_brand":[],"product_cat":[94,20],"product_tag":[],"class_list":{"0":"post-14625","1":"product","2":"type-product","3":"status-publish","4":"has-post-thumbnail","6":"product_cat-nowosci","7":"product_cat-sukienki","9":"first","10":"instock","11":"shipping-taxable","12":"purchasable","13":"product-type-simple"},"_links":{"self":[{"href":"https:\/\/classysassybutik.pl\/en\/wp-json\/wp\/v2\/product\/14625","targetHints":{"allow":["GET"]}}],"collection":[{"href":"https:\/\/classysassybutik.pl\/en\/wp-json\/wp\/v2\/product"}],"about":[{"href":"https:\/\/classysassybutik.pl\/en\/wp-json\/wp\/v2\/types\/product"}],"replies":[{"embeddable":true,"href":"https:\/\/classysassybutik.pl\/en\/wp-json\/wp\/v2\/comments?post=14625"}],"wp:featuredmedia":[{"embeddable":true,"href":"https:\/\/classysassybutik.pl\/en\/wp-json\/wp\/v2\/media\/14626"}],"wp:attachment":[{"href":"https:\/\/classysassybutik.pl\/en\/wp-json\/wp\/v2\/media?parent=14625"}],"wp:term":[{"taxonomy":"product_brand","embeddable":true,"href":"https:\/\/classysassybutik.pl\/en\/wp-json\/wp\/v2\/product_brand?post=14625"},{"taxonomy":"product_cat","embeddable":true,"href":"https:\/\/classysassybutik.pl\/en\/wp-json\/wp\/v2\/product_cat?post=14625"},{"taxonomy":"product_tag","embeddable":true,"href":"https:\/\/classysassybutik.pl\/en\/wp-json\/wp\/v2\/product_tag?post=14625"}],"curies":[{"name":"wp","href":"https:\/\/api.w.org\/{rel}","templated":true}]}}