{"id":14638,"date":"2026-04-09T14:22:40","date_gmt":"2026-04-09T12:22:40","guid":{"rendered":"https:\/\/classysassybutik.pl\/?post_type=product&#038;p=14638"},"modified":"2026-04-09T14:22:41","modified_gmt":"2026-04-09T12:22:41","slug":"sukienka-kimono-pudrowy-roz-la-milla","status":"publish","type":"product","link":"https:\/\/classysassybutik.pl\/en\/product\/sukienka-kimono-pudrowy-roz-la-milla\/","title":{"rendered":"Sukienka Kimono Pudrowy R\u00f3\u017c La Milla"},"content":{"rendered":"<p>Oryginalny produkt polskiej firmy La Milla<\/p>\n<p>&nbsp;<\/p>\n<p>Composition: 95% viscose, 5% elastane<\/p>\n<p>&nbsp;<\/p>\n<p>Universal size<\/p>\n<p>Szeroko\u015b\u0107 mi\u0119dzy pachami 55cm x2<\/p>\n<p>Szeroko\u015b\u0107 w talii 45-50cm x2<\/p>\n<p>Width at bottom 60cm x2<\/p>\n<p>Sleeve length from neckline 76cm<\/p>\n<p>D\u0142ugo\u015b\u0107 r\u0119kawa od pachy 58cm<\/p>\n<p>D\u0142ugo\u015b\u0107 84 cm<\/p>\n<p>&nbsp;<\/p>\n<p>The measurements given are the outer measurements of the garment measured flat without stretching.<\/p>\n<p>&nbsp;<\/p>\n<p>&nbsp;<\/p>","protected":false},"excerpt":{"rendered":"<p>Oryginalny produkt polskiej firmy La Milla &nbsp; Sk\u0142ad: 95% wiskoza, 5% elastan &nbsp; Rozmiar uniwersalny Szeroko\u015b\u0107 mi\u0119dzy pachami 55cm x2 Szeroko\u015b\u0107 w talii 45-50cm x2 Szeroko\u015b\u0107 na dole 60cm x2 D\u0142ugo\u015b\u0107 r\u0119kawa od dekoltu 76cm D\u0142ugo\u015b\u0107 r\u0119kawa od pachy 58cm D\u0142ugo\u015b\u0107 84 cm &nbsp; Podane wymiary to zewn\u0119trzne wymiary odzie\u017cy mierzone na p\u0142asko bez rozci\u0105gania. [&hellip;]<\/p>","protected":false},"featured_media":14640,"comment_status":"open","ping_status":"closed","template":"","meta":[],"product_brand":[],"product_cat":[94,20],"product_tag":[],"class_list":{"0":"post-14638","1":"product","2":"type-product","3":"status-publish","4":"has-post-thumbnail","6":"product_cat-nowosci","7":"product_cat-sukienki","9":"first","10":"instock","11":"shipping-taxable","12":"purchasable","13":"product-type-simple"},"_links":{"self":[{"href":"https:\/\/classysassybutik.pl\/en\/wp-json\/wp\/v2\/product\/14638","targetHints":{"allow":["GET"]}}],"collection":[{"href":"https:\/\/classysassybutik.pl\/en\/wp-json\/wp\/v2\/product"}],"about":[{"href":"https:\/\/classysassybutik.pl\/en\/wp-json\/wp\/v2\/types\/product"}],"replies":[{"embeddable":true,"href":"https:\/\/classysassybutik.pl\/en\/wp-json\/wp\/v2\/comments?post=14638"}],"wp:featuredmedia":[{"embeddable":true,"href":"https:\/\/classysassybutik.pl\/en\/wp-json\/wp\/v2\/media\/14640"}],"wp:attachment":[{"href":"https:\/\/classysassybutik.pl\/en\/wp-json\/wp\/v2\/media?parent=14638"}],"wp:term":[{"taxonomy":"product_brand","embeddable":true,"href":"https:\/\/classysassybutik.pl\/en\/wp-json\/wp\/v2\/product_brand?post=14638"},{"taxonomy":"product_cat","embeddable":true,"href":"https:\/\/classysassybutik.pl\/en\/wp-json\/wp\/v2\/product_cat?post=14638"},{"taxonomy":"product_tag","embeddable":true,"href":"https:\/\/classysassybutik.pl\/en\/wp-json\/wp\/v2\/product_tag?post=14638"}],"curies":[{"name":"wp","href":"https:\/\/api.w.org\/{rel}","templated":true}]}}