{"id":14651,"date":"2026-04-11T15:48:17","date_gmt":"2026-04-11T13:48:17","guid":{"rendered":"https:\/\/classysassybutik.pl\/?post_type=product&#038;p=14651"},"modified":"2026-04-11T15:48:18","modified_gmt":"2026-04-11T13:48:18","slug":"komplet-sweterkowy-rozowy-la-milla","status":"publish","type":"product","link":"https:\/\/classysassybutik.pl\/en\/product\/komplet-sweterkowy-rozowy-la-milla\/","title":{"rendered":"Komplet Sweterkowy R\u00f3\u017cowy La Milla"},"content":{"rendered":"<p>sk\u0142ad:50% wiskoza, 28% we\u0142na, 22% PA<\/p>\n<p>&nbsp;<\/p>\n<p style=\"text-align: left;\">wymiary:<\/p>\n<p>sweter<\/p>\n<p>d\u0142ugo\u015b\u0107 ca\u0142kowita: 65 cm<\/p>\n<p>szeroko\u015b\u0107 pod pachami: 59 cm x 2<\/p>\n<p>&nbsp;<\/p>\n<p>spodenki:<\/p>\n<p>szeroko\u015b\u0107 w pasie: 30 cm x 2 ( guma w pasie naci\u0105ga si\u0119 do 50 cm x 2)<\/p>\n<p>d\u0142ugo\u015b\u0107 ca\u0142kowita: 35 cm<\/p>","protected":false},"excerpt":{"rendered":"<p>sk\u0142ad:50% wiskoza, 28% we\u0142na, 22% PA &nbsp; wymiary: sweter d\u0142ugo\u015b\u0107 ca\u0142kowita: 65 cm szeroko\u015b\u0107 pod pachami: 59 cm x 2 &nbsp; spodenki: szeroko\u015b\u0107 w pasie: 30 cm x 2 ( guma w pasie naci\u0105ga si\u0119 do 50 cm x 2) d\u0142ugo\u015b\u0107 ca\u0142kowita: 35 cm<\/p>","protected":false},"featured_media":14652,"comment_status":"open","ping_status":"closed","template":"","meta":[],"product_brand":[],"product_cat":[94,21],"product_tag":[],"class_list":{"0":"post-14651","1":"product","2":"type-product","3":"status-publish","4":"has-post-thumbnail","6":"product_cat-nowosci","7":"product_cat-komplety","9":"first","10":"instock","11":"sale","12":"shipping-taxable","13":"purchasable","14":"product-type-simple"},"_links":{"self":[{"href":"https:\/\/classysassybutik.pl\/en\/wp-json\/wp\/v2\/product\/14651","targetHints":{"allow":["GET"]}}],"collection":[{"href":"https:\/\/classysassybutik.pl\/en\/wp-json\/wp\/v2\/product"}],"about":[{"href":"https:\/\/classysassybutik.pl\/en\/wp-json\/wp\/v2\/types\/product"}],"replies":[{"embeddable":true,"href":"https:\/\/classysassybutik.pl\/en\/wp-json\/wp\/v2\/comments?post=14651"}],"wp:featuredmedia":[{"embeddable":true,"href":"https:\/\/classysassybutik.pl\/en\/wp-json\/wp\/v2\/media\/14652"}],"wp:attachment":[{"href":"https:\/\/classysassybutik.pl\/en\/wp-json\/wp\/v2\/media?parent=14651"}],"wp:term":[{"taxonomy":"product_brand","embeddable":true,"href":"https:\/\/classysassybutik.pl\/en\/wp-json\/wp\/v2\/product_brand?post=14651"},{"taxonomy":"product_cat","embeddable":true,"href":"https:\/\/classysassybutik.pl\/en\/wp-json\/wp\/v2\/product_cat?post=14651"},{"taxonomy":"product_tag","embeddable":true,"href":"https:\/\/classysassybutik.pl\/en\/wp-json\/wp\/v2\/product_tag?post=14651"}],"curies":[{"name":"wp","href":"https:\/\/api.w.org\/{rel}","templated":true}]}}