{"id":14665,"date":"2026-04-14T14:46:38","date_gmt":"2026-04-14T12:46:38","guid":{"rendered":"https:\/\/classysassybutik.pl\/?post_type=product&#038;p=14665"},"modified":"2026-04-14T14:46:39","modified_gmt":"2026-04-14T12:46:39","slug":"tshirt-z-zamkiem-la-milla-czarny","status":"publish","type":"product","link":"https:\/\/classysassybutik.pl\/en\/product\/tshirt-z-zamkiem-la-milla-czarny\/","title":{"rendered":"Tshirt z Zamkiem La Milla Czarny"},"content":{"rendered":"<section>\n<div id=\"twig-container\" class=\"container-fluid px-0 mb-4\">\n<div class=\"container product-card\">\n<div class=\"product-card__full-desc\">\n<div id=\"__BVID__93\" class=\"tabs\">\n<div id=\"__BVID__93__BV_tab_container_\" class=\"tab-content\">\n<div id=\"__BVID__94\" class=\"tab-pane no-underline active\" role=\"tabpanel\" aria-hidden=\"false\" aria-labelledby=\"__BVID__94___BV_tab_button__\">\n<p><b>Composition:\u00a0<\/b>95% viscose, 5% elastane<\/p>\n<p>Tshirt z zamkiem to \u015bwietna baza stylizacji. Elastyczny materia\u0142 podkre\u015bli atuty Twojej sylwetki. Wykonanie z mi\u0142ej tkaniny.<\/p>\n<p>&#8211; zapi\u0119cie regulowane suwakiem przy biu\u015bcie<br \/>\n&#8211; elastyczny materia\u0142<br \/>\n&#8211; wiskoza w sk\u0142adzie<br \/>\n&#8211; kr\u00f3tki r\u0119kaw<br \/>\n&#8211; polska produkcja<\/p>\n<p><b>Dimensions:<\/b><\/p>\n<p>Overall length: 54 cm<br \/>\nObw\u00f3d w biu\u015bcie: od 80 cm do 110 cm<br \/>\nD\u0142ugo\u015b\u0107 r\u0119kawa od pachy: 7 cm<\/p>\n<p><b>Ubrania mierzone na p\u0142asko! Poszczeg\u00f3lne wymiary mog\u0105 r\u00f3\u017cni\u0107 si\u0119<\/b><\/p>\n<\/div>\n<\/div>\n<\/div>\n<\/div>\n<\/div>\n<\/div>\n<\/section>","protected":false},"excerpt":{"rendered":"<p>Sk\u0142ad:\u00a095% wiskoza, 5% elastan Tshirt z zamkiem to \u015bwietna baza stylizacji. Elastyczny materia\u0142 podkre\u015bli atuty Twojej sylwetki. Wykonanie z mi\u0142ej tkaniny. &#8211; zapi\u0119cie regulowane suwakiem przy biu\u015bcie &#8211; elastyczny materia\u0142 &#8211; wiskoza w sk\u0142adzie &#8211; kr\u00f3tki r\u0119kaw &#8211; polska produkcja Wymiary: D\u0142ugo\u015b\u0107 ca\u0142kowita: 54 cm Obw\u00f3d w biu\u015bcie: od 80 cm do 110 cm D\u0142ugo\u015b\u0107 [&hellip;]<\/p>","protected":false},"featured_media":14666,"comment_status":"open","ping_status":"closed","template":"","meta":[],"product_brand":[],"product_cat":[28,22],"product_tag":[],"class_list":{"0":"post-14665","1":"product","2":"type-product","3":"status-publish","4":"has-post-thumbnail","6":"product_cat-bluzki","7":"product_cat-tshirty","9":"first","10":"instock","11":"sale","12":"shipping-taxable","13":"purchasable","14":"product-type-simple"},"_links":{"self":[{"href":"https:\/\/classysassybutik.pl\/en\/wp-json\/wp\/v2\/product\/14665","targetHints":{"allow":["GET"]}}],"collection":[{"href":"https:\/\/classysassybutik.pl\/en\/wp-json\/wp\/v2\/product"}],"about":[{"href":"https:\/\/classysassybutik.pl\/en\/wp-json\/wp\/v2\/types\/product"}],"replies":[{"embeddable":true,"href":"https:\/\/classysassybutik.pl\/en\/wp-json\/wp\/v2\/comments?post=14665"}],"wp:featuredmedia":[{"embeddable":true,"href":"https:\/\/classysassybutik.pl\/en\/wp-json\/wp\/v2\/media\/14666"}],"wp:attachment":[{"href":"https:\/\/classysassybutik.pl\/en\/wp-json\/wp\/v2\/media?parent=14665"}],"wp:term":[{"taxonomy":"product_brand","embeddable":true,"href":"https:\/\/classysassybutik.pl\/en\/wp-json\/wp\/v2\/product_brand?post=14665"},{"taxonomy":"product_cat","embeddable":true,"href":"https:\/\/classysassybutik.pl\/en\/wp-json\/wp\/v2\/product_cat?post=14665"},{"taxonomy":"product_tag","embeddable":true,"href":"https:\/\/classysassybutik.pl\/en\/wp-json\/wp\/v2\/product_tag?post=14665"}],"curies":[{"name":"wp","href":"https:\/\/api.w.org\/{rel}","templated":true}]}}