{"id":14686,"date":"2026-04-14T14:56:18","date_gmt":"2026-04-14T12:56:18","guid":{"rendered":"https:\/\/classysassybutik.pl\/?post_type=product&#038;p=14686"},"modified":"2026-04-14T14:56:19","modified_gmt":"2026-04-14T12:56:19","slug":"spodenki-skorzane-plecionka-bordowe-la-milla","status":"publish","type":"product","link":"https:\/\/classysassybutik.pl\/en\/product\/spodenki-skorzane-plecionka-bordowe-la-milla\/","title":{"rendered":"Spodenki Sk\u00f3rzane Plecionka Bordowe La Milla"},"content":{"rendered":"<p><strong>DIMENSIONS:<\/strong><br \/>\n<strong>M:\u00a0<\/strong>d\u0142. zew. 31 cm, d\u0142. wew. 6 cm, pas 34 cm,<br \/>\n<strong>L:\u00a0<\/strong>d\u0142. zew. 32 cm, d\u0142. wew. 6 cm, pas 36 cm,<\/p>\n<p><strong>COMPOSITION:<\/strong><br \/>\n100% polyester<\/p>\n<p><strong>POLISH PRODUCT<\/strong><\/p>\n<p>Clothing measured flat. Possible difference in measurements +\/- 2cm.<\/p>","protected":false},"excerpt":{"rendered":"<p>WYMIARY: M:\u00a0d\u0142. zew. 31 cm, d\u0142. wew. 6 cm, pas 34 cm, L:\u00a0d\u0142. zew. 32 cm, d\u0142. wew. 6 cm, pas 36 cm, SK\u0141AD: 100% poliester PRODUKT POLSKI Ubranie mierzone na p\u0142asko. Mo\u017cliwa r\u00f3\u017cnica w wymiarach +\/- 2cm.<\/p>","protected":false},"featured_media":14687,"comment_status":"open","ping_status":"closed","template":"","meta":[],"product_brand":[],"product_cat":[110],"product_tag":[],"class_list":{"0":"post-14686","1":"product","2":"type-product","3":"status-publish","4":"has-post-thumbnail","6":"product_cat-spodenki","8":"first","9":"instock","10":"shipping-taxable","11":"purchasable","12":"product-type-variable"},"_links":{"self":[{"href":"https:\/\/classysassybutik.pl\/en\/wp-json\/wp\/v2\/product\/14686","targetHints":{"allow":["GET"]}}],"collection":[{"href":"https:\/\/classysassybutik.pl\/en\/wp-json\/wp\/v2\/product"}],"about":[{"href":"https:\/\/classysassybutik.pl\/en\/wp-json\/wp\/v2\/types\/product"}],"replies":[{"embeddable":true,"href":"https:\/\/classysassybutik.pl\/en\/wp-json\/wp\/v2\/comments?post=14686"}],"wp:featuredmedia":[{"embeddable":true,"href":"https:\/\/classysassybutik.pl\/en\/wp-json\/wp\/v2\/media\/14687"}],"wp:attachment":[{"href":"https:\/\/classysassybutik.pl\/en\/wp-json\/wp\/v2\/media?parent=14686"}],"wp:term":[{"taxonomy":"product_brand","embeddable":true,"href":"https:\/\/classysassybutik.pl\/en\/wp-json\/wp\/v2\/product_brand?post=14686"},{"taxonomy":"product_cat","embeddable":true,"href":"https:\/\/classysassybutik.pl\/en\/wp-json\/wp\/v2\/product_cat?post=14686"},{"taxonomy":"product_tag","embeddable":true,"href":"https:\/\/classysassybutik.pl\/en\/wp-json\/wp\/v2\/product_tag?post=14686"}],"curies":[{"name":"wp","href":"https:\/\/api.w.org\/{rel}","templated":true}]}}