{"id":14699,"date":"2026-04-14T15:02:32","date_gmt":"2026-04-14T13:02:32","guid":{"rendered":"https:\/\/classysassybutik.pl\/?post_type=product&#038;p=14699"},"modified":"2026-04-14T15:02:33","modified_gmt":"2026-04-14T13:02:33","slug":"spodnica-skorzana-plecionka-czarna-la-milla","status":"publish","type":"product","link":"https:\/\/classysassybutik.pl\/en\/product\/spodnica-skorzana-plecionka-czarna-la-milla\/","title":{"rendered":"Sp\u00f3dnica Sk\u00f3rzana Plecionka Czarna La Milla"},"content":{"rendered":"<p>XS dimensions:<\/p>\n<p>Overall length: 40 cm<\/p>\n<p>Obw\u00f3d w pasie: 62-66 cm<\/p>\n<p>Obw\u00f3d w biodrach: 84-88 cm<\/p>\n<p>&nbsp;<\/p>\n<p>S dimensions:<\/p>\n<p>Overall length: 40 cm<\/p>\n<p>Obw\u00f3d w pasie: 66-70 cm<\/p>\n<p>Obw\u00f3d w biodrach: 88-92 cm<\/p>\n<p>&nbsp;<\/p>\n<p>Dimensions M:<\/p>\n<p>Overall length: 40 cm<\/p>\n<p>Obw\u00f3d w pasie: 70-74 cm<\/p>\n<p>Obw\u00f3d w biodrach: 92-96 cm<\/p>\n<p>&nbsp;<\/p>\n<p>L dimensions:<\/p>\n<p>Overall length: 40 cm<\/p>\n<p>Obw\u00f3d w pasie: 74-78 cm<\/p>\n<p>Obw\u00f3d w biodrach: 96-100 cm<\/p>\n<p>&nbsp;<\/p>\n<p>&nbsp;<\/p>\n<p>&nbsp;<\/p>\n<p>Clothes measured flat. Individual measurements may vary +\/- 2 cm.<\/p>\n<p>&nbsp;<\/p>\n<p>Product designed and sewn in Poland.<\/p>","protected":false},"excerpt":{"rendered":"<p>Wymiary XS: D\u0142ugo\u015b\u0107 ca\u0142kowita: 40 cm Obw\u00f3d w pasie: 62-66 cm Obw\u00f3d w biodrach: 84-88 cm &nbsp; Wymiary S: D\u0142ugo\u015b\u0107 ca\u0142kowita: 40 cm Obw\u00f3d w pasie: 66-70 cm Obw\u00f3d w biodrach: 88-92 cm &nbsp; Wymiary M: D\u0142ugo\u015b\u0107 ca\u0142kowita: 40 cm Obw\u00f3d w pasie: 70-74 cm Obw\u00f3d w biodrach: 92-96 cm &nbsp; Wymiary L: D\u0142ugo\u015b\u0107 ca\u0142kowita: [&hellip;]<\/p>","protected":false},"featured_media":14700,"comment_status":"open","ping_status":"closed","template":"","meta":[],"product_brand":[],"product_cat":[31],"product_tag":[],"class_list":{"0":"post-14699","1":"product","2":"type-product","3":"status-publish","4":"has-post-thumbnail","6":"product_cat-spodnice","8":"first","9":"instock","10":"shipping-taxable","11":"purchasable","12":"product-type-variable"},"_links":{"self":[{"href":"https:\/\/classysassybutik.pl\/en\/wp-json\/wp\/v2\/product\/14699","targetHints":{"allow":["GET"]}}],"collection":[{"href":"https:\/\/classysassybutik.pl\/en\/wp-json\/wp\/v2\/product"}],"about":[{"href":"https:\/\/classysassybutik.pl\/en\/wp-json\/wp\/v2\/types\/product"}],"replies":[{"embeddable":true,"href":"https:\/\/classysassybutik.pl\/en\/wp-json\/wp\/v2\/comments?post=14699"}],"wp:featuredmedia":[{"embeddable":true,"href":"https:\/\/classysassybutik.pl\/en\/wp-json\/wp\/v2\/media\/14700"}],"wp:attachment":[{"href":"https:\/\/classysassybutik.pl\/en\/wp-json\/wp\/v2\/media?parent=14699"}],"wp:term":[{"taxonomy":"product_brand","embeddable":true,"href":"https:\/\/classysassybutik.pl\/en\/wp-json\/wp\/v2\/product_brand?post=14699"},{"taxonomy":"product_cat","embeddable":true,"href":"https:\/\/classysassybutik.pl\/en\/wp-json\/wp\/v2\/product_cat?post=14699"},{"taxonomy":"product_tag","embeddable":true,"href":"https:\/\/classysassybutik.pl\/en\/wp-json\/wp\/v2\/product_tag?post=14699"}],"curies":[{"name":"wp","href":"https:\/\/api.w.org\/{rel}","templated":true}]}}