{"id":14712,"date":"2026-04-14T15:18:55","date_gmt":"2026-04-14T13:18:55","guid":{"rendered":"https:\/\/classysassybutik.pl\/?post_type=product&#038;p=14712"},"modified":"2026-04-14T15:18:56","modified_gmt":"2026-04-14T13:18:56","slug":"komplet-dresowy-rozpinana-bluza-spodnie-rozowy","status":"publish","type":"product","link":"https:\/\/classysassybutik.pl\/en\/product\/komplet-dresowy-rozpinana-bluza-spodnie-rozowy\/","title":{"rendered":"Komplet Dresowy Rozpinana Bluza Spodnie R\u00f3\u017cowy"},"content":{"rendered":"<p>Composition:<\/p>\n<p>&nbsp;<\/p>\n<p>100% cotton<\/p>\n<p>Dimensions:<\/p>\n<p>Bluza d\u0142ugo\u015b\u0107: 62cm<\/p>\n<blockquote><p>Szeroko\u015b\u0107: 60cm x 2<\/p><\/blockquote>\n<p>Spodnie pas:33 -37 cm x 2 (gumka w pasie -rozci\u0105ga si\u0119 )<\/p>\n<p>&nbsp;<\/p>\n<p>All measurements are given flat without stretching the fabric. Possible size difference +\/- 2 cm.<\/p>","protected":false},"excerpt":{"rendered":"<p>Sk\u0142ad: &nbsp; 100% bawe\u0142na Wymiary: Bluza d\u0142ugo\u015b\u0107: 62cm Szeroko\u015b\u0107: 60cm x 2 Spodnie pas:33 -37 cm x 2 (gumka w pasie -rozci\u0105ga si\u0119 ) &nbsp; Wszystkie wymiary podawane s\u0105 na p\u0142asko nie naci\u0105gaj\u0105c materia\u0142u. Mo\u017cliwa r\u00f3\u017cnica w wymiarach +\/- 2 cm.<\/p>","protected":false},"featured_media":14714,"comment_status":"open","ping_status":"closed","template":"","meta":[],"product_brand":[],"product_cat":[21],"product_tag":[],"class_list":{"0":"post-14712","1":"product","2":"type-product","3":"status-publish","4":"has-post-thumbnail","6":"product_cat-komplety","8":"first","9":"instock","10":"shipping-taxable","11":"purchasable","12":"product-type-simple"},"_links":{"self":[{"href":"https:\/\/classysassybutik.pl\/en\/wp-json\/wp\/v2\/product\/14712","targetHints":{"allow":["GET"]}}],"collection":[{"href":"https:\/\/classysassybutik.pl\/en\/wp-json\/wp\/v2\/product"}],"about":[{"href":"https:\/\/classysassybutik.pl\/en\/wp-json\/wp\/v2\/types\/product"}],"replies":[{"embeddable":true,"href":"https:\/\/classysassybutik.pl\/en\/wp-json\/wp\/v2\/comments?post=14712"}],"wp:featuredmedia":[{"embeddable":true,"href":"https:\/\/classysassybutik.pl\/en\/wp-json\/wp\/v2\/media\/14714"}],"wp:attachment":[{"href":"https:\/\/classysassybutik.pl\/en\/wp-json\/wp\/v2\/media?parent=14712"}],"wp:term":[{"taxonomy":"product_brand","embeddable":true,"href":"https:\/\/classysassybutik.pl\/en\/wp-json\/wp\/v2\/product_brand?post=14712"},{"taxonomy":"product_cat","embeddable":true,"href":"https:\/\/classysassybutik.pl\/en\/wp-json\/wp\/v2\/product_cat?post=14712"},{"taxonomy":"product_tag","embeddable":true,"href":"https:\/\/classysassybutik.pl\/en\/wp-json\/wp\/v2\/product_tag?post=14712"}],"curies":[{"name":"wp","href":"https:\/\/api.w.org\/{rel}","templated":true}]}}