{"id":14732,"date":"2026-04-16T11:32:40","date_gmt":"2026-04-16T09:32:40","guid":{"rendered":"https:\/\/classysassybutik.pl\/?post_type=product&#038;p=14732"},"modified":"2026-04-16T11:32:41","modified_gmt":"2026-04-16T09:32:41","slug":"bluza-polo-paski-granatowa-la-milla","status":"publish","type":"product","link":"https:\/\/classysassybutik.pl\/en\/product\/bluza-polo-paski-granatowa-la-milla\/","title":{"rendered":"Bluza Polo Paski Granatowa La Milla"},"content":{"rendered":"<p>Oryginalny produkt La Milla Produkt Polski.<\/p>\n<p>&nbsp;<\/p>\n<p>Sk\u0142ad: 100% bawe\u0142na<\/p>\n<p>&nbsp;<\/p>\n<p>Rozmiar: Uniwersalny<\/p>\n<p>&nbsp;<\/p>\n<p>Dimensions:<\/p>\n<p>&nbsp;<\/p>\n<p>D\u0142ugo\u015b\u0107 ca\u0142kowita: 64 cm<\/p>\n<p>Szeroko\u015b\u0107 w biu\u015bcie: minimum 63cm- 68cm x2<\/p>\n<p>D\u0142ugo\u015b\u0107 r\u0119kawa od pachy: 52cm x2<\/p>\n<p>&nbsp;<\/p>\n<p>Clothes measured flat! Individual measurements may vary by +\/- 2 cm.<\/p>","protected":false},"excerpt":{"rendered":"<p>Oryginalny produkt La Milla Produkt Polski. &nbsp; Sk\u0142ad: 100% bawe\u0142na &nbsp; Rozmiar: Uniwersalny &nbsp; Wymiary: &nbsp; D\u0142ugo\u015b\u0107 ca\u0142kowita: 64 cm Szeroko\u015b\u0107 w biu\u015bcie: minimum 63cm- 68cm x2 D\u0142ugo\u015b\u0107 r\u0119kawa od pachy: 52cm x2 &nbsp; Ubrania mierzone na p\u0142asko! Poszczeg\u00f3lne wymiary mog\u0105 r\u00f3\u017cni\u0107 si\u0119 o +\/- 2 cm.<\/p>","protected":false},"featured_media":14733,"comment_status":"open","ping_status":"closed","template":"","meta":[],"product_brand":[],"product_cat":[27,94],"product_tag":[],"class_list":{"0":"post-14732","1":"product","2":"type-product","3":"status-publish","4":"has-post-thumbnail","6":"product_cat-bluzy","7":"product_cat-nowosci","9":"first","10":"instock","11":"shipping-taxable","12":"purchasable","13":"product-type-simple"},"_links":{"self":[{"href":"https:\/\/classysassybutik.pl\/en\/wp-json\/wp\/v2\/product\/14732","targetHints":{"allow":["GET"]}}],"collection":[{"href":"https:\/\/classysassybutik.pl\/en\/wp-json\/wp\/v2\/product"}],"about":[{"href":"https:\/\/classysassybutik.pl\/en\/wp-json\/wp\/v2\/types\/product"}],"replies":[{"embeddable":true,"href":"https:\/\/classysassybutik.pl\/en\/wp-json\/wp\/v2\/comments?post=14732"}],"wp:featuredmedia":[{"embeddable":true,"href":"https:\/\/classysassybutik.pl\/en\/wp-json\/wp\/v2\/media\/14733"}],"wp:attachment":[{"href":"https:\/\/classysassybutik.pl\/en\/wp-json\/wp\/v2\/media?parent=14732"}],"wp:term":[{"taxonomy":"product_brand","embeddable":true,"href":"https:\/\/classysassybutik.pl\/en\/wp-json\/wp\/v2\/product_brand?post=14732"},{"taxonomy":"product_cat","embeddable":true,"href":"https:\/\/classysassybutik.pl\/en\/wp-json\/wp\/v2\/product_cat?post=14732"},{"taxonomy":"product_tag","embeddable":true,"href":"https:\/\/classysassybutik.pl\/en\/wp-json\/wp\/v2\/product_tag?post=14732"}],"curies":[{"name":"wp","href":"https:\/\/api.w.org\/{rel}","templated":true}]}}