{"id":14799,"date":"2026-04-21T17:27:12","date_gmt":"2026-04-21T15:27:12","guid":{"rendered":"https:\/\/classysassybutik.pl\/?post_type=product&#038;p=14799"},"modified":"2026-04-21T17:27:13","modified_gmt":"2026-04-21T15:27:13","slug":"spodnie-koronkowe-bezowe-la-milla","status":"publish","type":"product","link":"https:\/\/classysassybutik.pl\/en\/product\/spodnie-koronkowe-bezowe-la-milla\/","title":{"rendered":"Spodnie Koronkowe Be\u017cowe La Milla"},"content":{"rendered":"<p>Spodnie uszyte z materia\u0142u koronkowego od La Milla. Posiadaj\u0105 wszyte komfortowe spodenki.<\/p>\n<p>&nbsp;<\/p>\n<p>The lace pattern may differ from the one in the photo.<\/p>\n<p>Original LaMilla product<\/p>\n<p>Composition: 95%viscose, 5%elastane<\/p>\n<p>&nbsp;<\/p>\n<p>Size XS:<\/p>\n<p>Szeroko\u015b\u0107 w pasie 30-40cm x2<\/p>\n<p>Szeroko\u015b\u0107 w biodrach 44cm x2<\/p>\n<p>D\u0142ugo\u015b\u0107 spodni 112cm<\/p>\n<p>Leg length from crotch 86cm<\/p>\n<p>thigh width 27cm x2<\/p>\n<p>Stan 27cm<\/p>\n<p>&nbsp;<\/p>\n<p>&nbsp;<\/p>\n<p>&nbsp;<\/p>\n<p>Size S<\/p>\n<p>Szeroko\u015b\u0107 w pasie 32-42cm x2<\/p>\n<p>Szeroko\u015b\u0107 w biodrach 46cm x2<\/p>\n<p>D\u0142ugo\u015b\u0107 spodni 112cm<\/p>\n<p>Leg length from crotch 86cm<\/p>\n<p>thigh width 27cm x2<\/p>\n<p>Stan 27cm<\/p>\n<p>&nbsp;<\/p>\n<p>&nbsp;<\/p>\n<p>&nbsp;<\/p>\n<p>Size M<\/p>\n<p>Szeroko\u015b\u0107 w pasie 34-44cm x2<\/p>\n<p>Szeroko\u015b\u0107 w biodrach 48cm x2<\/p>\n<p>D\u0142ugo\u015b\u0107 spodni 113cm<\/p>\n<p>Leg length from crotch 86cm<\/p>\n<p>thigh width 27cm x2<\/p>\n<p>Stan 27cm<\/p>","protected":false},"excerpt":{"rendered":"<p>Spodnie uszyte z materia\u0142u koronkowego od La Milla. Posiadaj\u0105 wszyte komfortowe spodenki. &nbsp; Wz\u00f3r koronki mo\u017ce r\u00f3\u017cnic si\u0119 od tego ze zdj\u0119cia. Oryginalny produkt LaMilla Sk\u0142ad: 95%wiskoza, 5%elastan &nbsp; Rozmiar XS: Szeroko\u015b\u0107 w pasie 30-40cm x2 Szeroko\u015b\u0107 w biodrach 44cm x2 D\u0142ugo\u015b\u0107 spodni 112cm D\u0142ugo\u015b\u0107 nogawki od kroku 86cm szeroko\u015b\u0107 w udzie 27cm x2 Stan [&hellip;]<\/p>","protected":false},"featured_media":14800,"comment_status":"open","ping_status":"closed","template":"","meta":[],"product_brand":[],"product_cat":[94,30],"product_tag":[],"class_list":{"0":"post-14799","1":"product","2":"type-product","3":"status-publish","4":"has-post-thumbnail","6":"product_cat-nowosci","7":"product_cat-spodnie","9":"first","10":"instock","11":"shipping-taxable","12":"purchasable","13":"product-type-variable"},"_links":{"self":[{"href":"https:\/\/classysassybutik.pl\/en\/wp-json\/wp\/v2\/product\/14799","targetHints":{"allow":["GET"]}}],"collection":[{"href":"https:\/\/classysassybutik.pl\/en\/wp-json\/wp\/v2\/product"}],"about":[{"href":"https:\/\/classysassybutik.pl\/en\/wp-json\/wp\/v2\/types\/product"}],"replies":[{"embeddable":true,"href":"https:\/\/classysassybutik.pl\/en\/wp-json\/wp\/v2\/comments?post=14799"}],"wp:featuredmedia":[{"embeddable":true,"href":"https:\/\/classysassybutik.pl\/en\/wp-json\/wp\/v2\/media\/14800"}],"wp:attachment":[{"href":"https:\/\/classysassybutik.pl\/en\/wp-json\/wp\/v2\/media?parent=14799"}],"wp:term":[{"taxonomy":"product_brand","embeddable":true,"href":"https:\/\/classysassybutik.pl\/en\/wp-json\/wp\/v2\/product_brand?post=14799"},{"taxonomy":"product_cat","embeddable":true,"href":"https:\/\/classysassybutik.pl\/en\/wp-json\/wp\/v2\/product_cat?post=14799"},{"taxonomy":"product_tag","embeddable":true,"href":"https:\/\/classysassybutik.pl\/en\/wp-json\/wp\/v2\/product_tag?post=14799"}],"curies":[{"name":"wp","href":"https:\/\/api.w.org\/{rel}","templated":true}]}}