{"id":14815,"date":"2026-04-23T09:01:21","date_gmt":"2026-04-23T07:01:21","guid":{"rendered":"https:\/\/classysassybutik.pl\/?post_type=product&#038;p=14815"},"modified":"2026-04-23T09:01:22","modified_gmt":"2026-04-23T07:01:22","slug":"komplet-bomberka-spodenki-cegla-la-milla","status":"publish","type":"product","link":"https:\/\/classysassybutik.pl\/en\/product\/komplet-bomberka-spodenki-cegla-la-milla\/","title":{"rendered":"Komplet Bomberka Spodenki Ceg\u0142a La Milla"},"content":{"rendered":"<p>Stylowy komplet w soczystym odcieniu ceglastym sk\u0142adaj\u0105cy si\u0119 z kurtki oraz spodenek.<\/p>\n<p><em>Bomberka zapinana na zamek, posiada szerokie, bufiaste r\u0119kawy zako\u0144czone gumkami.<\/em><\/p>\n<p><em>\u015aci\u0105gacz w pasie podkre\u015bla tali\u0119 i tworzy fason bomberki.<\/em><\/p>\n<p>Styl oraz komfort w wydaniu casual.<\/p>\n<ul>\n<li>Lu\u017ana kurtka zapinana na suwak o fasonie bomberki oraz spodenki o specjalnym fasonie, wydluzaj\u0105cym nogi.<\/li>\n<li>Idealny wyb\u00f3r na co dzie\u0144 je\u015bli chcesz czu\u0107 sie komfortowo i jednocze\u015bnie wygl\u0105da\u0107 stylowo.<\/li>\n<\/ul>\n<p><em><strong>WYMIARY KURTKI\u00a0<\/strong><\/em><\/p>\n<p><em>od pachy do pachy 110 cm<\/em><\/p>\n<p><em>pas 90 cm max<\/em><\/p>\n<p><em>r\u0119kaw 65 cm<\/em><\/p>\n<p><em>d\u0142ugo\u015b\u0107 ca\u0142kowita 46 cm<\/em><\/p>\n<p><em><strong>WYMIARY XS\/S<\/strong><\/em><\/p>\n<p><em>pas 68 cm- 88 cm<\/em><\/p>\n<p><em>biodra 120 cm<\/em><\/p>\n<p><em>d\u0142ugo\u015b\u0107 prz\u00f3d 34 cm<\/em><\/p>\n<p><em>d\u0142ugo\u015b\u0107 ty\u0142 38 cm<\/em><\/p>","protected":false},"excerpt":{"rendered":"<p>Stylowy komplet w soczystym odcieniu ceglastym sk\u0142adaj\u0105cy si\u0119 z kurtki oraz spodenek. Bomberka zapinana na zamek, posiada szerokie, bufiaste r\u0119kawy zako\u0144czone gumkami. \u015aci\u0105gacz w pasie podkre\u015bla tali\u0119 i tworzy fason bomberki. Styl oraz komfort w wydaniu casual. Lu\u017ana kurtka zapinana na suwak o fasonie bomberki oraz spodenki o specjalnym fasonie, wydluzaj\u0105cym nogi. Idealny wyb\u00f3r na [&hellip;]<\/p>","protected":false},"featured_media":14816,"comment_status":"open","ping_status":"closed","template":"","meta":[],"product_brand":[],"product_cat":[21,94],"product_tag":[],"class_list":{"0":"post-14815","1":"product","2":"type-product","3":"status-publish","4":"has-post-thumbnail","6":"product_cat-komplety","7":"product_cat-nowosci","9":"first","10":"instock","11":"shipping-taxable","12":"purchasable","13":"product-type-simple"},"_links":{"self":[{"href":"https:\/\/classysassybutik.pl\/en\/wp-json\/wp\/v2\/product\/14815","targetHints":{"allow":["GET"]}}],"collection":[{"href":"https:\/\/classysassybutik.pl\/en\/wp-json\/wp\/v2\/product"}],"about":[{"href":"https:\/\/classysassybutik.pl\/en\/wp-json\/wp\/v2\/types\/product"}],"replies":[{"embeddable":true,"href":"https:\/\/classysassybutik.pl\/en\/wp-json\/wp\/v2\/comments?post=14815"}],"wp:featuredmedia":[{"embeddable":true,"href":"https:\/\/classysassybutik.pl\/en\/wp-json\/wp\/v2\/media\/14816"}],"wp:attachment":[{"href":"https:\/\/classysassybutik.pl\/en\/wp-json\/wp\/v2\/media?parent=14815"}],"wp:term":[{"taxonomy":"product_brand","embeddable":true,"href":"https:\/\/classysassybutik.pl\/en\/wp-json\/wp\/v2\/product_brand?post=14815"},{"taxonomy":"product_cat","embeddable":true,"href":"https:\/\/classysassybutik.pl\/en\/wp-json\/wp\/v2\/product_cat?post=14815"},{"taxonomy":"product_tag","embeddable":true,"href":"https:\/\/classysassybutik.pl\/en\/wp-json\/wp\/v2\/product_tag?post=14815"}],"curies":[{"name":"wp","href":"https:\/\/api.w.org\/{rel}","templated":true}]}}