{"id":14822,"date":"2026-04-23T09:06:41","date_gmt":"2026-04-23T07:06:41","guid":{"rendered":"https:\/\/classysassybutik.pl\/?post_type=product&#038;p=14822"},"modified":"2026-04-23T09:06:41","modified_gmt":"2026-04-23T07:06:41","slug":"bluzka-koronkowa-boho-bezowa-la-milla","status":"publish","type":"product","link":"https:\/\/classysassybutik.pl\/en\/product\/bluzka-koronkowa-boho-bezowa-la-milla\/","title":{"rendered":"Bluzka Koronkowa Boho Be\u017cowa La Milla"},"content":{"rendered":"<p style=\"text-align: left;\">Delikatna, kobieca i pe\u0142na uroku \u2013 bluzka koronkowa z falbaniastym r\u0119kawem to propozycja dla os\u00f3b, kt\u00f3re ceni\u0105 subtelne detale i elegancki styl. Wykonana z koronki, pi\u0119knie uk\u0142ada si\u0119 na sylwetce, dodaj\u0105c lekko\u015bci i romantyzmu ka\u017cdej stylizacji.<\/p>","protected":false},"excerpt":{"rendered":"<p>Delikatna, kobieca i pe\u0142na uroku \u2013 bluzka koronkowa z falbaniastym r\u0119kawem to propozycja dla os\u00f3b, kt\u00f3re ceni\u0105 subtelne detale i elegancki styl. Wykonana z koronki, pi\u0119knie uk\u0142ada si\u0119 na sylwetce, dodaj\u0105c lekko\u015bci i romantyzmu ka\u017cdej stylizacji.<\/p>","protected":false},"featured_media":14823,"comment_status":"open","ping_status":"closed","template":"","meta":[],"product_brand":[],"product_cat":[28,94],"product_tag":[],"class_list":{"0":"post-14822","1":"product","2":"type-product","3":"status-publish","4":"has-post-thumbnail","6":"product_cat-bluzki","7":"product_cat-nowosci","9":"first","10":"instock","11":"shipping-taxable","12":"purchasable","13":"product-type-simple"},"_links":{"self":[{"href":"https:\/\/classysassybutik.pl\/en\/wp-json\/wp\/v2\/product\/14822","targetHints":{"allow":["GET"]}}],"collection":[{"href":"https:\/\/classysassybutik.pl\/en\/wp-json\/wp\/v2\/product"}],"about":[{"href":"https:\/\/classysassybutik.pl\/en\/wp-json\/wp\/v2\/types\/product"}],"replies":[{"embeddable":true,"href":"https:\/\/classysassybutik.pl\/en\/wp-json\/wp\/v2\/comments?post=14822"}],"wp:featuredmedia":[{"embeddable":true,"href":"https:\/\/classysassybutik.pl\/en\/wp-json\/wp\/v2\/media\/14823"}],"wp:attachment":[{"href":"https:\/\/classysassybutik.pl\/en\/wp-json\/wp\/v2\/media?parent=14822"}],"wp:term":[{"taxonomy":"product_brand","embeddable":true,"href":"https:\/\/classysassybutik.pl\/en\/wp-json\/wp\/v2\/product_brand?post=14822"},{"taxonomy":"product_cat","embeddable":true,"href":"https:\/\/classysassybutik.pl\/en\/wp-json\/wp\/v2\/product_cat?post=14822"},{"taxonomy":"product_tag","embeddable":true,"href":"https:\/\/classysassybutik.pl\/en\/wp-json\/wp\/v2\/product_tag?post=14822"}],"curies":[{"name":"wp","href":"https:\/\/api.w.org\/{rel}","templated":true}]}}