{"id":1945,"date":"2023-10-13T10:08:04","date_gmt":"2023-10-13T08:08:04","guid":{"rendered":"https:\/\/classysassybutik.pl\/?post_type=product&#038;p=1945"},"modified":"2024-10-30T15:54:05","modified_gmt":"2024-10-30T14:54:05","slug":"sweterek-golden-czarny","status":"publish","type":"product","link":"https:\/\/classysassybutik.pl\/en\/product\/sweterek-golden-czarny\/","title":{"rendered":"Golden black jumper"},"content":{"rendered":"<p><span data-contrast=\"none\">A gorgeous, unfussy jumper made from ribbed fabric, it fits wonderfully to the figure. Complementing this look are gold embellishments and pearls.<\/span><span data-ccp-props=\"{&quot;134233117&quot;:false,&quot;134233118&quot;:true,&quot;201341983&quot;:0,&quot;335559738&quot;:0,&quot;335559740&quot;:240}\">\u00a0<\/span><\/p>\n<p><span data-contrast=\"none\">Material composition: 68% viscose, 32% polyester<\/span><span data-ccp-props=\"{&quot;134233117&quot;:false,&quot;134233118&quot;:true,&quot;201341983&quot;:0,&quot;335551550&quot;:2,&quot;335551620&quot;:2,&quot;335559738&quot;:0,&quot;335559740&quot;:240}\">\u00a0<\/span><\/p>\n<p><span data-contrast=\"none\">Imported product<\/span><span data-ccp-props=\"{&quot;134233117&quot;:false,&quot;134233118&quot;:true,&quot;201341983&quot;:0,&quot;335551550&quot;:2,&quot;335551620&quot;:2,&quot;335559738&quot;:0,&quot;335559740&quot;:240}\">\u00a0<\/span><\/p>\n<p><span data-contrast=\"none\">Model: 168 cm tall, size for presentation universal<\/span><span data-ccp-props=\"{&quot;134233117&quot;:false,&quot;134233118&quot;:true,&quot;201341983&quot;:0,&quot;335551550&quot;:2,&quot;335551620&quot;:2,&quot;335559738&quot;:0,&quot;335559740&quot;:240}\">\u00a0<\/span><\/p>\n<p><span data-contrast=\"none\">Dimensions:<\/span><span data-ccp-props=\"{&quot;134233117&quot;:false,&quot;134233118&quot;:true,&quot;201341983&quot;:0,&quot;335551550&quot;:2,&quot;335551620&quot;:2,&quot;335559738&quot;:0,&quot;335559740&quot;:240}\">\u00a0<\/span><\/p>\n<p><span data-contrast=\"none\">Overall length: 54 cm<\/span><br \/>\n<span data-contrast=\"none\">Bust width: 42 cm x2<\/span><br \/>\n<span data-contrast=\"none\">Sleeve length: 57 cm<\/span><span data-ccp-props=\"{&quot;134233117&quot;:false,&quot;134233118&quot;:true,&quot;201341983&quot;:0,&quot;335551550&quot;:2,&quot;335551620&quot;:2,&quot;335559738&quot;:0,&quot;335559740&quot;:240}\">\u00a0<\/span><\/p>\n<p><span data-contrast=\"none\">Product measured flat. Dimensions +\/-2 cm.<\/span><span data-ccp-props=\"{&quot;134233117&quot;:false,&quot;134233118&quot;:true,&quot;201341983&quot;:0,&quot;335551550&quot;:2,&quot;335551620&quot;:2,&quot;335559738&quot;:0,&quot;335559740&quot;:240}\">\u00a0<\/span><\/p>","protected":false},"excerpt":{"rendered":"<p>Wspania\u0142y, nietuzinkowy sweterek wykony z pr\u0105\u017ckowanej tkaniny, cudownie dopasowuje si\u0119 do figury. Uzupe\u0142nieniem tego looku s\u0105 z\u0142ote ozdoby i pere\u0142ki.\u00a0 Sk\u0142ad materia\u0142u: 68% wiskoza, 32% poliester\u00a0 Produkt importowany\u00a0 Modelka: 168 cm wzrostu, rozmiar do prezentacji uniwersalny\u00a0 Wymiary:\u00a0 D\u0142ugo\u015b\u0107 ca\u0142kowita: 54 cm Szeroko\u015b\u0107 w\u202fbiu\u015bcie: 42 cm x2 D\u0142ugo\u015b\u0107 r\u0119kawa: 57 cm\u00a0 Produkt mierzony na p\u0142asko. Wymiary [&hellip;]<\/p>","protected":false},"featured_media":1946,"comment_status":"open","ping_status":"closed","template":"","meta":[],"product_brand":[],"product_cat":[16,33],"product_tag":[],"class_list":{"0":"post-1945","1":"product","2":"type-product","3":"status-publish","4":"has-post-thumbnail","6":"product_cat-swetry","7":"product_cat-wyprzedaz","9":"first","10":"instock","11":"sale","12":"shipping-taxable","13":"purchasable","14":"product-type-simple"},"_links":{"self":[{"href":"https:\/\/classysassybutik.pl\/en\/wp-json\/wp\/v2\/product\/1945","targetHints":{"allow":["GET"]}}],"collection":[{"href":"https:\/\/classysassybutik.pl\/en\/wp-json\/wp\/v2\/product"}],"about":[{"href":"https:\/\/classysassybutik.pl\/en\/wp-json\/wp\/v2\/types\/product"}],"replies":[{"embeddable":true,"href":"https:\/\/classysassybutik.pl\/en\/wp-json\/wp\/v2\/comments?post=1945"}],"wp:featuredmedia":[{"embeddable":true,"href":"https:\/\/classysassybutik.pl\/en\/wp-json\/wp\/v2\/media\/1946"}],"wp:attachment":[{"href":"https:\/\/classysassybutik.pl\/en\/wp-json\/wp\/v2\/media?parent=1945"}],"wp:term":[{"taxonomy":"product_brand","embeddable":true,"href":"https:\/\/classysassybutik.pl\/en\/wp-json\/wp\/v2\/product_brand?post=1945"},{"taxonomy":"product_cat","embeddable":true,"href":"https:\/\/classysassybutik.pl\/en\/wp-json\/wp\/v2\/product_cat?post=1945"},{"taxonomy":"product_tag","embeddable":true,"href":"https:\/\/classysassybutik.pl\/en\/wp-json\/wp\/v2\/product_tag?post=1945"}],"curies":[{"name":"wp","href":"https:\/\/api.w.org\/{rel}","templated":true}]}}