{"id":2005,"date":"2023-10-13T10:37:43","date_gmt":"2023-10-13T08:37:43","guid":{"rendered":"https:\/\/classysassybutik.pl\/?post_type=product&#038;p=2005"},"modified":"2025-03-10T10:51:44","modified_gmt":"2025-03-10T09:51:44","slug":"pikowana-kamizelka","status":"publish","type":"product","link":"https:\/\/classysassybutik.pl\/en\/product\/pikowana-kamizelka\/","title":{"rendered":"Quilted waistcoat"},"content":{"rendered":"<p><span data-contrast=\"none\">This quilted waistcoat with an extended back will definitely add character to many an autumn look. It has a zip fastening, pockets and a hood. This model is lightly insulated with synthetic down, so it is a really good choice for colder days. It will perfectly present itself in the everyday, comfortable loos of any modern woman.<\/span><span data-ccp-props=\"{&quot;134233117&quot;:true,&quot;134233118&quot;:true,&quot;201341983&quot;:2,&quot;335559739&quot;:160,&quot;335559740&quot;:347}\">\u00a0<\/span><\/p>\n<p><span data-contrast=\"none\">Polish product<\/span><span data-ccp-props=\"{&quot;201341983&quot;:2,&quot;335559738&quot;:210,&quot;335559739&quot;:210,&quot;335559740&quot;:347}\">\u00a0<\/span><\/p>\n<p><span data-ccp-props=\"{&quot;134233117&quot;:true,&quot;134233118&quot;:true,&quot;201341983&quot;:2,&quot;335559739&quot;:160,&quot;335559740&quot;:347}\">\u00a0<\/span><\/p>\n<p><span data-contrast=\"none\">Overall length - Front 69cm Back 86cm<\/span><br \/>\n<span data-contrast=\"none\">Width from armpit to armpit - 100 cm<\/span><br \/>\n<span data-contrast=\"none\">Waist width - 110cm<\/span><br \/>\n<span data-ccp-props=\"{&quot;134233117&quot;:true,&quot;134233118&quot;:true,&quot;201341983&quot;:2,&quot;335559739&quot;:160,&quot;335559740&quot;:347}\">\u00a0<\/span><\/p>\n<p><span data-contrast=\"none\">Material composition:<\/span><br \/>\n<span data-contrast=\"none\">100% Polyester<\/span><span data-contrast=\"none\">,\u00a0<\/span><span data-ccp-props=\"{&quot;134233117&quot;:false,&quot;134233118&quot;:false,&quot;201341983&quot;:2,&quot;335559738&quot;:0,&quot;335559739&quot;:0,&quot;335559740&quot;:336}\">\u00a0<\/span><\/p>\n<p><span data-contrast=\"none\">Model: 168 cm tall, size for presentation universal<\/span><span data-ccp-props=\"{&quot;134233117&quot;:false,&quot;134233118&quot;:true,&quot;201341983&quot;:0,&quot;335551550&quot;:2,&quot;335551620&quot;:2,&quot;335559738&quot;:0,&quot;335559740&quot;:240}\">\u00a0<\/span><\/p>\n<p><span data-contrast=\"none\">Product measured flat. Dimensions +\/-2 cm.<\/span><span data-ccp-props=\"{&quot;134233117&quot;:false,&quot;134233118&quot;:true,&quot;201341983&quot;:0,&quot;335551550&quot;:2,&quot;335551620&quot;:2,&quot;335559738&quot;:0,&quot;335559740&quot;:240}\">\u00a0<\/span><\/p>","protected":false},"excerpt":{"rendered":"<p>Pikowana kamizelka o wyd\u0142u\u017conym tyle zdecydowanie nada charakteru niejednej jesiennej stylizacji. Zapinana jest na suwak, posiada kieszenie, a tak\u017ce kaptur. Ten model jest delikatnie ocieplany puchem syntetycznym, dlatego to naprawd\u0119 dobry wyb\u00f3r na ch\u0142odniejsze dni. Doskonale zaprezentuje si\u0119 w codziennych, wygodnych lookach ka\u017cdej nowoczesnej kobiety.\u00a0 Produkt polski\u00a0 \u00a0 D\u0142. ca\u0142kowita \u2013 Prz\u00f3d 69cm Ty\u0142 86cm [&hellip;]<\/p>","protected":false},"featured_media":2006,"comment_status":"open","ping_status":"closed","template":"","meta":[],"product_brand":[],"product_cat":[32,33],"product_tag":[],"class_list":{"0":"post-2005","1":"product","2":"type-product","3":"status-publish","4":"has-post-thumbnail","6":"product_cat-okrycia-wierzchnie","7":"product_cat-wyprzedaz","9":"first","10":"instock","11":"sale","12":"shipping-taxable","13":"purchasable","14":"product-type-simple"},"_links":{"self":[{"href":"https:\/\/classysassybutik.pl\/en\/wp-json\/wp\/v2\/product\/2005","targetHints":{"allow":["GET"]}}],"collection":[{"href":"https:\/\/classysassybutik.pl\/en\/wp-json\/wp\/v2\/product"}],"about":[{"href":"https:\/\/classysassybutik.pl\/en\/wp-json\/wp\/v2\/types\/product"}],"replies":[{"embeddable":true,"href":"https:\/\/classysassybutik.pl\/en\/wp-json\/wp\/v2\/comments?post=2005"}],"wp:featuredmedia":[{"embeddable":true,"href":"https:\/\/classysassybutik.pl\/en\/wp-json\/wp\/v2\/media\/2006"}],"wp:attachment":[{"href":"https:\/\/classysassybutik.pl\/en\/wp-json\/wp\/v2\/media?parent=2005"}],"wp:term":[{"taxonomy":"product_brand","embeddable":true,"href":"https:\/\/classysassybutik.pl\/en\/wp-json\/wp\/v2\/product_brand?post=2005"},{"taxonomy":"product_cat","embeddable":true,"href":"https:\/\/classysassybutik.pl\/en\/wp-json\/wp\/v2\/product_cat?post=2005"},{"taxonomy":"product_tag","embeddable":true,"href":"https:\/\/classysassybutik.pl\/en\/wp-json\/wp\/v2\/product_tag?post=2005"}],"curies":[{"name":"wp","href":"https:\/\/api.w.org\/{rel}","templated":true}]}}