{"id":2284,"date":"2023-10-19T12:05:24","date_gmt":"2023-10-19T10:05:24","guid":{"rendered":"https:\/\/classysassybutik.pl\/?post_type=product&#038;p=2284"},"modified":"2023-10-19T12:05:41","modified_gmt":"2023-10-19T10:05:41","slug":"kareta-podarunkowa-100-zl","status":"publish","type":"product","link":"https:\/\/classysassybutik.pl\/en\/product\/kareta-podarunkowa-100-zl\/","title":{"rendered":"Gift Card 100 PLN"},"content":{"rendered":"<p>You will receive a gift card of the amount of your choice in the form of an elegant printed card packaged in a beautiful envelope.<\/p>\n<p>The card is valid for 3 months from the date of purchase.<\/p>","protected":false},"excerpt":{"rendered":"<p>Kart\u0119 podarunkow\u0105 o\u00a0wybranej kwocie otrzymasz w\u00a0formie eleganckiej, drukowanej karty zapakowanej w\u00a0pi\u0119kn\u0105 kopert\u0119. Karta wa\u017cna jest przez 3 miesi\u0105ce od daty zakupu.<\/p>","protected":false},"featured_media":2285,"comment_status":"open","ping_status":"closed","template":"","meta":[],"product_brand":[],"product_cat":[34],"product_tag":[],"class_list":{"0":"post-2284","1":"product","2":"type-product","3":"status-publish","4":"has-post-thumbnail","6":"product_cat-gift-card","8":"first","9":"instock","10":"shipping-taxable","11":"purchasable","12":"product-type-simple"},"_links":{"self":[{"href":"https:\/\/classysassybutik.pl\/en\/wp-json\/wp\/v2\/product\/2284","targetHints":{"allow":["GET"]}}],"collection":[{"href":"https:\/\/classysassybutik.pl\/en\/wp-json\/wp\/v2\/product"}],"about":[{"href":"https:\/\/classysassybutik.pl\/en\/wp-json\/wp\/v2\/types\/product"}],"replies":[{"embeddable":true,"href":"https:\/\/classysassybutik.pl\/en\/wp-json\/wp\/v2\/comments?post=2284"}],"wp:featuredmedia":[{"embeddable":true,"href":"https:\/\/classysassybutik.pl\/en\/wp-json\/wp\/v2\/media\/2285"}],"wp:attachment":[{"href":"https:\/\/classysassybutik.pl\/en\/wp-json\/wp\/v2\/media?parent=2284"}],"wp:term":[{"taxonomy":"product_brand","embeddable":true,"href":"https:\/\/classysassybutik.pl\/en\/wp-json\/wp\/v2\/product_brand?post=2284"},{"taxonomy":"product_cat","embeddable":true,"href":"https:\/\/classysassybutik.pl\/en\/wp-json\/wp\/v2\/product_cat?post=2284"},{"taxonomy":"product_tag","embeddable":true,"href":"https:\/\/classysassybutik.pl\/en\/wp-json\/wp\/v2\/product_tag?post=2284"}],"curies":[{"name":"wp","href":"https:\/\/api.w.org\/{rel}","templated":true}]}}