{"id":2491,"date":"2023-12-01T14:02:31","date_gmt":"2023-12-01T13:02:31","guid":{"rendered":"https:\/\/classysassybutik.pl\/?post_type=product&#038;p=2491"},"modified":"2024-10-30T15:55:21","modified_gmt":"2024-10-30T14:55:21","slug":"sweterek-azurek-czarny","status":"publish","type":"product","link":"https:\/\/classysassybutik.pl\/en\/product\/sweterek-azurek-czarny\/","title":{"rendered":"Black Chain Locker Sweater"},"content":{"rendered":"<p>&nbsp;<\/p>\n<p>An exquisite black openwork jumper enriched with silver jeans will make any outfit look special.<\/p>\n<p>&nbsp;<\/p>\n<p>ADDITIONAL INFORMATION<\/p>\n<p>Imported product.<\/p>\n<p>Dimensions may vary +\/- 2 cm from those shown on the website.<\/p>\n<p>&nbsp;<\/p>\n<p>Model: height 168cm .<\/p>\n<ul>\n<li>COMPOSITION<\/li>\n<\/ul>\n<p>the material is flexible 40% acrylic \/ 30% nylon \/ 30% wool<\/p>\n<p>&nbsp;<\/p>\n<p>&nbsp;<\/p>\n<table>\n<tbody>\n<tr>\n<td><strong>SIZE<\/strong><\/td>\n<td><strong>UNI<\/strong><\/td>\n<\/tr>\n<tr>\n<td><\/td>\n<td><\/td>\n<\/tr>\n<tr>\n<td>Overall length (cm)<\/td>\n<td>58<\/td>\n<\/tr>\n<tr>\n<td>Sleeve length (cm)<\/td>\n<td>65<\/td>\n<\/tr>\n<tr>\n<td>Bust circumference (cm)<\/td>\n<td>up to 116<\/td>\n<\/tr>\n<\/tbody>\n<\/table>\n<p>&nbsp;<\/p>","protected":false},"excerpt":{"rendered":"<p>&nbsp; Przecudowny sweterek a\u017curek czarny wzbogacony o srebrne d\u017ceciki, sprawi, \u017ce ka\u017cda stylizacja b\u0119dzie wygl\u0105da\u0107 wyj\u0105tkowo. &nbsp; INFORMACJE DODATKOWE Produkt importowany. Wymiary mog\u0105 si\u0119 r\u00f3\u017cni\u0107 +\/- 2\u00a0cm w\u00a0stosunku do podanych wymiar\u00f3w na stronie. &nbsp; Modelka: wzrost 168cm . SK\u0141AD materia\u0142 jest elastyczny 40% akryl \/ 30% nylon\/ 30% we\u0142na &nbsp; &nbsp; ROZMIAR UNI D\u0142ugo\u015b\u0107 ca\u0142kowita [&hellip;]<\/p>","protected":false},"featured_media":2492,"comment_status":"open","ping_status":"closed","template":"","meta":[],"product_brand":[],"product_cat":[16,33],"product_tag":[],"class_list":{"0":"post-2491","1":"product","2":"type-product","3":"status-publish","4":"has-post-thumbnail","6":"product_cat-swetry","7":"product_cat-wyprzedaz","9":"first","10":"instock","11":"sale","12":"shipping-taxable","13":"purchasable","14":"product-type-simple"},"_links":{"self":[{"href":"https:\/\/classysassybutik.pl\/en\/wp-json\/wp\/v2\/product\/2491","targetHints":{"allow":["GET"]}}],"collection":[{"href":"https:\/\/classysassybutik.pl\/en\/wp-json\/wp\/v2\/product"}],"about":[{"href":"https:\/\/classysassybutik.pl\/en\/wp-json\/wp\/v2\/types\/product"}],"replies":[{"embeddable":true,"href":"https:\/\/classysassybutik.pl\/en\/wp-json\/wp\/v2\/comments?post=2491"}],"wp:featuredmedia":[{"embeddable":true,"href":"https:\/\/classysassybutik.pl\/en\/wp-json\/wp\/v2\/media\/2492"}],"wp:attachment":[{"href":"https:\/\/classysassybutik.pl\/en\/wp-json\/wp\/v2\/media?parent=2491"}],"wp:term":[{"taxonomy":"product_brand","embeddable":true,"href":"https:\/\/classysassybutik.pl\/en\/wp-json\/wp\/v2\/product_brand?post=2491"},{"taxonomy":"product_cat","embeddable":true,"href":"https:\/\/classysassybutik.pl\/en\/wp-json\/wp\/v2\/product_cat?post=2491"},{"taxonomy":"product_tag","embeddable":true,"href":"https:\/\/classysassybutik.pl\/en\/wp-json\/wp\/v2\/product_tag?post=2491"}],"curies":[{"name":"wp","href":"https:\/\/api.w.org\/{rel}","templated":true}]}}