{"id":3013,"date":"2024-03-10T20:54:28","date_gmt":"2024-03-10T19:54:28","guid":{"rendered":"https:\/\/classysassybutik.pl\/?post_type=product&#038;p=3013"},"modified":"2024-04-02T15:29:16","modified_gmt":"2024-04-02T13:29:16","slug":"spodnica-jeansowa-dolce","status":"publish","type":"product","link":"https:\/\/classysassybutik.pl\/en\/product\/spodnica-jeansowa-dolce\/","title":{"rendered":"Dolce Jeans Skirt"},"content":{"rendered":"<p class=\"product_title entry-title\"><strong>DOLCE JEANS NIT skirt\u00a0<\/strong><\/p>\n<div class=\"woocommerce-product-details__short-description\">\n<p>The DOLCE skirt is our latest offering!<\/p>\n<p>Higher rise, zipped, elasticated, belt included.<\/p>\n<\/div>\n<p>SIZE CHART<\/p>\n<table>\n<tbody>\n<tr>\n<td><strong>SIZE<\/strong><\/td>\n<td><strong>S<\/strong><\/td>\n<td><strong>L<\/strong><\/td>\n<\/tr>\n<tr>\n<td><\/td>\n<td><\/td>\n<td><\/td>\n<\/tr>\n<tr>\n<td><\/td>\n<td><\/td>\n<td><\/td>\n<\/tr>\n<tr>\n<td>Overall length (cm)<\/td>\n<td>74<\/td>\n<td>75<\/td>\n<\/tr>\n<tr>\n<td>Waist circumference (cm)<\/td>\n<td>up to 78<\/td>\n<td>up to 88<\/td>\n<\/tr>\n<tr>\n<td>Hip circumference (cm)<\/td>\n<td>up to 100<\/td>\n<td>up to 106<\/td>\n<\/tr>\n<\/tbody>\n<\/table>\n<p>&nbsp;<\/p>","protected":false},"excerpt":{"rendered":"<p>Sp\u00f3dnica DOLCE JEANSOWA NITY\u00a0 Sp\u00f3dnica DOLCE to nasza najnowsza propozycja! Wy\u017cszy stan, zapinana na suwak, elastyczna, pasek w komplecie. TABELA ROZMIAR\u00d3W ROZMIAR S L D\u0142ugo\u015b\u0107 ca\u0142kowita (cm) 74 75 Obw\u00f3d w pasie(cm) do 78 do 88 Obw\u00f3d w biodrach (cm) do 100 do 106 &nbsp;<\/p>","protected":false},"featured_media":3014,"comment_status":"open","ping_status":"closed","template":"","meta":[],"product_brand":[],"product_cat":[94,31],"product_tag":[],"class_list":{"0":"post-3013","1":"product","2":"type-product","3":"status-publish","4":"has-post-thumbnail","6":"product_cat-nowosci","7":"product_cat-spodnice","9":"first","10":"instock","11":"sale","12":"shipping-taxable","13":"purchasable","14":"product-type-variable"},"_links":{"self":[{"href":"https:\/\/classysassybutik.pl\/en\/wp-json\/wp\/v2\/product\/3013","targetHints":{"allow":["GET"]}}],"collection":[{"href":"https:\/\/classysassybutik.pl\/en\/wp-json\/wp\/v2\/product"}],"about":[{"href":"https:\/\/classysassybutik.pl\/en\/wp-json\/wp\/v2\/types\/product"}],"replies":[{"embeddable":true,"href":"https:\/\/classysassybutik.pl\/en\/wp-json\/wp\/v2\/comments?post=3013"}],"wp:featuredmedia":[{"embeddable":true,"href":"https:\/\/classysassybutik.pl\/en\/wp-json\/wp\/v2\/media\/3014"}],"wp:attachment":[{"href":"https:\/\/classysassybutik.pl\/en\/wp-json\/wp\/v2\/media?parent=3013"}],"wp:term":[{"taxonomy":"product_brand","embeddable":true,"href":"https:\/\/classysassybutik.pl\/en\/wp-json\/wp\/v2\/product_brand?post=3013"},{"taxonomy":"product_cat","embeddable":true,"href":"https:\/\/classysassybutik.pl\/en\/wp-json\/wp\/v2\/product_cat?post=3013"},{"taxonomy":"product_tag","embeddable":true,"href":"https:\/\/classysassybutik.pl\/en\/wp-json\/wp\/v2\/product_tag?post=3013"}],"curies":[{"name":"wp","href":"https:\/\/api.w.org\/{rel}","templated":true}]}}