{"id":3045,"date":"2024-03-22T06:31:26","date_gmt":"2024-03-22T05:31:26","guid":{"rendered":"https:\/\/classysassybutik.pl\/?post_type=product&#038;p=3045"},"modified":"2025-12-16T22:50:08","modified_gmt":"2025-12-16T21:50:08","slug":"garnitur-damski-pinki","status":"publish","type":"product","link":"https:\/\/classysassybutik.pl\/en\/product\/garnitur-damski-pinki\/","title":{"rendered":"Pinki Short Jacket"},"content":{"rendered":"<p>Impress with elegance and sophisticated style with a beautiful blazer in a shade of gorgeous pink. Perfect for both important business meetings and evening outings, this fashionable ensemble is sure to catch the eye.<\/p>\n<p>The blazer with its short cut and wide shoulders adds character to any outfit, emphasising individual style and confidence.<\/p>\n<p>&nbsp;<\/p>\n<p>Universal size<\/p>\n<p>Polish product<\/p>\n<p>Composition: 100% viscose<\/p>","protected":false},"excerpt":{"rendered":"<p>Zachwy\u0107 elegancj\u0105 i wyrafinowanym stylem z \u00a0pi\u0119kn\u0105 marynark\u0105 w odcieniu cudownego r\u00f3\u017cu. Ten modny zestaw, idealny zar\u00f3wno na wa\u017cne spotkania biznesowe, jak i na wieczorne wyj\u015bcia, z pewno\u015bci\u0105 przyci\u0105gnie spojrzenia. Marynarka z kr\u00f3tkim krojem i szerokimi ramionami dodaje charakteru ka\u017cdej stylizacji, podkre\u015blaj\u0105c indywidualny styl i pewno\u015b\u0107 siebie. &nbsp; Rozmiar uniwersalny Produkt Polski Sk\u0142ad: 100% wiskoza<\/p>","protected":false},"featured_media":3046,"comment_status":"open","ping_status":"closed","template":"","meta":[],"product_brand":[],"product_cat":[21,29,30,33],"product_tag":[],"class_list":{"0":"post-3045","1":"product","2":"type-product","3":"status-publish","4":"has-post-thumbnail","6":"product_cat-komplety","7":"product_cat-marynarki","8":"product_cat-spodnie","9":"product_cat-wyprzedaz","11":"first","12":"instock","13":"sale","14":"shipping-taxable","15":"purchasable","16":"product-type-simple"},"_links":{"self":[{"href":"https:\/\/classysassybutik.pl\/en\/wp-json\/wp\/v2\/product\/3045","targetHints":{"allow":["GET"]}}],"collection":[{"href":"https:\/\/classysassybutik.pl\/en\/wp-json\/wp\/v2\/product"}],"about":[{"href":"https:\/\/classysassybutik.pl\/en\/wp-json\/wp\/v2\/types\/product"}],"replies":[{"embeddable":true,"href":"https:\/\/classysassybutik.pl\/en\/wp-json\/wp\/v2\/comments?post=3045"}],"wp:featuredmedia":[{"embeddable":true,"href":"https:\/\/classysassybutik.pl\/en\/wp-json\/wp\/v2\/media\/3046"}],"wp:attachment":[{"href":"https:\/\/classysassybutik.pl\/en\/wp-json\/wp\/v2\/media?parent=3045"}],"wp:term":[{"taxonomy":"product_brand","embeddable":true,"href":"https:\/\/classysassybutik.pl\/en\/wp-json\/wp\/v2\/product_brand?post=3045"},{"taxonomy":"product_cat","embeddable":true,"href":"https:\/\/classysassybutik.pl\/en\/wp-json\/wp\/v2\/product_cat?post=3045"},{"taxonomy":"product_tag","embeddable":true,"href":"https:\/\/classysassybutik.pl\/en\/wp-json\/wp\/v2\/product_tag?post=3045"}],"curies":[{"name":"wp","href":"https:\/\/api.w.org\/{rel}","templated":true}]}}