{"id":3075,"date":"2024-04-15T11:29:07","date_gmt":"2024-04-15T09:29:07","guid":{"rendered":"https:\/\/classysassybutik.pl\/?post_type=product&#038;p=3075"},"modified":"2025-07-22T12:35:05","modified_gmt":"2025-07-22T10:35:05","slug":"sukienka-boho-pink","status":"publish","type":"product","link":"https:\/\/classysassybutik.pl\/en\/product\/sukienka-boho-pink\/","title":{"rendered":"Boho Pink Dress"},"content":{"rendered":"<p><strong>Boho PINK dress<\/strong>Long sleeves finished with a cuff, button fastening, belt included. Ideal for spring styling, both with elegant sandals and trainers.<\/p>\n<p>&nbsp;<\/p>\n<p>Imported product.<\/p>\n<p>Dimensions may vary +\/- 2 cm from those shown on the website.<\/p>\n<p>&nbsp;<\/p>\n<ul>\n<li>COMPOSITION<\/li>\n<\/ul>\n<p>100% polyester fabric is flexible<\/p>\n<p>&nbsp;<\/p>\n<table>\n<tbody>\n<tr>\n<td><strong>SIZE<\/strong><\/td>\n<td><strong>S<\/strong><\/td>\n<td><strong>M<\/strong><\/td>\n<td><strong>L<\/strong><\/td>\n<\/tr>\n<tr>\n<td><\/td>\n<td><\/td>\n<td><\/td>\n<td><\/td>\n<\/tr>\n<tr>\n<td>Overall length (cm)<\/td>\n<td>92<\/td>\n<td>92<\/td>\n<td>92<\/td>\n<\/tr>\n<tr>\n<td>Bust circumference (cm)<\/td>\n<td>up to 100<\/td>\n<td>up to 104<\/td>\n<td>up to 110<\/td>\n<\/tr>\n<tr>\n<td>Waist circumference (cm)<\/td>\n<td>up to 106<\/td>\n<td>up to 108<\/td>\n<td>up to 112<\/td>\n<\/tr>\n<\/tbody>\n<\/table>","protected":false},"excerpt":{"rendered":"<p>Sukienka Boho PINK,\u00a0 d\u0142ugi r\u0119kaw wyko\u0144czony mankietem, zapinana na guziki, pasek w komplecie. Idealna na wiosenne stylizacje, zar\u00f3wno do eleganckich sanda\u0142ek jak i trampek. &nbsp; Produkt importowany. Wymiary mog\u0105 si\u0119 r\u00f3\u017cni\u0107 +\/- 2\u00a0cm w\u00a0stosunku do podanych wymiar\u00f3w na stronie. &nbsp; SK\u0141AD 100% poliester materia\u0142 jest elastyczny &nbsp; ROZMIAR S M L D\u0142ugo\u015b\u0107 ca\u0142kowita (cm) 92 [&hellip;]<\/p>","protected":false},"featured_media":3076,"comment_status":"open","ping_status":"closed","template":"","meta":[],"product_brand":[],"product_cat":[20,33],"product_tag":[],"class_list":{"0":"post-3075","1":"product","2":"type-product","3":"status-publish","4":"has-post-thumbnail","6":"product_cat-sukienki","7":"product_cat-wyprzedaz","9":"first","10":"instock","11":"sale","12":"shipping-taxable","13":"purchasable","14":"product-type-variable"},"_links":{"self":[{"href":"https:\/\/classysassybutik.pl\/en\/wp-json\/wp\/v2\/product\/3075","targetHints":{"allow":["GET"]}}],"collection":[{"href":"https:\/\/classysassybutik.pl\/en\/wp-json\/wp\/v2\/product"}],"about":[{"href":"https:\/\/classysassybutik.pl\/en\/wp-json\/wp\/v2\/types\/product"}],"replies":[{"embeddable":true,"href":"https:\/\/classysassybutik.pl\/en\/wp-json\/wp\/v2\/comments?post=3075"}],"wp:featuredmedia":[{"embeddable":true,"href":"https:\/\/classysassybutik.pl\/en\/wp-json\/wp\/v2\/media\/3076"}],"wp:attachment":[{"href":"https:\/\/classysassybutik.pl\/en\/wp-json\/wp\/v2\/media?parent=3075"}],"wp:term":[{"taxonomy":"product_brand","embeddable":true,"href":"https:\/\/classysassybutik.pl\/en\/wp-json\/wp\/v2\/product_brand?post=3075"},{"taxonomy":"product_cat","embeddable":true,"href":"https:\/\/classysassybutik.pl\/en\/wp-json\/wp\/v2\/product_cat?post=3075"},{"taxonomy":"product_tag","embeddable":true,"href":"https:\/\/classysassybutik.pl\/en\/wp-json\/wp\/v2\/product_tag?post=3075"}],"curies":[{"name":"wp","href":"https:\/\/api.w.org\/{rel}","templated":true}]}}