{"id":3083,"date":"2024-04-15T11:46:39","date_gmt":"2024-04-15T09:46:39","guid":{"rendered":"https:\/\/classysassybutik.pl\/?post_type=product&#038;p=3083"},"modified":"2024-07-03T12:45:13","modified_gmt":"2024-07-03T10:45:13","slug":"spodnica-z-plisa-memory","status":"publish","type":"product","link":"https:\/\/classysassybutik.pl\/en\/product\/spodnica-z-plisa-memory\/","title":{"rendered":"Memory pleated skirt"},"content":{"rendered":"<p>An ideal option for a girls' skirt with Memory pleats. Its lightweight pleats make it perfectly emphasise and shape around the body, adding subtle volume. The length of the skirt is perfectly balanced, exposing the most favourable parts of the legs and adding lightness to the figure. It will be perfect when paired with a blazer, top or t-shirt. A belt is attached to the skirt.<\/p>\n<p>&nbsp;<\/p>\n<p>ADDITIONAL INFORMATION<\/p>\n<p>Imported product.<\/p>\n<p>Dimensions may vary +\/- 2 cm from those shown on the website.<\/p>\n<ul>\n<li>COMPOSITION<\/li>\n<\/ul>\n<p>97% polyester\/ 3% spandex<\/p>\n<p>&nbsp;<\/p>\n<p>&nbsp;<\/p>\n<p>&nbsp;<\/p>\n<table>\n<tbody>\n<tr>\n<td><strong>SIZE<\/strong><\/td>\n<td><strong>S<\/strong><\/td>\n<td><strong>M<\/strong><\/td>\n<td><strong>L<\/strong><\/td>\n<\/tr>\n<tr>\n<td><\/td>\n<td><\/td>\n<td><\/td>\n<td><\/td>\n<\/tr>\n<tr>\n<td>Overall length (cm)<\/td>\n<td>40<\/td>\n<td>40<\/td>\n<td>40<\/td>\n<\/tr>\n<tr>\n<td>Waist circumference (cm)<\/td>\n<td>up to 70<\/td>\n<td>up to 74<\/td>\n<td>up to 78<\/td>\n<\/tr>\n<tr>\n<td>Hip circumference (cm)<\/td>\n<td>up to 94<\/td>\n<td>up to 96<\/td>\n<td>up to 100<\/td>\n<\/tr>\n<\/tbody>\n<\/table>\n<p>&nbsp;<\/p>","protected":false},"excerpt":{"rendered":"<p>Idelana propozycja dziewcz\u0119cej sp\u00f3dnicy z plis\u0105 Memory. Jej lekkie plisy sprawiaj\u0105, \u017ce doskonale podkre\u015bla i uk\u0142ada si\u0119 wok\u00f3\u0142 cia\u0142a, dodaj\u0105c mu subtelnej obj\u0119to\u015bci. D\u0142ugo\u015b\u0107 sp\u00f3dniczki jest idealnie zbalansowana, eksponuj\u0105c najkorzystniejsze partie n\u00f3g i nadaj\u0105c figurze lekko\u015bci. Idealnie sprawdzi si\u0119 w zestawieniu z marynark\u0105, topem lub t-shirtem. Do sp\u00f3dnicy do\u0142\u0105czony jest pasek. &nbsp; INFORMACJE DODATKOWE Produkt [&hellip;]<\/p>","protected":false},"featured_media":3084,"comment_status":"open","ping_status":"closed","template":"","meta":[],"product_brand":[],"product_cat":[94,31],"product_tag":[],"class_list":{"0":"post-3083","1":"product","2":"type-product","3":"status-publish","4":"has-post-thumbnail","6":"product_cat-nowosci","7":"product_cat-spodnice","9":"first","10":"instock","11":"sale","12":"shipping-taxable","13":"purchasable","14":"product-type-variable"},"_links":{"self":[{"href":"https:\/\/classysassybutik.pl\/en\/wp-json\/wp\/v2\/product\/3083","targetHints":{"allow":["GET"]}}],"collection":[{"href":"https:\/\/classysassybutik.pl\/en\/wp-json\/wp\/v2\/product"}],"about":[{"href":"https:\/\/classysassybutik.pl\/en\/wp-json\/wp\/v2\/types\/product"}],"replies":[{"embeddable":true,"href":"https:\/\/classysassybutik.pl\/en\/wp-json\/wp\/v2\/comments?post=3083"}],"wp:featuredmedia":[{"embeddable":true,"href":"https:\/\/classysassybutik.pl\/en\/wp-json\/wp\/v2\/media\/3084"}],"wp:attachment":[{"href":"https:\/\/classysassybutik.pl\/en\/wp-json\/wp\/v2\/media?parent=3083"}],"wp:term":[{"taxonomy":"product_brand","embeddable":true,"href":"https:\/\/classysassybutik.pl\/en\/wp-json\/wp\/v2\/product_brand?post=3083"},{"taxonomy":"product_cat","embeddable":true,"href":"https:\/\/classysassybutik.pl\/en\/wp-json\/wp\/v2\/product_cat?post=3083"},{"taxonomy":"product_tag","embeddable":true,"href":"https:\/\/classysassybutik.pl\/en\/wp-json\/wp\/v2\/product_tag?post=3083"}],"curies":[{"name":"wp","href":"https:\/\/api.w.org\/{rel}","templated":true}]}}