{"id":3090,"date":"2024-04-15T11:59:09","date_gmt":"2024-04-15T09:59:09","guid":{"rendered":"https:\/\/classysassybutik.pl\/?post_type=product&#038;p=3090"},"modified":"2024-07-03T12:41:44","modified_gmt":"2024-07-03T10:41:44","slug":"spodnica-melody","status":"publish","type":"product","link":"https:\/\/classysassybutik.pl\/en\/product\/spodnica-melody\/","title":{"rendered":"Melody skirt"},"content":{"rendered":"<p>Our next offering of a gorgeous skirt in a delicate trapeze shape. Delicate draping around the waist adds character. Ideal for elegant outings as well as sporty elegance.<\/p>\n<p>Imported product.<\/p>\n<p>Dimensions may vary +\/- 2 cm from those shown on the website.<\/p>\n<p>&nbsp;<\/p>\n<ul>\n<li>COMPOSITION<\/li>\n<\/ul>\n<p>97% polyester \/3% spandex<\/p>\n<p>&nbsp;<\/p>\n<p>&nbsp;<\/p>\n<p>&nbsp;<\/p>\n<table>\n<tbody>\n<tr>\n<td><strong>SIZE<\/strong><\/td>\n<td><strong>S<\/strong><\/td>\n<td><strong>M<\/strong><\/td>\n<td><strong>L<\/strong><\/td>\n<\/tr>\n<tr>\n<td><\/td>\n<td><\/td>\n<td><\/td>\n<td><\/td>\n<\/tr>\n<tr>\n<td>Overall length (cm)<\/td>\n<td>41<\/td>\n<td>40<\/td>\n<td>41<\/td>\n<\/tr>\n<tr>\n<td>Waist circumference (cm)<\/td>\n<td>up to 70<\/td>\n<td>up to 76<\/td>\n<td>up to 78<\/td>\n<\/tr>\n<tr>\n<td>Hip circumference (cm)<\/td>\n<td>up to 86<\/td>\n<td>up to 88<\/td>\n<td>up to 92<\/td>\n<\/tr>\n<\/tbody>\n<\/table>","protected":false},"excerpt":{"rendered":"<p>Nasza kolejna propozycja wspania\u0142ej sp\u00f3dnicy w kszta\u0142cie delikatnego trapezu. Charakteru dodaje delikatne drapowanie w okolicy pasa. Idealna na eleganckie wyj\u015bcia, jak i sportow\u0105 elegancj\u0119. Produkt importowany. Wymiary mog\u0105 si\u0119 r\u00f3\u017cni\u0107 +\/- 2\u00a0cm w\u00a0stosunku do podanych wymiar\u00f3w na stronie. &nbsp; SK\u0141AD 97% poliester \/3% spandex &nbsp; &nbsp; &nbsp; ROZMIAR S M L D\u0142ugo\u015b\u0107 ca\u0142kowita (cm) 41 [&hellip;]<\/p>","protected":false},"featured_media":3091,"comment_status":"open","ping_status":"closed","template":"","meta":[],"product_brand":[],"product_cat":[94,31],"product_tag":[],"class_list":{"0":"post-3090","1":"product","2":"type-product","3":"status-publish","4":"has-post-thumbnail","6":"product_cat-nowosci","7":"product_cat-spodnice","9":"first","10":"instock","11":"sale","12":"shipping-taxable","13":"purchasable","14":"product-type-variable"},"_links":{"self":[{"href":"https:\/\/classysassybutik.pl\/en\/wp-json\/wp\/v2\/product\/3090","targetHints":{"allow":["GET"]}}],"collection":[{"href":"https:\/\/classysassybutik.pl\/en\/wp-json\/wp\/v2\/product"}],"about":[{"href":"https:\/\/classysassybutik.pl\/en\/wp-json\/wp\/v2\/types\/product"}],"replies":[{"embeddable":true,"href":"https:\/\/classysassybutik.pl\/en\/wp-json\/wp\/v2\/comments?post=3090"}],"wp:featuredmedia":[{"embeddable":true,"href":"https:\/\/classysassybutik.pl\/en\/wp-json\/wp\/v2\/media\/3091"}],"wp:attachment":[{"href":"https:\/\/classysassybutik.pl\/en\/wp-json\/wp\/v2\/media?parent=3090"}],"wp:term":[{"taxonomy":"product_brand","embeddable":true,"href":"https:\/\/classysassybutik.pl\/en\/wp-json\/wp\/v2\/product_brand?post=3090"},{"taxonomy":"product_cat","embeddable":true,"href":"https:\/\/classysassybutik.pl\/en\/wp-json\/wp\/v2\/product_cat?post=3090"},{"taxonomy":"product_tag","embeddable":true,"href":"https:\/\/classysassybutik.pl\/en\/wp-json\/wp\/v2\/product_tag?post=3090"}],"curies":[{"name":"wp","href":"https:\/\/api.w.org\/{rel}","templated":true}]}}