{"id":3138,"date":"2024-04-15T13:42:50","date_gmt":"2024-04-15T11:42:50","guid":{"rendered":"https:\/\/classysassybutik.pl\/?post_type=product&#038;p=3138"},"modified":"2024-10-30T15:51:50","modified_gmt":"2024-10-30T14:51:50","slug":"sukienka-monella","status":"publish","type":"product","link":"https:\/\/classysassybutik.pl\/en\/product\/sukienka-monella\/","title":{"rendered":"Monella dress"},"content":{"rendered":"<div class=\"ng-tns-c30-9 ng-star-inserted\">\n<p>Crafted from delicate cotton guipure with buff sleeves and a flared bottom, the Monella dress will add great variety to your summer styling. The deep V-neckline perfectly showcases the bust line, while the cutaway waistline adds femininity and accentuates your figure's assets. The dress pairs well with accessories in a variety of styles. You can wear it both with elegant stilettos for evening outings and with comfortable sandals for summer walks. An additional advantage is the lining, which prevents the dress from showing through and guarantees freedom and comfort when wearing it. The material of which the dress is made is breathable and does not stretch.<\/p>\n<\/div>\n<div class=\"ng-tns-c30-9 ng-star-inserted\"><span class=\"title\">ADDITIONAL INFORMATION<\/span>Imported product.<\/p>\n<p>Dimensions may vary +\/- 2 cm from those shown on the website.<\/p>\n<\/div>\n<div class=\"ng-tns-c30-9 ng-star-inserted\">\n<ul class=\"ng-tns-c30-9\">\n<li class=\"ng-tns-c30-9 ng-star-inserted\">\n<div class=\"title\" translate=\"product.description.composition\">COMPOSITION<\/div>\n<div class=\"ng-tns-c30-9 ng-star-inserted\">100% cotton<\/div>\n<\/li>\n<\/ul>\n<table>\n<tbody>\n<tr class=\"ng-star-inserted\">\n<th class=\"ng-star-inserted\">SIZE<\/th>\n<th class=\"ng-star-inserted\">S<\/th>\n<th class=\"ng-star-inserted\">M<\/th>\n<th class=\"ng-star-inserted\">L<\/th>\n<\/tr>\n<tr class=\"ng-star-inserted\">\n<td class=\"ng-star-inserted\">Overall length (cm)<\/td>\n<td class=\"ng-star-inserted\">96<\/td>\n<td class=\"ng-star-inserted\">97<\/td>\n<td class=\"ng-star-inserted\">98<\/td>\n<\/tr>\n<tr class=\"ng-star-inserted\">\n<td class=\"ng-star-inserted\">Bust circumference (cm)<\/td>\n<td class=\"ng-star-inserted\">up to 94<\/td>\n<td class=\"ng-star-inserted\">up to 98<\/td>\n<td class=\"ng-star-inserted\">up to 102<\/td>\n<\/tr>\n<tr class=\"ng-star-inserted\">\n<td class=\"ng-star-inserted\">Sleeve length (cm)<\/td>\n<td class=\"ng-star-inserted\">30<\/td>\n<td class=\"ng-star-inserted\">31<\/td>\n<td class=\"ng-star-inserted\">32<\/td>\n<\/tr>\n<tr class=\"ng-star-inserted\">\n<td class=\"ng-star-inserted\">Waist circumference (cm)<\/td>\n<td class=\"ng-star-inserted\">up to 70<\/td>\n<td class=\"ng-star-inserted\">up to 74<\/td>\n<td class=\"ng-star-inserted\">up to 78<\/td>\n<\/tr>\n<tr class=\"ng-star-inserted\">\n<td class=\"ng-star-inserted\">Hip circumference (cm)<\/td>\n<td class=\"ng-star-inserted\">up to 96<\/td>\n<td class=\"ng-star-inserted\">up to 100<\/td>\n<td class=\"ng-star-inserted\">up to 104<\/td>\n<\/tr>\n<\/tbody>\n<\/table>\n<\/div>","protected":false},"excerpt":{"rendered":"<p>Sukienka Monella wykonana z delikatnej gipiury bawe\u0142nianej z bufiastymi r\u0119kawami i rozkloszowanym do\u0142em \u015bwietnie urozmaici Twoje letnie stylizacje. G\u0142\u0119boki dekolt w kszta\u0142cie litery V idealnie eksponuje lini\u0119 biustu, podczas gdy odci\u0119cie w talii dodaje kobieco\u015bci i podkre\u015bla atuty sylwetki. Sukienka \u015bwietnie komponuje si\u0119 z akcesoriami w r\u00f3\u017cnym stylu. Mo\u017cesz j\u0105 nosi\u0107 zar\u00f3wno z eleganckimi szpilkami [&hellip;]<\/p>","protected":false},"featured_media":3139,"comment_status":"open","ping_status":"closed","template":"","meta":[],"product_brand":[],"product_cat":[20,33],"product_tag":[],"class_list":{"0":"post-3138","1":"product","2":"type-product","3":"status-publish","4":"has-post-thumbnail","6":"product_cat-sukienki","7":"product_cat-wyprzedaz","9":"first","10":"instock","11":"sale","12":"shipping-taxable","13":"purchasable","14":"product-type-variable"},"_links":{"self":[{"href":"https:\/\/classysassybutik.pl\/en\/wp-json\/wp\/v2\/product\/3138","targetHints":{"allow":["GET"]}}],"collection":[{"href":"https:\/\/classysassybutik.pl\/en\/wp-json\/wp\/v2\/product"}],"about":[{"href":"https:\/\/classysassybutik.pl\/en\/wp-json\/wp\/v2\/types\/product"}],"replies":[{"embeddable":true,"href":"https:\/\/classysassybutik.pl\/en\/wp-json\/wp\/v2\/comments?post=3138"}],"wp:featuredmedia":[{"embeddable":true,"href":"https:\/\/classysassybutik.pl\/en\/wp-json\/wp\/v2\/media\/3139"}],"wp:attachment":[{"href":"https:\/\/classysassybutik.pl\/en\/wp-json\/wp\/v2\/media?parent=3138"}],"wp:term":[{"taxonomy":"product_brand","embeddable":true,"href":"https:\/\/classysassybutik.pl\/en\/wp-json\/wp\/v2\/product_brand?post=3138"},{"taxonomy":"product_cat","embeddable":true,"href":"https:\/\/classysassybutik.pl\/en\/wp-json\/wp\/v2\/product_cat?post=3138"},{"taxonomy":"product_tag","embeddable":true,"href":"https:\/\/classysassybutik.pl\/en\/wp-json\/wp\/v2\/product_tag?post=3138"}],"curies":[{"name":"wp","href":"https:\/\/api.w.org\/{rel}","templated":true}]}}