{"id":3145,"date":"2024-04-15T13:48:15","date_gmt":"2024-04-15T11:48:15","guid":{"rendered":"https:\/\/classysassybutik.pl\/?post_type=product&#038;p=3145"},"modified":"2025-07-22T12:38:18","modified_gmt":"2025-07-22T10:38:18","slug":"sukienka-maxi-san-diego","status":"publish","type":"product","link":"https:\/\/classysassybutik.pl\/en\/product\/sukienka-maxi-san-diego\/","title":{"rendered":"San Diego maxi dress"},"content":{"rendered":"<p>Rozkloszowana sukienka maxi z orientalnym printem San Diego idealnie sprawdzi si\u0119 w letnich stylizacjach. G\u0142\u0119boki dekolt V przepi\u0119knie eksponuje lini\u0119 biustu i podkre\u015bla obojczyki, a tak\u017ce optycznie wyd\u0142u\u017ca szyj\u0119. Balonowe r\u0119kawy s\u0105 wyko\u0144czone gumk\u0105, dzi\u0119ki czemu mo\u017cesz regulowa\u0107 ich d\u0142ugo\u015b\u0107. Zwiewny kr\u00f3j oraz przewiewna tkanina, z kt\u00f3rej zosta\u0142a wykonana sukienka, zapewniaj\u0105 wygod\u0119 noszenia, a ciekawe \u0142\u0105czenia materia\u0142\u00f3w urozmaicaj\u0105 ca\u0142o\u015b\u0107.<\/p>\n<p>&nbsp;<\/p>\n<div class=\"ng-tns-c30-9 ng-star-inserted\">\n<p>Imported product.<\/p>\n<p>Dimensions may vary +\/- 2 cm from those shown on the website.<\/p>\n<p>&nbsp;<\/p>\n<\/div>\n<div class=\"ng-tns-c30-9 ng-star-inserted\">\n<ul class=\"ng-tns-c30-9\">\n<li class=\"ng-tns-c30-9 ng-star-inserted\">\n<div class=\"title\" translate=\"product.description.composition\">COMPOSITION<\/div>\n<div class=\"ng-tns-c30-9 ng-star-inserted\">100% wiskoza<\/div>\n<\/li>\n<\/ul>\n<\/div>\n<table>\n<tbody>\n<tr>\n<td><strong>SIZE<\/strong><\/td>\n<td><strong>M<\/strong><\/td>\n<\/tr>\n<tr>\n<td><\/td>\n<td><\/td>\n<\/tr>\n<tr>\n<td><\/td>\n<td><\/td>\n<\/tr>\n<tr>\n<td>Overall length (cm)<\/td>\n<td>137<\/td>\n<\/tr>\n<tr>\n<td>Bust circumference (cm)<\/td>\n<td>up to 94<\/td>\n<\/tr>\n<tr>\n<td>Sleeve length (cm)<\/td>\n<td>51<\/td>\n<\/tr>\n<tr>\n<td>Waist circumference (cm)<\/td>\n<td>up to 76<\/td>\n<\/tr>\n<\/tbody>\n<\/table>\n<p>&nbsp;<\/p>","protected":false},"excerpt":{"rendered":"<p>Rozkloszowana sukienka maxi z orientalnym printem San Diego idealnie sprawdzi si\u0119 w letnich stylizacjach. G\u0142\u0119boki dekolt V przepi\u0119knie eksponuje lini\u0119 biustu i podkre\u015bla obojczyki, a tak\u017ce optycznie wyd\u0142u\u017ca szyj\u0119. Balonowe r\u0119kawy s\u0105 wyko\u0144czone gumk\u0105, dzi\u0119ki czemu mo\u017cesz regulowa\u0107 ich d\u0142ugo\u015b\u0107. Zwiewny kr\u00f3j oraz przewiewna tkanina, z kt\u00f3rej zosta\u0142a wykonana sukienka, zapewniaj\u0105 wygod\u0119 noszenia, a ciekawe [&hellip;]<\/p>","protected":false},"featured_media":3146,"comment_status":"open","ping_status":"closed","template":"","meta":[],"product_brand":[],"product_cat":[94,20],"product_tag":[],"class_list":{"0":"post-3145","1":"product","2":"type-product","3":"status-publish","4":"has-post-thumbnail","6":"product_cat-nowosci","7":"product_cat-sukienki","9":"first","10":"instock","11":"sale","12":"shipping-taxable","13":"purchasable","14":"product-type-simple"},"_links":{"self":[{"href":"https:\/\/classysassybutik.pl\/en\/wp-json\/wp\/v2\/product\/3145","targetHints":{"allow":["GET"]}}],"collection":[{"href":"https:\/\/classysassybutik.pl\/en\/wp-json\/wp\/v2\/product"}],"about":[{"href":"https:\/\/classysassybutik.pl\/en\/wp-json\/wp\/v2\/types\/product"}],"replies":[{"embeddable":true,"href":"https:\/\/classysassybutik.pl\/en\/wp-json\/wp\/v2\/comments?post=3145"}],"wp:featuredmedia":[{"embeddable":true,"href":"https:\/\/classysassybutik.pl\/en\/wp-json\/wp\/v2\/media\/3146"}],"wp:attachment":[{"href":"https:\/\/classysassybutik.pl\/en\/wp-json\/wp\/v2\/media?parent=3145"}],"wp:term":[{"taxonomy":"product_brand","embeddable":true,"href":"https:\/\/classysassybutik.pl\/en\/wp-json\/wp\/v2\/product_brand?post=3145"},{"taxonomy":"product_cat","embeddable":true,"href":"https:\/\/classysassybutik.pl\/en\/wp-json\/wp\/v2\/product_cat?post=3145"},{"taxonomy":"product_tag","embeddable":true,"href":"https:\/\/classysassybutik.pl\/en\/wp-json\/wp\/v2\/product_tag?post=3145"}],"curies":[{"name":"wp","href":"https:\/\/api.w.org\/{rel}","templated":true}]}}