{"id":3910,"date":"2024-07-23T09:40:33","date_gmt":"2024-07-23T07:40:33","guid":{"rendered":"https:\/\/classysassybutik.pl\/?post_type=product&#038;p=3910"},"modified":"2025-02-13T17:51:55","modified_gmt":"2025-02-13T16:51:55","slug":"tshirt-bluzka-girl-boss-la-milla-biala","status":"publish","type":"product","link":"https:\/\/classysassybutik.pl\/en\/product\/tshirt-bluzka-girl-boss-la-milla-biala\/","title":{"rendered":"Tshirt Girl Boss Blouse White"},"content":{"rendered":"<p>Bluzka damska, t-shirt polskiej marki <a href=\"https:\/\/selavifashion.pl\/pl\/producer\/LaMilla\/44\" target=\"_blank\" rel=\"noopener\">LaMilla<\/a> z napisem\u00a0GIRL BOSS\u00a0umiejscowionym z przodu bluzki.<\/p>\n<p>&nbsp;<\/p>\n<p><strong>Original Polish product from LaMilla<\/strong><\/p>\n<p>&nbsp;<\/p>\n<p>Composition: 95% cotton, 5% elastane<\/p>\n<p>&nbsp;<\/p>\n<p><strong>Universal size<\/strong><\/p>\n<p>Overall length 70cm<\/p>\n<p>Width between armpits 56cm x2<\/p>\n<p>Szeroko\u015b\u0107 na dole 58cm x2<\/p>\n<p>D\u0142ugo\u015b\u0107 r\u0119kawa od dekoltu 46cm<\/p>\n<p>The measurements given are the outer measurements of the garment measured flat without stretching.<\/p>","protected":false},"excerpt":{"rendered":"<p>Bluzka damska, t-shirt polskiej marki LaMilla z napisem\u00a0GIRL BOSS\u00a0umiejscowionym z przodu bluzki. &nbsp; Oryginalny polski produkt firmy LaMilla &nbsp; Sk\u0142ad: 95% bawe\u0142na, 5% elastan &nbsp; Rozmiar uniwersalny D\u0142ugo\u015b\u0107 ca\u0142kowita 70cm Szeroko\u015b\u0107 mi\u0119dzy pachami 56cm x2 Szeroko\u015b\u0107 na dole 58cm x2 D\u0142ugo\u015b\u0107 r\u0119kawa od dekoltu 46cm Podane wymiary to zewn\u0119trzne wymiary odzie\u017cy mierzone na p\u0142asko bez [&hellip;]<\/p>","protected":false},"featured_media":4303,"comment_status":"open","ping_status":"closed","template":"","meta":[],"product_brand":[],"product_cat":[28,94,22],"product_tag":[],"class_list":{"0":"post-3910","1":"product","2":"type-product","3":"status-publish","4":"has-post-thumbnail","6":"product_cat-bluzki","7":"product_cat-nowosci","8":"product_cat-tshirty","10":"first","11":"instock","12":"shipping-taxable","13":"purchasable","14":"product-type-simple"},"_links":{"self":[{"href":"https:\/\/classysassybutik.pl\/en\/wp-json\/wp\/v2\/product\/3910","targetHints":{"allow":["GET"]}}],"collection":[{"href":"https:\/\/classysassybutik.pl\/en\/wp-json\/wp\/v2\/product"}],"about":[{"href":"https:\/\/classysassybutik.pl\/en\/wp-json\/wp\/v2\/types\/product"}],"replies":[{"embeddable":true,"href":"https:\/\/classysassybutik.pl\/en\/wp-json\/wp\/v2\/comments?post=3910"}],"wp:featuredmedia":[{"embeddable":true,"href":"https:\/\/classysassybutik.pl\/en\/wp-json\/wp\/v2\/media\/4303"}],"wp:attachment":[{"href":"https:\/\/classysassybutik.pl\/en\/wp-json\/wp\/v2\/media?parent=3910"}],"wp:term":[{"taxonomy":"product_brand","embeddable":true,"href":"https:\/\/classysassybutik.pl\/en\/wp-json\/wp\/v2\/product_brand?post=3910"},{"taxonomy":"product_cat","embeddable":true,"href":"https:\/\/classysassybutik.pl\/en\/wp-json\/wp\/v2\/product_cat?post=3910"},{"taxonomy":"product_tag","embeddable":true,"href":"https:\/\/classysassybutik.pl\/en\/wp-json\/wp\/v2\/product_tag?post=3910"}],"curies":[{"name":"wp","href":"https:\/\/api.w.org\/{rel}","templated":true}]}}