{"id":3940,"date":"2024-07-23T10:17:55","date_gmt":"2024-07-23T08:17:55","guid":{"rendered":"https:\/\/classysassybutik.pl\/?post_type=product&#038;p=3940"},"modified":"2025-12-17T02:29:53","modified_gmt":"2025-12-17T01:29:53","slug":"3940","status":"publish","type":"product","link":"https:\/\/classysassybutik.pl\/en\/product\/3940\/","title":{"rendered":"Navy Eve Black"},"content":{"rendered":"<p><strong>An oversized blazer made from a smooth fabric is the perfect choice to complement many looks. The button-down model features pockets with flaps at the front. Additional elements that make this model stand out are the shoulder pads and the stand-off fabric.<\/strong><\/p>\n<p>Size ONE SIZE, fits sizes S, M, L, XL<\/p>\n<p>Dimensions:<\/p>\n<p>Overall length - 74 cm<br \/>\nShoulder width - 40 cm<br \/>\nWidth from armpit to armpit - 59 cm<br \/>\nWaist width - 55 cm<br \/>\nWidth at bottom - 57 cm<br \/>\nSleeve length from shoulder - 64 cm<br \/>\nSleeve length from armpit - 48 cm<br \/>\nWidth at biceps - 16 cm<\/p>\n<p>Material composition:<br \/>\n95% Viscose<br \/>\n5% Elastane<\/p>\n<p>Polish product<\/p>\n<p>* non-flexible material<br \/>\n* front flap pockets<br \/>\n* protruding fabric at the shoulders<br \/>\n* shoulder pads<br \/>\n* lining<br \/>\n* buttoned<br \/>\n* oversized<\/p>\n<p>&nbsp;<\/p>","protected":false},"excerpt":{"rendered":"<p>Oversizowa marynarka wykonana z g\u0142adkiego materia\u0142u to doskona\u0142y wyb\u00f3r do uzupe\u0142nienia wielu look\u00f3w. Model z zapi\u0119ciem na guzik posiada kieszenie z klapami z przodu. Dodatkowymi elementami, kt\u00f3re wyr\u00f3\u017cniaj\u0105 ten model to poduszki na ramionach, oraz odstaj\u0105cy materia\u0142. Rozmiar ONE SIZE, pasuje dla rozmiar\u00f3w S, M, L, XL Wymiary: D\u0142. ca\u0142kowita &#8211; 74 cm Szer. w [&hellip;]<\/p>","protected":false},"featured_media":3603,"comment_status":"open","ping_status":"closed","template":"","meta":[],"product_brand":[],"product_cat":[29,94,32],"product_tag":[],"class_list":{"0":"post-3940","1":"product","2":"type-product","3":"status-publish","4":"has-post-thumbnail","6":"product_cat-marynarki","7":"product_cat-nowosci","8":"product_cat-okrycia-wierzchnie","10":"first","11":"instock","12":"shipping-taxable","13":"purchasable","14":"product-type-simple"},"_links":{"self":[{"href":"https:\/\/classysassybutik.pl\/en\/wp-json\/wp\/v2\/product\/3940","targetHints":{"allow":["GET"]}}],"collection":[{"href":"https:\/\/classysassybutik.pl\/en\/wp-json\/wp\/v2\/product"}],"about":[{"href":"https:\/\/classysassybutik.pl\/en\/wp-json\/wp\/v2\/types\/product"}],"replies":[{"embeddable":true,"href":"https:\/\/classysassybutik.pl\/en\/wp-json\/wp\/v2\/comments?post=3940"}],"wp:featuredmedia":[{"embeddable":true,"href":"https:\/\/classysassybutik.pl\/en\/wp-json\/wp\/v2\/media\/3603"}],"wp:attachment":[{"href":"https:\/\/classysassybutik.pl\/en\/wp-json\/wp\/v2\/media?parent=3940"}],"wp:term":[{"taxonomy":"product_brand","embeddable":true,"href":"https:\/\/classysassybutik.pl\/en\/wp-json\/wp\/v2\/product_brand?post=3940"},{"taxonomy":"product_cat","embeddable":true,"href":"https:\/\/classysassybutik.pl\/en\/wp-json\/wp\/v2\/product_cat?post=3940"},{"taxonomy":"product_tag","embeddable":true,"href":"https:\/\/classysassybutik.pl\/en\/wp-json\/wp\/v2\/product_tag?post=3940"}],"curies":[{"name":"wp","href":"https:\/\/api.w.org\/{rel}","templated":true}]}}