{"id":4058,"date":"2024-08-06T11:53:56","date_gmt":"2024-08-06T09:53:56","guid":{"rendered":"https:\/\/classysassybutik.pl\/?post_type=product&#038;p=4058"},"modified":"2025-01-17T11:05:28","modified_gmt":"2025-01-17T10:05:28","slug":"sweter-z-welna-czerwony-melanz","status":"publish","type":"product","link":"https:\/\/classysassybutik.pl\/en\/product\/sweter-z-welna-czerwony-melanz\/","title":{"rendered":"Jumper with Wool Red Melange"},"content":{"rendered":"<div class=\"open\">\n<div class=\"ng-tns-c53-136 ng-star-inserted\">\n<p><span class=\"TextRun SCXW81416325 BCX8\" lang=\"PL-PL\" xml:lang=\"PL-PL\" data-contrast=\"auto\"><span class=\"NormalTextRun SCXW81416325 BCX8\" data-ccp-charstyle=\"Strong Emphasis\" data-ccp-charstyle-defn=\"{\">Lovely wool blend jumper<\/span><\/span><span class=\"TextRun SCXW81416325 BCX8\" lang=\"PL-PL\" xml:lang=\"PL-PL\" data-contrast=\"auto\"><span class=\"NormalTextRun SCXW81416325 BCX8\" data-ccp-parastyle=\"Standard\" data-ccp-parastyle-defn=\"{\">which combines elegance with comfort.\u00a0<\/span><span class=\"NormalTextRun SCXW81416325 BCX8\" data-ccp-parastyle=\"Standard\"> The jumper will be ideal for wearing on colder days, and pairs well with both jeans and smart skirts, creating a stylish and warm <\/span><span class=\"SpellingError SCXW81416325 BCX8\" data-ccp-parastyle=\"Standard\">look<\/span><span class=\"NormalTextRun SCXW81416325 BCX8\" data-ccp-parastyle=\"Standard\">.<\/span><\/span><span class=\"EOP SCXW81416325 BCX8\" data-ccp-props=\"{}\">\u00a0<\/span><\/p>\n<\/div>\n<div class=\"ng-tns-c53-136 ng-star-inserted\"><span class=\"title\">Additional information<\/span>Imported product.<\/p>\n<p>Dimensions may vary +\/- 2 cm from those shown on the website.<\/p>\n<p>&nbsp;<\/p>\n<\/div>\n<div class=\"ng-tns-c53-136 ng-star-inserted\">\n<ul class=\"ng-tns-c53-136\">\n<li class=\"ng-tns-c53-136 ng-star-inserted\">\n<div class=\"title\" translate=\"product.description.composition\">COMPOSITION<\/div>\n<div class=\"ng-tns-c53-136 ng-star-inserted\">20% wool \/ 35% acrylic \/ 45% nylon the material is flexible<\/div>\n<\/li>\n<\/ul>\n<table>\n<tbody>\n<tr class=\"ng-star-inserted\">\n<th class=\"ng-star-inserted\">Size<\/th>\n<th class=\"ng-star-inserted\">UNI<\/th>\n<\/tr>\n<tr class=\"ng-star-inserted\">\n<td class=\"ng-star-inserted\">Overall length (cm)<\/td>\n<td class=\"ng-star-inserted\">60<\/td>\n<\/tr>\n<tr class=\"ng-star-inserted\">\n<td class=\"ng-star-inserted\">Bust circumference (cm)<\/td>\n<td class=\"ng-star-inserted\">up to 120<\/td>\n<\/tr>\n<tr class=\"ng-star-inserted\">\n<td class=\"ng-star-inserted\">Sleeve length (cm)<\/td>\n<td class=\"ng-star-inserted\">47<\/td>\n<\/tr>\n<tr class=\"ng-star-inserted\">\n<td class=\"ng-star-inserted\">The model will be ideal for sizes:<\/td>\n<td class=\"ng-star-inserted\">XS-L<\/td>\n<\/tr>\n<\/tbody>\n<\/table>\n<\/div>\n<\/div>\n<div class=\"open\">\n<div class=\"ng-tns-c53-136 ng-star-inserted\">\n<h5><\/h5>\n<p>&nbsp;<\/p>\n<\/div>\n<\/div>\n<div class=\"open\">\n<div class=\"ng-tns-c53-136 ng-star-inserted\">\n<p>&nbsp;<\/p>\n<p>&nbsp;<\/p>\n<p>&nbsp;<\/p>\n<hr \/>\n<p>&nbsp;<\/p>\n<p>&nbsp;<\/p>\n<p>&nbsp;<\/p>\n<p>&nbsp;<\/p>\n<p>&nbsp;<\/p>\n<p>&nbsp;<\/p>\n<\/div>\n<\/div>\n<div class=\"open\">\n<section>\n<header>\n<div class=\"title-section\">\n<div class=\"add-rate\"><\/div>\n<div class=\"rate-disable-info ng-star-inserted\"><\/div>\n<\/div>\n<div class=\"rate-details\">\n<div class=\"rate-value\"><\/div>\n<\/div>\n<\/header>\n<\/section>\n<\/div>","protected":false},"excerpt":{"rendered":"<p>Uroczy sweterek z\u00a0domieszk\u0105 we\u0142ny, kt\u00f3ry \u0142\u0105czy elegancj\u0119 z\u00a0komfortem.\u00a0 Sweterek b\u0119dzie idealny do noszenia w ch\u0142odniejsze dni, \u015bwietnie komponuje si\u0119 zar\u00f3wno z jeansami jak i eleganckimi sp\u00f3dnicami, tworz\u0105c stylowy i ciep\u0142y look.\u00a0 Informacje dodatkoweProdukt importowany. Wymiary mog\u0105 si\u0119 r\u00f3\u017cni\u0107 +\/- 2\u00a0cm w\u00a0stosunku do podanych wymiar\u00f3w na stronie. &nbsp; SK\u0141AD 20% we\u0142na \/ 35% akryl \/ 45% [&hellip;]<\/p>","protected":false},"featured_media":4059,"comment_status":"open","ping_status":"closed","template":"","meta":[],"product_brand":[],"product_cat":[16,33],"product_tag":[],"class_list":{"0":"post-4058","1":"product","2":"type-product","3":"status-publish","4":"has-post-thumbnail","6":"product_cat-swetry","7":"product_cat-wyprzedaz","9":"first","10":"instock","11":"sale","12":"shipping-taxable","13":"purchasable","14":"product-type-simple"},"_links":{"self":[{"href":"https:\/\/classysassybutik.pl\/en\/wp-json\/wp\/v2\/product\/4058","targetHints":{"allow":["GET"]}}],"collection":[{"href":"https:\/\/classysassybutik.pl\/en\/wp-json\/wp\/v2\/product"}],"about":[{"href":"https:\/\/classysassybutik.pl\/en\/wp-json\/wp\/v2\/types\/product"}],"replies":[{"embeddable":true,"href":"https:\/\/classysassybutik.pl\/en\/wp-json\/wp\/v2\/comments?post=4058"}],"wp:featuredmedia":[{"embeddable":true,"href":"https:\/\/classysassybutik.pl\/en\/wp-json\/wp\/v2\/media\/4059"}],"wp:attachment":[{"href":"https:\/\/classysassybutik.pl\/en\/wp-json\/wp\/v2\/media?parent=4058"}],"wp:term":[{"taxonomy":"product_brand","embeddable":true,"href":"https:\/\/classysassybutik.pl\/en\/wp-json\/wp\/v2\/product_brand?post=4058"},{"taxonomy":"product_cat","embeddable":true,"href":"https:\/\/classysassybutik.pl\/en\/wp-json\/wp\/v2\/product_cat?post=4058"},{"taxonomy":"product_tag","embeddable":true,"href":"https:\/\/classysassybutik.pl\/en\/wp-json\/wp\/v2\/product_tag?post=4058"}],"curies":[{"name":"wp","href":"https:\/\/api.w.org\/{rel}","templated":true}]}}