{"id":4095,"date":"2024-08-06T15:25:55","date_gmt":"2024-08-06T13:25:55","guid":{"rendered":"https:\/\/classysassybutik.pl\/?post_type=product&#038;p=4095"},"modified":"2025-01-17T11:04:46","modified_gmt":"2025-01-17T10:04:46","slug":"plisowana-spodnica-midi-granat","status":"publish","type":"product","link":"https:\/\/classysassybutik.pl\/en\/product\/plisowana-spodnica-midi-granat\/","title":{"rendered":"Pleated Midi Skirt Navy Blue"},"content":{"rendered":"<div>\n<p>The pleated midi skirt will be perfect for both sporty and elegant outfits. The model has an elastic waistband, so it will be ideal for people wearing sizes S,M and L. Longitudinal pleats optically lengthen the silhouette.<\/p>\n<\/div>\n<div>\n<p>&nbsp;<\/p>\n<ul>\n<li>Composition: 95% polyester, 5% elastane.<\/li>\n<\/ul>\n<table>\n<tbody>\n<tr>\n<td><strong>SIZE<\/strong><\/td>\n<td><strong>UNI<\/strong><\/td>\n<\/tr>\n<tr>\n<td><\/td>\n<td><\/td>\n<\/tr>\n<tr>\n<td><\/td>\n<td><\/td>\n<\/tr>\n<tr>\n<td>Overall length (cm)<\/td>\n<td>99<\/td>\n<\/tr>\n<tr>\n<td>Waist circumference (cm)<\/td>\n<td>70-90<\/td>\n<\/tr>\n<tr>\n<td>Hip circumference (cm)<\/td>\n<td>up to 106<\/td>\n<\/tr>\n<\/tbody>\n<\/table>\n<\/div>","protected":false},"excerpt":{"rendered":"<p>Plisowana sp\u00f3dnica midi b\u0119dzie idealna zar\u00f3wno do sportowych, jak i eleganckich stylizacji. Model posiada gumk\u0119 w pasie, dlatego b\u0119dzie idealna dla os\u00f3b nosz\u0105cych rozmiar S,M i L. Pod\u0142u\u017cne plisy optycznie wyd\u0142u\u017caj\u0105 sylwetk\u0119. &nbsp; Sk\u0142ad: 95% poliester, 5% elastan. ROZMIAR UNI D\u0142ugo\u015b\u0107 ca\u0142kowita (cm) 99 Obw\u00f3d w talii (cm) 70-90 Obw\u00f3d w biodrach (cm) do 106<\/p>","protected":false},"featured_media":4096,"comment_status":"open","ping_status":"closed","template":"","meta":[],"product_brand":[],"product_cat":[94,31],"product_tag":[],"class_list":{"0":"post-4095","1":"product","2":"type-product","3":"status-publish","4":"has-post-thumbnail","6":"product_cat-nowosci","7":"product_cat-spodnice","9":"first","10":"instock","11":"sale","12":"shipping-taxable","13":"purchasable","14":"product-type-simple"},"_links":{"self":[{"href":"https:\/\/classysassybutik.pl\/en\/wp-json\/wp\/v2\/product\/4095","targetHints":{"allow":["GET"]}}],"collection":[{"href":"https:\/\/classysassybutik.pl\/en\/wp-json\/wp\/v2\/product"}],"about":[{"href":"https:\/\/classysassybutik.pl\/en\/wp-json\/wp\/v2\/types\/product"}],"replies":[{"embeddable":true,"href":"https:\/\/classysassybutik.pl\/en\/wp-json\/wp\/v2\/comments?post=4095"}],"wp:featuredmedia":[{"embeddable":true,"href":"https:\/\/classysassybutik.pl\/en\/wp-json\/wp\/v2\/media\/4096"}],"wp:attachment":[{"href":"https:\/\/classysassybutik.pl\/en\/wp-json\/wp\/v2\/media?parent=4095"}],"wp:term":[{"taxonomy":"product_brand","embeddable":true,"href":"https:\/\/classysassybutik.pl\/en\/wp-json\/wp\/v2\/product_brand?post=4095"},{"taxonomy":"product_cat","embeddable":true,"href":"https:\/\/classysassybutik.pl\/en\/wp-json\/wp\/v2\/product_cat?post=4095"},{"taxonomy":"product_tag","embeddable":true,"href":"https:\/\/classysassybutik.pl\/en\/wp-json\/wp\/v2\/product_tag?post=4095"}],"curies":[{"name":"wp","href":"https:\/\/api.w.org\/{rel}","templated":true}]}}