{"id":4748,"date":"2024-10-06T09:49:51","date_gmt":"2024-10-06T07:49:51","guid":{"rendered":"https:\/\/classysassybutik.pl\/?post_type=product&#038;p=4748"},"modified":"2026-02-16T16:50:51","modified_gmt":"2026-02-16T15:50:51","slug":"4748","status":"publish","type":"product","link":"https:\/\/classysassybutik.pl\/en\/product\/4748\/","title":{"rendered":"Skirt-Shorts Poppies"},"content":{"rendered":"<p><strong>Sp\u00f3dnico-spodenki to propozycja, kt\u00f3ra zaprezentuje si\u0119 niezwykle modnie, przy czym b\u0119dzie naprawd\u0119 wygodna i komfortowa. Wyr\u00f3\u017cniaj\u0105 si\u0119 kobiecym wzorem w kwiaty, a tak\u017ce subtelnym rozci\u0119ciem z przodu. To model o kr\u00f3tkim fasonie z zapi\u0119ciem na suwak znajduj\u0105cym si\u0119 na boku.<\/strong><\/p>\n<p>&nbsp;<\/p>\n<p>34\/XS<\/p>\n<p>Overall length - 35 cm<br \/>\nD\u0142. nogawki od kroku &#8211; 5 cm<br \/>\nWys. stanu prz\u00f3d &#8211; 32 cm<br \/>\nRear height - 35 cm<br \/>\nSzer. w pasie &#8211; 30 cm<br \/>\nWidth at hips - 45 cm<br \/>\nSzer. w udzie &#8211; 29 cm<br \/>\nSzer. nogawki na dole &#8211; 29 cm<\/p>\n<p>36\/S<\/p>\n<p>Overall length - 36 cm<br \/>\nD\u0142. nogawki od kroku &#8211; 5 cm<br \/>\nFront height - 33 cm<br \/>\nWys. stanu ty\u0142 &#8211; 36 cm<br \/>\nSzer. w pasie &#8211; 32 cm<br \/>\nSzer. w biodrach &#8211; 47 cm<br \/>\nSzer. w udzie &#8211; 31 cm<br \/>\nSzer. nogawki na dole &#8211; 31 cm<\/p>\n<p>38\/M<\/p>\n<p>Overall length - 36 cm<br \/>\nD\u0142. nogawki od kroku &#8211; 5 cm<br \/>\nWys. stanu prz\u00f3d &#8211; 34 cm<br \/>\nRear height - 37 cm<br \/>\nSzer. w pasie &#8211; 34 cm<br \/>\nSzer. w biodrach &#8211; 49 cm<br \/>\nSzer. w udzie &#8211; 33 cm<br \/>\nSzer. nogawki na dole &#8211; 33 cm<\/p>\n<p>40\/L<\/p>\n<p>D\u0142. ca\u0142kowita &#8211; 37 cm<br \/>\nD\u0142. nogawki od kroku &#8211; 5 cm<br \/>\nWys. stanu prz\u00f3d &#8211; 35 cm<br \/>\nRear height - 38 cm<br \/>\nSzer. w pasie &#8211; 36 cm<br \/>\nWidth at hips - 51 cm<br \/>\nSzer. w udzie &#8211; 35 cm<br \/>\nSzer. nogawki na dole &#8211; 35 cm<\/p>\n<p>Material composition:<br \/>\n50% Poliester<br \/>\n40% Wiskoza<br \/>\n10% Elastan<\/p>\n<p>&nbsp;<\/p>\n<p>&nbsp;<\/p>","protected":false},"excerpt":{"rendered":"<p>Sp\u00f3dnico-spodenki to propozycja, kt\u00f3ra zaprezentuje si\u0119 niezwykle modnie, przy czym b\u0119dzie naprawd\u0119 wygodna i komfortowa. Wyr\u00f3\u017cniaj\u0105 si\u0119 kobiecym wzorem w kwiaty, a tak\u017ce subtelnym rozci\u0119ciem z przodu. To model o kr\u00f3tkim fasonie z zapi\u0119ciem na suwak znajduj\u0105cym si\u0119 na boku. &nbsp; 34\/XS D\u0142. ca\u0142kowita &#8211; 35 cm D\u0142. nogawki od kroku &#8211; 5 cm Wys. [&hellip;]<\/p>","protected":false},"featured_media":4539,"comment_status":"open","ping_status":"closed","template":"","meta":[],"product_brand":[],"product_cat":[94,110],"product_tag":[],"class_list":{"0":"post-4748","1":"product","2":"type-product","3":"status-publish","4":"has-post-thumbnail","6":"product_cat-nowosci","7":"product_cat-spodenki","9":"first","10":"instock","11":"shipping-taxable","12":"purchasable","13":"product-type-variable"},"_links":{"self":[{"href":"https:\/\/classysassybutik.pl\/en\/wp-json\/wp\/v2\/product\/4748","targetHints":{"allow":["GET"]}}],"collection":[{"href":"https:\/\/classysassybutik.pl\/en\/wp-json\/wp\/v2\/product"}],"about":[{"href":"https:\/\/classysassybutik.pl\/en\/wp-json\/wp\/v2\/types\/product"}],"replies":[{"embeddable":true,"href":"https:\/\/classysassybutik.pl\/en\/wp-json\/wp\/v2\/comments?post=4748"}],"wp:featuredmedia":[{"embeddable":true,"href":"https:\/\/classysassybutik.pl\/en\/wp-json\/wp\/v2\/media\/4539"}],"wp:attachment":[{"href":"https:\/\/classysassybutik.pl\/en\/wp-json\/wp\/v2\/media?parent=4748"}],"wp:term":[{"taxonomy":"product_brand","embeddable":true,"href":"https:\/\/classysassybutik.pl\/en\/wp-json\/wp\/v2\/product_brand?post=4748"},{"taxonomy":"product_cat","embeddable":true,"href":"https:\/\/classysassybutik.pl\/en\/wp-json\/wp\/v2\/product_cat?post=4748"},{"taxonomy":"product_tag","embeddable":true,"href":"https:\/\/classysassybutik.pl\/en\/wp-json\/wp\/v2\/product_tag?post=4748"}],"curies":[{"name":"wp","href":"https:\/\/api.w.org\/{rel}","templated":true}]}}