{"id":4978,"date":"2024-10-18T13:44:09","date_gmt":"2024-10-18T11:44:09","guid":{"rendered":"https:\/\/classysassybutik.pl\/?post_type=product&#038;p=4978"},"modified":"2025-02-13T17:34:49","modified_gmt":"2025-02-13T16:34:49","slug":"body-la-milla-prazek-szare","status":"publish","type":"product","link":"https:\/\/classysassybutik.pl\/en\/product\/body-la-milla-prazek-szare\/","title":{"rendered":"Short sleeve bodysuit Grey"},"content":{"rendered":"<p>Deep boat-shaped neckline on the front and back.<\/p>\n<p>Short sleeve.<\/p>\n<p>Delicate logo on front neckline.<\/p>\n<p>Fastened at the crotch with press studs.<\/p>\n<p>Made from ribbed cotton.<\/p>\n<p>&nbsp;<\/p>\n<p><strong>Size M\/L<\/strong><\/p>\n<ul>\n<li>Bust circumference 76 cm - 96 cm<\/li>\n<li>Waist circumference 64 cm - 884 cm<\/li>\n<li>Overall length 73 cm<\/li>\n<\/ul>\n<p>Composition: 95 % cotton, 5 % elastane.<\/p>","protected":false},"excerpt":{"rendered":"<p>Dekolt w kszta\u0142cie g\u0142\u0119bokiej \u0142\u00f3dki z przodu i na plecach. Kr\u00f3tki r\u0119kaw. Delikatne logo na przednim dekoldzie. Zapinane w kroku na napy. Wykonane z pr\u0105\u017ckowanej bawe\u0142ny. &nbsp; Rozmiar M\/L Obw\u00f3d w biu\u015bcie 76 cm \u2013 96 cm Obw\u00f3d w pasie 64 cm \u2013 884 cm D\u0142ugo\u015b\u0107 ca\u0142kowita 73 cm Sk\u0142ad: 95 % bawe\u0142na, 5 % [&hellip;]<\/p>","protected":false},"featured_media":4979,"comment_status":"open","ping_status":"closed","template":"","meta":[],"product_brand":[],"product_cat":[106],"product_tag":[],"class_list":{"0":"post-4978","1":"product","2":"type-product","3":"status-publish","4":"has-post-thumbnail","6":"product_cat-body","8":"first","9":"instock","10":"shipping-taxable","11":"purchasable","12":"product-type-variable"},"_links":{"self":[{"href":"https:\/\/classysassybutik.pl\/en\/wp-json\/wp\/v2\/product\/4978","targetHints":{"allow":["GET"]}}],"collection":[{"href":"https:\/\/classysassybutik.pl\/en\/wp-json\/wp\/v2\/product"}],"about":[{"href":"https:\/\/classysassybutik.pl\/en\/wp-json\/wp\/v2\/types\/product"}],"replies":[{"embeddable":true,"href":"https:\/\/classysassybutik.pl\/en\/wp-json\/wp\/v2\/comments?post=4978"}],"wp:featuredmedia":[{"embeddable":true,"href":"https:\/\/classysassybutik.pl\/en\/wp-json\/wp\/v2\/media\/4979"}],"wp:attachment":[{"href":"https:\/\/classysassybutik.pl\/en\/wp-json\/wp\/v2\/media?parent=4978"}],"wp:term":[{"taxonomy":"product_brand","embeddable":true,"href":"https:\/\/classysassybutik.pl\/en\/wp-json\/wp\/v2\/product_brand?post=4978"},{"taxonomy":"product_cat","embeddable":true,"href":"https:\/\/classysassybutik.pl\/en\/wp-json\/wp\/v2\/product_cat?post=4978"},{"taxonomy":"product_tag","embeddable":true,"href":"https:\/\/classysassybutik.pl\/en\/wp-json\/wp\/v2\/product_tag?post=4978"}],"curies":[{"name":"wp","href":"https:\/\/api.w.org\/{rel}","templated":true}]}}