{"id":5010,"date":"2024-10-22T15:47:38","date_gmt":"2024-10-22T13:47:38","guid":{"rendered":"https:\/\/classysassybutik.pl\/?post_type=product&#038;p=5010"},"modified":"2025-02-13T17:33:13","modified_gmt":"2025-02-13T16:33:13","slug":"sukienka-z-roza-la-milla-fuksja","status":"publish","type":"product","link":"https:\/\/classysassybutik.pl\/en\/product\/sukienka-z-roza-la-milla-fuksja\/","title":{"rendered":"Rose Pillow Dress Fuchsia"},"content":{"rendered":"<p>Dress from\u00a0<a href=\"https:\/\/selavifashion.pl\/pl\/producer\/LaMilla\/44\" target=\"_blank\" rel=\"noopener\">LaMilla<\/a> sewn from stretch fabric, with a decorative fabric rose at the binding.<\/p>\n<p>&nbsp;<\/p>\n<p><strong>Original product of the Polish company LaMilla<\/strong><\/p>\n<p>&nbsp;<\/p>\n<p>Composition: polyester, viscose<\/p>\n<p>&nbsp;<\/p>\n<p><strong>Size XS\/S<br \/>\n<\/strong><\/p>\n<p>Width between armpits 45 cm x2<\/p>\n<p>Waist width cm 36 cmx2<\/p>\n<p>Hip width 45 cm x2<\/p>\n<p>Width at bottom 50 cm x2<\/p>\n<p>Length 88cm<\/p>\n<p>Sleeve length from shoulder 64cm<\/p>\n<p>Sleeve length from armpit 50 cm<\/p>","protected":false},"excerpt":{"rendered":"<p>Sukienka od\u00a0LaMilla uszyta z elastycznego materia\u0142u, z ozdobn\u0105 materia\u0142ow\u0105 r\u00f3\u017ca przy wi\u0105zaniu. &nbsp; Oryginalny produkt polskiej firmy LaMilla &nbsp; Sk\u0142ad: poliester, wiskoza &nbsp; Rozmiar XS\/S Szeroko\u015b\u0107 mi\u0119dzy pachami 45 cm x2 Szeroko\u015b\u0107 w talii cm 36 cmx2 Szeroko\u015b\u0107 w biodrach 45 cm x2 Szeroko\u015b\u0107 na dole 50 cm x2 D\u0142ugo\u015b\u0107 88cm D\u0142ugo\u015b\u0107 r\u0119kawa od ramienia [&hellip;]<\/p>","protected":false},"featured_media":5011,"comment_status":"open","ping_status":"closed","template":"","meta":[],"product_brand":[],"product_cat":[94,20],"product_tag":[],"class_list":{"0":"post-5010","1":"product","2":"type-product","3":"status-publish","4":"has-post-thumbnail","6":"product_cat-nowosci","7":"product_cat-sukienki","9":"first","10":"instock","11":"sale","12":"shipping-taxable","13":"purchasable","14":"product-type-variable"},"_links":{"self":[{"href":"https:\/\/classysassybutik.pl\/en\/wp-json\/wp\/v2\/product\/5010","targetHints":{"allow":["GET"]}}],"collection":[{"href":"https:\/\/classysassybutik.pl\/en\/wp-json\/wp\/v2\/product"}],"about":[{"href":"https:\/\/classysassybutik.pl\/en\/wp-json\/wp\/v2\/types\/product"}],"replies":[{"embeddable":true,"href":"https:\/\/classysassybutik.pl\/en\/wp-json\/wp\/v2\/comments?post=5010"}],"wp:featuredmedia":[{"embeddable":true,"href":"https:\/\/classysassybutik.pl\/en\/wp-json\/wp\/v2\/media\/5011"}],"wp:attachment":[{"href":"https:\/\/classysassybutik.pl\/en\/wp-json\/wp\/v2\/media?parent=5010"}],"wp:term":[{"taxonomy":"product_brand","embeddable":true,"href":"https:\/\/classysassybutik.pl\/en\/wp-json\/wp\/v2\/product_brand?post=5010"},{"taxonomy":"product_cat","embeddable":true,"href":"https:\/\/classysassybutik.pl\/en\/wp-json\/wp\/v2\/product_cat?post=5010"},{"taxonomy":"product_tag","embeddable":true,"href":"https:\/\/classysassybutik.pl\/en\/wp-json\/wp\/v2\/product_tag?post=5010"}],"curies":[{"name":"wp","href":"https:\/\/api.w.org\/{rel}","templated":true}]}}