{"id":5051,"date":"2024-10-30T11:32:58","date_gmt":"2024-10-30T10:32:58","guid":{"rendered":"https:\/\/classysassybutik.pl\/?post_type=product&#038;p=5051"},"modified":"2025-09-01T08:45:58","modified_gmt":"2025-09-01T06:45:58","slug":"spodniczko-spodenki-z-roza-bordo","status":"publish","type":"product","link":"https:\/\/classysassybutik.pl\/en\/product\/spodniczko-spodenki-z-roza-bordo\/","title":{"rendered":"Rose Bordeaux Skirt Shorts"},"content":{"rendered":"<p>Short shorts cut to imitate a skirt have become a permanent fashion trend.<br \/>\nMade from a pleasant fabric that will present itself phenomenally on the silhouette.<br \/>\nThe close-fitting cut combined with the high-waisted style effectively emphasises the feminine assets.<br \/>\nThey are distinguished by a subtle slit and decorated with graceful roses.<br \/>\nZipped at the side.<\/p>\n<p>Material composition: 60% viscose, 35% polyester, 5% elastane<\/p>\n<p>Polish product<\/p>\n<p>Size S:<br \/>\nOverall length: 38 cm<br \/>\nWaist width: 37 cm x2<br \/>\nWidth at hips: 48 cm x2<\/p>\n<p>Size M:<br \/>\nOverall length: 39 cm<br \/>\nWaist width: 39 cm x2<br \/>\nWidth at hips: 50 cm x2<\/p>\n<p>Size L:<br \/>\nOverall length: 40 cm<br \/>\nWaist width: 41 cm x2<br \/>\nWidth at hips: 52 cm x2<\/p>\n<p>Product measured flat. Dimensions +\/- 2cm.<\/p>","protected":false},"excerpt":{"rendered":"<p>Kr\u00f3tkie spodenki o kroju imituj\u0105cym sp\u00f3dnic\u0119 na sta\u0142e wpisa\u0142y si\u0119 w modowe trendy. Wykonane z przyjemnej tkaniny, kt\u00f3ra zjawiskowo zaprezentuje si\u0119 na sylwetce. Dopasowany fason w po\u0142\u0105czeniu z wysokim stanem efektownie podkre\u015bli kobiece atuty. Wyr\u00f3\u017cniaj\u0105 si\u0119 subtelnym rozci\u0119ciem oraz zdobieniem r\u00f3\u017cami nadaj\u0105cymi wdzi\u0119ku. Zapinane z boku na suwak. Sk\u0142ad materia\u0142u: 60% wiskoza, 35% poliester, 5% [&hellip;]<\/p>","protected":false},"featured_media":5052,"comment_status":"open","ping_status":"closed","template":"","meta":[],"product_brand":[],"product_cat":[94,110,31],"product_tag":[],"class_list":{"0":"post-5051","1":"product","2":"type-product","3":"status-publish","4":"has-post-thumbnail","6":"product_cat-nowosci","7":"product_cat-spodenki","8":"product_cat-spodnice","10":"first","11":"instock","12":"sale","13":"shipping-taxable","14":"purchasable","15":"product-type-variable"},"_links":{"self":[{"href":"https:\/\/classysassybutik.pl\/en\/wp-json\/wp\/v2\/product\/5051","targetHints":{"allow":["GET"]}}],"collection":[{"href":"https:\/\/classysassybutik.pl\/en\/wp-json\/wp\/v2\/product"}],"about":[{"href":"https:\/\/classysassybutik.pl\/en\/wp-json\/wp\/v2\/types\/product"}],"replies":[{"embeddable":true,"href":"https:\/\/classysassybutik.pl\/en\/wp-json\/wp\/v2\/comments?post=5051"}],"wp:featuredmedia":[{"embeddable":true,"href":"https:\/\/classysassybutik.pl\/en\/wp-json\/wp\/v2\/media\/5052"}],"wp:attachment":[{"href":"https:\/\/classysassybutik.pl\/en\/wp-json\/wp\/v2\/media?parent=5051"}],"wp:term":[{"taxonomy":"product_brand","embeddable":true,"href":"https:\/\/classysassybutik.pl\/en\/wp-json\/wp\/v2\/product_brand?post=5051"},{"taxonomy":"product_cat","embeddable":true,"href":"https:\/\/classysassybutik.pl\/en\/wp-json\/wp\/v2\/product_cat?post=5051"},{"taxonomy":"product_tag","embeddable":true,"href":"https:\/\/classysassybutik.pl\/en\/wp-json\/wp\/v2\/product_tag?post=5051"}],"curies":[{"name":"wp","href":"https:\/\/api.w.org\/{rel}","templated":true}]}}