{"id":5306,"date":"2024-11-16T05:30:50","date_gmt":"2024-11-16T04:30:50","guid":{"rendered":"https:\/\/classysassybutik.pl\/?post_type=product&#038;p=5306"},"modified":"2025-02-13T17:31:45","modified_gmt":"2025-02-13T16:31:45","slug":"spodnico-spodenki-z-rozcieciem-la-milla-bordowe","status":"publish","type":"product","link":"https:\/\/classysassybutik.pl\/en\/product\/spodnico-spodenki-z-rozcieciem-la-milla-bordowe\/","title":{"rendered":"Skirt-Shorts with Slit Maroon"},"content":{"rendered":"<p>A must have from <a href=\"https:\/\/selavifashion.pl\/pl\/producer\/LaMilla\/44\" target=\"_blank\" rel=\"noopener\">La Milla<\/a> skirts and shorts. The shorts, which are cut to look like a mini skirt, are a brilliant option for those wishing to feel incredibly feminine and comfortable at the same time.<\/p>\n<p>&nbsp;<\/p>\n<p><strong>Original product Polish LaMilla<\/strong><\/p>\n<p>&nbsp;<\/p>\n<p>Composition: 100% polyester<\/p>\n<p>&nbsp;<\/p>\n<p><strong>XS dimensions<\/strong><\/p>\n<p>Overall length 36cm<\/p>\n<p>Leg length 6cm<\/p>\n<p>State height 30cm<\/p>\n<p>Waist circumference 64cm<\/p>\n<p>Hip circumference 94cm<\/p>\n<p>&nbsp;<\/p>\n<p><strong>Dimensions S<\/strong><\/p>\n<p>Overall length 36cm<\/p>\n<p>Leg length 6cm<\/p>\n<p>State height 30cm<\/p>\n<p>Waist circumference 66cm<\/p>\n<p>Hip circumference 98cm<\/p>\n<p>&nbsp;<\/p>\n<p><strong>Dimensions M<\/strong><\/p>\n<p>Overall length 36cm<\/p>\n<p>Leg length 6cm<\/p>\n<p>State height 30cm<\/p>\n<p>Waist circumference 70cm<\/p>\n<p>Hip circumference 100cm<\/p>\n<p>&nbsp;<\/p>\n<p><strong>Dimensions L<\/strong><\/p>\n<p>Overall length 37cm<\/p>\n<p>Leg length 6cm<\/p>\n<p>State height 31cm<\/p>\n<p>Waist circumference 74cm<\/p>\n<p>Hip circumference 106cm<\/p>","protected":false},"excerpt":{"rendered":"<p>Must have od La Milla sp\u00f3dnico spodenki. Spodenki, kt\u00f3re krojem stylizowane s\u0105 na sp\u00f3dniczk\u0119 o d\u0142ugo\u015bci mini to genialna opcja dla os\u00f3b pragn\u0105cych czu\u0107 si\u0119 niesamowicie kobieco, a jednocze\u015bnie komfortowo. &nbsp; Oryginalny produkt\u00a0Polski LaMilla &nbsp; Sk\u0142ad: 100% poliester &nbsp; Wymiary XS D\u0142ugo\u015b\u0107 ca\u0142kowita 36cm D\u0142ugo\u015b\u0107 nogawki 6cm Wysoko\u015b\u0107 stanu 30cm Obw\u00f3d w pasie 64cm Obw\u00f3d [&hellip;]<\/p>","protected":false},"featured_media":5307,"comment_status":"open","ping_status":"closed","template":"","meta":[],"product_brand":[],"product_cat":[94,110,31],"product_tag":[],"class_list":{"0":"post-5306","1":"product","2":"type-product","3":"status-publish","4":"has-post-thumbnail","6":"product_cat-nowosci","7":"product_cat-spodenki","8":"product_cat-spodnice","10":"first","11":"instock","12":"sale","13":"shipping-taxable","14":"purchasable","15":"product-type-variable"},"_links":{"self":[{"href":"https:\/\/classysassybutik.pl\/en\/wp-json\/wp\/v2\/product\/5306","targetHints":{"allow":["GET"]}}],"collection":[{"href":"https:\/\/classysassybutik.pl\/en\/wp-json\/wp\/v2\/product"}],"about":[{"href":"https:\/\/classysassybutik.pl\/en\/wp-json\/wp\/v2\/types\/product"}],"replies":[{"embeddable":true,"href":"https:\/\/classysassybutik.pl\/en\/wp-json\/wp\/v2\/comments?post=5306"}],"wp:featuredmedia":[{"embeddable":true,"href":"https:\/\/classysassybutik.pl\/en\/wp-json\/wp\/v2\/media\/5307"}],"wp:attachment":[{"href":"https:\/\/classysassybutik.pl\/en\/wp-json\/wp\/v2\/media?parent=5306"}],"wp:term":[{"taxonomy":"product_brand","embeddable":true,"href":"https:\/\/classysassybutik.pl\/en\/wp-json\/wp\/v2\/product_brand?post=5306"},{"taxonomy":"product_cat","embeddable":true,"href":"https:\/\/classysassybutik.pl\/en\/wp-json\/wp\/v2\/product_cat?post=5306"},{"taxonomy":"product_tag","embeddable":true,"href":"https:\/\/classysassybutik.pl\/en\/wp-json\/wp\/v2\/product_tag?post=5306"}],"curies":[{"name":"wp","href":"https:\/\/api.w.org\/{rel}","templated":true}]}}