{"id":5520,"date":"2024-11-24T02:09:54","date_gmt":"2024-11-24T01:09:54","guid":{"rendered":"https:\/\/classysassybutik.pl\/?post_type=product&#038;p=5520"},"modified":"2025-12-14T16:28:55","modified_gmt":"2025-12-14T15:28:55","slug":"sukienka-lady-czerwona-dluga","status":"publish","type":"product","link":"https:\/\/classysassybutik.pl\/en\/product\/sukienka-lady-czerwona-dluga\/","title":{"rendered":"Dress Lady Red Long"},"content":{"rendered":"<p>The sensual Lady dress with its maxi length and flared cut is ideal for upcoming occasions. Made of high-quality stretch fabric. There is a subtle buttoned slit at the neck. The main advantage of the Lady dress is its neat draping, decorated with sewn-on flowers and a delicate stand-up collar. Polish manufacturer Cocomore.<\/p>\n<p>&nbsp;<\/p>\n<table class=\"sizes-table\">\n<tbody>\n<tr>\n<th class=\"sizes-table__head sizes-table__head--first\">DIMENSIONS<\/th>\n<th class=\"sizes-table__head text-center\">XS<\/th>\n<th class=\"sizes-table__head text-center\">S<\/th>\n<th class=\"sizes-table__head text-center\">M<\/th>\n<\/tr>\n<tr>\n<td class=\"sizes-table__sizes sizes-table__sizes--first\"><b>LENGTH TOTAL<\/b><\/td>\n<td class=\"sizes-table__sizes text-center\">141<\/td>\n<td class=\"sizes-table__sizes text-center\">142<\/td>\n<td class=\"sizes-table__sizes text-center\">143<\/td>\n<\/tr>\n<tr>\n<td class=\"sizes-table__sizes sizes-table__sizes--first\"><b>WIDTH AT THE SHOULDER<\/b><\/td>\n<td class=\"sizes-table__sizes text-center\">2 x 34<\/td>\n<td class=\"sizes-table__sizes text-center\">2 x 35<\/td>\n<td class=\"sizes-table__sizes text-center\">2 x 36<\/td>\n<\/tr>\n<tr>\n<td class=\"sizes-table__sizes sizes-table__sizes--first\"><b>WIDTH ARMPIT TO ARMPIT<\/b><\/td>\n<td class=\"sizes-table__sizes text-center\">2 x 40\/70<\/td>\n<td class=\"sizes-table__sizes text-center\">2 x 42\/72<\/td>\n<td class=\"sizes-table__sizes text-center\">2 x 45\/75<\/td>\n<\/tr>\n<tr>\n<td class=\"sizes-table__sizes sizes-table__sizes--first\"><b>WIDTH WAIST<\/b><\/td>\n<td class=\"sizes-table__sizes text-center\">2 x 34\/64<\/td>\n<td class=\"sizes-table__sizes text-center\">2 x 36\/66<\/td>\n<td class=\"sizes-table__sizes text-center\">2 x 38\/68<\/td>\n<\/tr>\n<tr>\n<td class=\"sizes-table__sizes sizes-table__sizes--first\"><b>WIDTH IN THE BODIES<\/b><\/td>\n<td class=\"sizes-table__sizes text-center\">2 x 48\/78<\/td>\n<td class=\"sizes-table__sizes text-center\">2 x 50\/80<\/td>\n<td class=\"sizes-table__sizes text-center\">2 x 52\/82<\/td>\n<\/tr>\n<tr>\n<td class=\"sizes-table__sizes sizes-table__sizes--first\"><b>LENGTH SLEEVE LENGTH FROM ARMPIT<\/b><\/td>\n<td class=\"sizes-table__sizes text-center\">55<\/td>\n<td class=\"sizes-table__sizes text-center\">55<\/td>\n<td class=\"sizes-table__sizes text-center\">55<\/td>\n<\/tr>\n<\/tbody>\n<\/table>","protected":false},"excerpt":{"rendered":"<p>Zmys\u0142owa sukienka Lady o d\u0142ugo\u015bci maxi i rozkloszowanym kroju jest idealna na nadchodz\u0105ce okazje. Wykonana z wysokiej jako\u015bci elastycznego materia\u0142u. Na szyi subtelne rozci\u0119cie zapinane na guzik. G\u0142\u00f3wn\u0105 zalet\u0105 sukienki Lady jest jej schludne drapowanie, zdobione naszytymi kwiatami i delikatnym st\u00f3jkowym ko\u0142nierzykiem. Polski producent Cocomore. &nbsp; WYMIARY XS S M D\u0141. CA\u0141KOWITA 141 142 143 [&hellip;]<\/p>","protected":false},"featured_media":5521,"comment_status":"open","ping_status":"closed","template":"","meta":[],"product_brand":[],"product_cat":[20,33],"product_tag":[],"class_list":{"0":"post-5520","1":"product","2":"type-product","3":"status-publish","4":"has-post-thumbnail","6":"product_cat-sukienki","7":"product_cat-wyprzedaz","9":"first","10":"instock","11":"sale","12":"shipping-taxable","13":"purchasable","14":"product-type-variable"},"_links":{"self":[{"href":"https:\/\/classysassybutik.pl\/en\/wp-json\/wp\/v2\/product\/5520","targetHints":{"allow":["GET"]}}],"collection":[{"href":"https:\/\/classysassybutik.pl\/en\/wp-json\/wp\/v2\/product"}],"about":[{"href":"https:\/\/classysassybutik.pl\/en\/wp-json\/wp\/v2\/types\/product"}],"replies":[{"embeddable":true,"href":"https:\/\/classysassybutik.pl\/en\/wp-json\/wp\/v2\/comments?post=5520"}],"wp:featuredmedia":[{"embeddable":true,"href":"https:\/\/classysassybutik.pl\/en\/wp-json\/wp\/v2\/media\/5521"}],"wp:attachment":[{"href":"https:\/\/classysassybutik.pl\/en\/wp-json\/wp\/v2\/media?parent=5520"}],"wp:term":[{"taxonomy":"product_brand","embeddable":true,"href":"https:\/\/classysassybutik.pl\/en\/wp-json\/wp\/v2\/product_brand?post=5520"},{"taxonomy":"product_cat","embeddable":true,"href":"https:\/\/classysassybutik.pl\/en\/wp-json\/wp\/v2\/product_cat?post=5520"},{"taxonomy":"product_tag","embeddable":true,"href":"https:\/\/classysassybutik.pl\/en\/wp-json\/wp\/v2\/product_tag?post=5520"}],"curies":[{"name":"wp","href":"https:\/\/api.w.org\/{rel}","templated":true}]}}