{"id":5606,"date":"2024-12-02T18:29:07","date_gmt":"2024-12-02T17:29:07","guid":{"rendered":"https:\/\/classysassybutik.pl\/?post_type=product&#038;p=5606"},"modified":"2025-07-07T09:49:46","modified_gmt":"2025-07-07T07:49:46","slug":"5606","status":"publish","type":"product","link":"https:\/\/classysassybutik.pl\/en\/product\/5606\/","title":{"rendered":"Spodnie Elegant  Ecru La Milla"},"content":{"rendered":"<div class=\"x78zum5 xh8yej3\" role=\"none\">\n<div class=\"x78zum5 xdt5ytf x193iq5w x1n2onr6 x1kxipp6 xuk3077\">\n<div class=\"x78zum5 xh8yej3\" role=\"none\">\n<div class=\"html-div xe8uvvx xdj266r x11i5rnm xat24cr x1mh8g0r xexx8yu x4uap5 x18d9i69 xkhd6sd x6ikm8r x10wlt62\">\n<div class=\"html-div xe8uvvx xdj266r x11i5rnm xat24cr x1mh8g0r x1tlxs6b x1g8br2z x1gn5b1j x230xth x14ctfv x1okitfd x1k4qllp x6ikm8r x10wlt62 x1y1aw1k xwib8y2 x1ye3gou xn6708d x1n2onr6 x1vjfegm x1mzt3pk x13faqbe x11jlvup xpmdkuv x154zaqr x12z03op xyhp3ou x13fuv20 xu3j5b3 x1q0q8m5 x26u7qi x1qzh56z xwjhk0h x1a35899 xfvoq21\" role=\"presentation\">\n<div class=\"x9f619 x1n2onr6 x1ja2u2z __fb-light-mode\" role=\"none\">\n<div class=\"x1gslohp x11i5rnm x12nagc x1mh8g0r x1yc453h x126k92a xyk4ms5\" dir=\"auto\">\n<p>La Milla's classic ecru-coloured trousers have been tailored from a smooth fabric that gently stretches. They have a high rise and a classic straight leg that adds an unconventional touch to the whole look.<\/p>\n<div class=\"x78zum5 xh8yej3\" role=\"none\">\n<div class=\"x78zum5 xdt5ytf x193iq5w x1n2onr6 x1kxipp6 xuk3077\">\n<div class=\"x78zum5 xh8yej3\" role=\"none\">\n<div class=\"html-div xe8uvvx xdj266r x11i5rnm xat24cr x1mh8g0r xexx8yu x4uap5 x18d9i69 xkhd6sd x6ikm8r x10wlt62\">\n<div class=\"html-div xe8uvvx xdj266r x11i5rnm xat24cr x1mh8g0r x1tlxs6b x1g8br2z x1gn5b1j x230xth x14ctfv x1okitfd x1k4qllp x6ikm8r x10wlt62 x1y1aw1k xwib8y2 x1ye3gou xn6708d x1n2onr6 x1vjfegm x1mzt3pk x13faqbe x11jlvup xpmdkuv x154zaqr x12z03op xyhp3ou x13fuv20 xu3j5b3 x1q0q8m5 x26u7qi x1qzh56z xwjhk0h x1a35899 xfvoq21\" role=\"presentation\">\n<div class=\"x9f619 x1n2onr6 x1ja2u2z __fb-light-mode\" role=\"none\">\n<div dir=\"auto\"><\/div>\n<div class=\"x1gslohp x11i5rnm x12nagc x1mh8g0r x1yc453h x126k92a xyk4ms5\" dir=\"auto\">This is a great option for women who go for an elegant look in their styling. They can also be combined with a casual style.<\/div>\n<div dir=\"auto\">They will work perfectly in combination with\u00a0<a href=\"https:\/\/fashionstory.com.pl\/kategoria\/t-shirty\/\" target=\"_blank\" rel=\"noopener\"><em><strong>T-shirts<\/strong> , <\/em><\/a><a href=\"https:\/\/fashionstory.com.pl\/kategoria\/bluzki-i-koszule\/\" target=\"_blank\" rel=\"noopener\"><em><strong>shirts<\/strong><\/em><\/a>i <a href=\"https:\/\/fashionstory.com.pl\/kategoria\/marynarki\/\" target=\"_blank\" rel=\"noopener\"><em><strong>jackets<\/strong><\/em><\/a>.<\/div>\n<\/div>\n<\/div>\n<\/div>\n<\/div>\n<\/div>\n<\/div>\n<div class=\"html-div xe8uvvx xdj266r x11i5rnm xat24cr x1mh8g0r xexx8yu x4uap5 x18d9i69 xkhd6sd x1h91t0o xkh2ocl x78zum5 xdt5ytf x13a6bvl x193iq5w x1c4vz4f x1eb86dx\" role=\"presentation\">\n<div class=\"product-card__full-desc\">\n<div id=\"__BVID__86\" class=\"tabs\">\n<div id=\"__BVID__86__BV_tab_container_\" class=\"tab-content\">\n<div id=\"__BVID__87\" class=\"tab-pane no-underline show active fade\" tabindex=\"0\" role=\"tabpanel\" aria-hidden=\"false\" aria-labelledby=\"__BVID__87___BV_tab_button__\">\n<p>&nbsp;<\/p>\n<p><strong>Size XS:<\/strong><\/p>\n<p>Overall length: 110 cm<br \/>\nLeg length: 83 cm<br \/>\nState height: 27 cm<br \/>\nWaist circumference: 60 cm<br \/>\nHip circumference: 84 cm<\/p>\n<\/div>\n<\/div>\n<\/div>\n<\/div>\n<\/div>\n<\/div>\n<\/div>\n<\/div>\n<\/div>\n<\/div>\n<\/div>\n<\/div>\n<div class=\"html-div xe8uvvx xdj266r x11i5rnm xat24cr x1mh8g0r xexx8yu x4uap5 x18d9i69 xkhd6sd x1h91t0o xkh2ocl x78zum5 xdt5ytf x13a6bvl x193iq5w x1c4vz4f x1eb86dx\" role=\"presentation\">\n<div class=\"product-card__full-desc\">\n<div id=\"__BVID__86\" class=\"tabs\">\n<div id=\"__BVID__86__BV_tab_container_\" class=\"tab-content\">\n<div id=\"__BVID__87\" class=\"tab-pane no-underline show active fade\" tabindex=\"0\" role=\"tabpanel\" aria-hidden=\"false\" aria-labelledby=\"__BVID__87___BV_tab_button__\">\n<p>&nbsp;<\/p>\n<p><strong>Size S dimensions: <\/strong><\/p>\n<p>Overall length: 110 cm<br \/>\nLeg length: 83 cm<br \/>\nState height: 27 cm<br \/>\nWaist circumference: 64 cm<br \/>\nHip circumference: 92 cm<\/p>\n<p>&nbsp;<\/p>\n<p><strong>Size M:<\/strong><\/p>\n<p>Overall length: 110 cm<br \/>\nLeg length: 83 cm<br \/>\nState height: 27 cm<br \/>\nWaist circumference: 68 cm<br \/>\nHip circumference: 100 cm<\/p>\n<p>&nbsp;<\/p>\n<p><strong>Size L:<\/strong><\/p>\n<p>Overall length: 110 cm<br \/>\nLeg length: 83 cm<br \/>\nState height: 27 cm<br \/>\nWaist circumference: 74 cm<br \/>\nHip circumference: 100 cm<\/p>\n<\/div>\n<\/div>\n<\/div>\n<\/div>\n<\/div>","protected":false},"excerpt":{"rendered":"<p>Klasyczne spodnie La Milla w kolorze ecru zosta\u0142y uszyte z g\u0142adkiego materia\u0142u, kt\u00f3ry delikatnie si\u0119 naci\u0105ga. Posiadaj\u0105 wysoki stan i klasyczn\u0105 prost\u0105 nogawk\u0119, kt\u00f3ra dodaje ca\u0142ej stylizacji nietuzinkowego charakteru. Jest to \u015bwietna propozycja dla kobiet, kt\u00f3re w swoich stylizacjach stawiaj\u0105 na elegancki look. Mo\u017cna je r\u00f3wnie\u017c \u0142\u0105czy\u0107 z casualowym stylem. Doskonale sprawdz\u0105 si\u0119 w po\u0142\u0105czeniu [&hellip;]<\/p>","protected":false},"featured_media":5608,"comment_status":"open","ping_status":"closed","template":"","meta":[],"product_brand":[],"product_cat":[30],"product_tag":[],"class_list":{"0":"post-5606","1":"product","2":"type-product","3":"status-publish","4":"has-post-thumbnail","6":"product_cat-spodnie","8":"first","9":"instock","10":"sale","11":"shipping-taxable","12":"purchasable","13":"product-type-variable"},"_links":{"self":[{"href":"https:\/\/classysassybutik.pl\/en\/wp-json\/wp\/v2\/product\/5606","targetHints":{"allow":["GET"]}}],"collection":[{"href":"https:\/\/classysassybutik.pl\/en\/wp-json\/wp\/v2\/product"}],"about":[{"href":"https:\/\/classysassybutik.pl\/en\/wp-json\/wp\/v2\/types\/product"}],"replies":[{"embeddable":true,"href":"https:\/\/classysassybutik.pl\/en\/wp-json\/wp\/v2\/comments?post=5606"}],"wp:featuredmedia":[{"embeddable":true,"href":"https:\/\/classysassybutik.pl\/en\/wp-json\/wp\/v2\/media\/5608"}],"wp:attachment":[{"href":"https:\/\/classysassybutik.pl\/en\/wp-json\/wp\/v2\/media?parent=5606"}],"wp:term":[{"taxonomy":"product_brand","embeddable":true,"href":"https:\/\/classysassybutik.pl\/en\/wp-json\/wp\/v2\/product_brand?post=5606"},{"taxonomy":"product_cat","embeddable":true,"href":"https:\/\/classysassybutik.pl\/en\/wp-json\/wp\/v2\/product_cat?post=5606"},{"taxonomy":"product_tag","embeddable":true,"href":"https:\/\/classysassybutik.pl\/en\/wp-json\/wp\/v2\/product_tag?post=5606"}],"curies":[{"name":"wp","href":"https:\/\/api.w.org\/{rel}","templated":true}]}}