{"id":5737,"date":"2024-12-05T15:44:09","date_gmt":"2024-12-05T14:44:09","guid":{"rendered":"https:\/\/classysassybutik.pl\/?post_type=product&#038;p=5737"},"modified":"2025-02-13T17:27:49","modified_gmt":"2025-02-13T16:27:49","slug":"sukienka-siateczka-panterka-la-milla-burgundowa","status":"publish","type":"product","link":"https:\/\/classysassybutik.pl\/en\/product\/sukienka-siateczka-panterka-la-milla-burgundowa\/","title":{"rendered":"Burgundy Leopard Mesh Dress"},"content":{"rendered":"<p>The burgundy mesh panther maxi dress is a bold yet elegant choice for lovers of unconventional styling. The fitted cut with transparent sleeves and a striking leopard pattern emphasises the silhouette, adding a predatory touch. The maxi length and semi-transparent hem create an interesting, sensual effect, ideal for evening outings or parties.<\/p>\n<p>&nbsp;<\/p>\n<p><strong>Size XS\/S:<\/strong><\/p>\n<div class=\"product-desc-size-item product-desc-size-item-XS\">\n<div class=\"product-desc-size-text\">\n<p>Overall length: 132cm<\/p>\n<p>Width from armpit to armpit: 78cm<\/p>\n<p>Sleeve length from armpit: 61cm<\/p>\n<p>Sleeve length from shoulder :73cm<\/p>\n<p>Waist width: 72cm<\/p>\n<p>Width at hips: 80cm<\/p>\n<\/div>\n<\/div>\n<div class=\"product-desc-sizes\">\n<div class=\"product-desc-size-item product-desc-size-item-1\">\n<div><\/div>\n<div class=\"product-desc-size-header\"><strong>Size M\/L:<\/strong><\/div>\n<div class=\"product-desc-size-text\">\n<p>Overall length: 133cm<\/p>\n<p>Width from armpit to armpit: 80cm<\/p>\n<p>Sleeve length from armpit: 62cm<\/p>\n<p>Sleeve length from shoulder : 74cm<\/p>\n<p>Waist width: 74cm<\/p>\n<p>Width at hips: 82cm<\/p>\n<\/div>\n<div class=\"product-desc-size-item product-desc-size-item-1\">\n<p>&nbsp;<\/p>\n<p><strong>Composition:<\/strong><\/p>\n<p>Viscose 95%<\/p>\n<p>Elastane 5%<\/p>\n<\/div>\n<p>&nbsp;<\/p>\n<\/div>\n<\/div>","protected":false},"excerpt":{"rendered":"<p>Burgundowa siateczkowa sukienka maxi w panterk\u0119 to odwa\u017cna, a zarazem elegancka propozycja dla mi\u0142o\u015bniczek nietuzinkowych stylizacji. Dopasowany kr\u00f3j z transparentnymi r\u0119kawami i efektownym wzorem w panterk\u0119 podkre\u015bla sylwetk\u0119, dodaj\u0105c jej drapie\u017cnego charakteru. D\u0142ugo\u015b\u0107 maxi oraz p\u00f3\u0142przezroczysty d\u00f3\u0142 tworz\u0105 ciekawy, zmys\u0142owy efekt, idealny na wieczorne wyj\u015bcia czy imprezy &nbsp; Rozmiar XS\/S: D\u0142ugo\u015b\u0107 ca\u0142kowita: 132cm Szeroko\u015b\u0107 od [&hellip;]<\/p>","protected":false},"featured_media":5738,"comment_status":"open","ping_status":"closed","template":"","meta":[],"product_brand":[],"product_cat":[94,20],"product_tag":[],"class_list":{"0":"post-5737","1":"product","2":"type-product","3":"status-publish","4":"has-post-thumbnail","6":"product_cat-nowosci","7":"product_cat-sukienki","9":"first","10":"instock","11":"shipping-taxable","12":"purchasable","13":"product-type-variable"},"_links":{"self":[{"href":"https:\/\/classysassybutik.pl\/en\/wp-json\/wp\/v2\/product\/5737","targetHints":{"allow":["GET"]}}],"collection":[{"href":"https:\/\/classysassybutik.pl\/en\/wp-json\/wp\/v2\/product"}],"about":[{"href":"https:\/\/classysassybutik.pl\/en\/wp-json\/wp\/v2\/types\/product"}],"replies":[{"embeddable":true,"href":"https:\/\/classysassybutik.pl\/en\/wp-json\/wp\/v2\/comments?post=5737"}],"wp:featuredmedia":[{"embeddable":true,"href":"https:\/\/classysassybutik.pl\/en\/wp-json\/wp\/v2\/media\/5738"}],"wp:attachment":[{"href":"https:\/\/classysassybutik.pl\/en\/wp-json\/wp\/v2\/media?parent=5737"}],"wp:term":[{"taxonomy":"product_brand","embeddable":true,"href":"https:\/\/classysassybutik.pl\/en\/wp-json\/wp\/v2\/product_brand?post=5737"},{"taxonomy":"product_cat","embeddable":true,"href":"https:\/\/classysassybutik.pl\/en\/wp-json\/wp\/v2\/product_cat?post=5737"},{"taxonomy":"product_tag","embeddable":true,"href":"https:\/\/classysassybutik.pl\/en\/wp-json\/wp\/v2\/product_tag?post=5737"}],"curies":[{"name":"wp","href":"https:\/\/api.w.org\/{rel}","templated":true}]}}