{"id":5752,"date":"2024-12-05T15:49:20","date_gmt":"2024-12-05T14:49:20","guid":{"rendered":"https:\/\/classysassybutik.pl\/?post_type=product&#038;p=5752"},"modified":"2025-02-13T17:27:36","modified_gmt":"2025-02-13T16:27:36","slug":"sukienka-siateczka-maki-la-milla","status":"publish","type":"product","link":"https:\/\/classysassybutik.pl\/en\/product\/sukienka-siateczka-maki-la-milla\/","title":{"rendered":"Maki net dress"},"content":{"rendered":"<p>Siateczkowa sukienka maxi w maki La Milla to elegancka i zmys\u0142owa propozycja na wyj\u0105tkowe okazje. Sukienka wykonana jest z delikatnej siateczki, kt\u00f3ra subtelnie otula sylwetk\u0119, a jej kwiatowy wz\u00f3r w odcieniach czerwieni dodaje odwa\u017cnego charakteru.<\/p>\n<p><strong>Size XS\/S:<\/strong><\/p>\n<div class=\"product-desc-size-item product-desc-size-item-XS\">\n<div class=\"product-desc-size-text\">\n<p>Overall length: 132cm<\/p>\n<p>Width from armpit to armpit: 78cm<\/p>\n<p>Sleeve length from armpit: 61cm<\/p>\n<p>Sleeve length from shoulder :73cm<\/p>\n<p>Waist width: 72cm<\/p>\n<p>Width at hips: 80cm<\/p>\n<\/div>\n<\/div>\n<div class=\"product-desc-sizes\">\n<div class=\"product-desc-size-item product-desc-size-item-1\">\n<div><\/div>\n<div class=\"product-desc-size-header\"><strong>Size M\/L:<\/strong><\/div>\n<div class=\"product-desc-size-text\">\n<p>Overall length: 133cm<\/p>\n<p>Width from armpit to armpit: 80cm<\/p>\n<p>Sleeve length from armpit: 62cm<\/p>\n<p>Sleeve length from shoulder : 74cm<\/p>\n<p>Waist width: 74cm<\/p>\n<p>Width at hips: 82cm<\/p>\n<\/div>\n<div class=\"product-desc-size-item product-desc-size-item-1\">\n<p>&nbsp;<\/p>\n<p><strong>Composition:<\/strong><\/p>\n<p>Viscose 95%<\/p>\n<p>Elastane 5%<\/p>\n<\/div>\n<p>&nbsp;<\/p>\n<\/div>\n<\/div>","protected":false},"excerpt":{"rendered":"<p>Siateczkowa sukienka maxi w maki La Milla to elegancka i zmys\u0142owa propozycja na wyj\u0105tkowe okazje. Sukienka wykonana jest z delikatnej siateczki, kt\u00f3ra subtelnie otula sylwetk\u0119, a jej kwiatowy wz\u00f3r w odcieniach czerwieni dodaje odwa\u017cnego charakteru. Rozmiar XS\/S: D\u0142ugo\u015b\u0107 ca\u0142kowita: 132cm Szeroko\u015b\u0107 od pachy do pachy: 78cm D\u0142ugo\u015b\u0107 r\u0119kawa od pachy: 61cm D\u0142ugo\u015b\u0107 r\u0119kawa od ramienia [&hellip;]<\/p>","protected":false},"featured_media":4521,"comment_status":"open","ping_status":"closed","template":"","meta":[],"product_brand":[],"product_cat":[94,20],"product_tag":[],"class_list":{"0":"post-5752","1":"product","2":"type-product","3":"status-publish","4":"has-post-thumbnail","6":"product_cat-nowosci","7":"product_cat-sukienki","9":"first","10":"instock","11":"shipping-taxable","12":"purchasable","13":"product-type-variable"},"_links":{"self":[{"href":"https:\/\/classysassybutik.pl\/en\/wp-json\/wp\/v2\/product\/5752","targetHints":{"allow":["GET"]}}],"collection":[{"href":"https:\/\/classysassybutik.pl\/en\/wp-json\/wp\/v2\/product"}],"about":[{"href":"https:\/\/classysassybutik.pl\/en\/wp-json\/wp\/v2\/types\/product"}],"replies":[{"embeddable":true,"href":"https:\/\/classysassybutik.pl\/en\/wp-json\/wp\/v2\/comments?post=5752"}],"wp:featuredmedia":[{"embeddable":true,"href":"https:\/\/classysassybutik.pl\/en\/wp-json\/wp\/v2\/media\/4521"}],"wp:attachment":[{"href":"https:\/\/classysassybutik.pl\/en\/wp-json\/wp\/v2\/media?parent=5752"}],"wp:term":[{"taxonomy":"product_brand","embeddable":true,"href":"https:\/\/classysassybutik.pl\/en\/wp-json\/wp\/v2\/product_brand?post=5752"},{"taxonomy":"product_cat","embeddable":true,"href":"https:\/\/classysassybutik.pl\/en\/wp-json\/wp\/v2\/product_cat?post=5752"},{"taxonomy":"product_tag","embeddable":true,"href":"https:\/\/classysassybutik.pl\/en\/wp-json\/wp\/v2\/product_tag?post=5752"}],"curies":[{"name":"wp","href":"https:\/\/api.w.org\/{rel}","templated":true}]}}