{"id":5896,"date":"2024-12-20T09:12:15","date_gmt":"2024-12-20T08:12:15","guid":{"rendered":"https:\/\/classysassybutik.pl\/?post_type=product&#038;p=5896"},"modified":"2025-04-29T17:36:06","modified_gmt":"2025-04-29T15:36:06","slug":"bluzka-koronkowa-z-polgolfem-la-milla-bordowa","status":"publish","type":"product","link":"https:\/\/classysassybutik.pl\/en\/product\/bluzka-koronkowa-z-polgolfem-la-milla-bordowa\/","title":{"rendered":"Lace blouse with half turtleneck Maroon"},"content":{"rendered":"<p>An exceptional blouse in black lace in a deep burgundy shade is the perfect choice for women who appreciate elegance and feminine style. The fitted cut and half-golf emphasise the silhouette, while the long lace sleeves add a chic touch. It is the perfect choice for special occasions such as evening outings, celebrations or romantic dinners. The nice-to-touch, stretchy fabric guarantees all-day comfort. Pairs well with pencil skirts, elegant trousers or jeans to create styles for a variety of occasions from casual to special.<\/p>\n<h4><strong>Dimensions and composition:<\/strong><\/h4>\n<ul>\n<li><strong>Material:<\/strong> 95% viscose, 5% elastane - pleasant to the touch and stretchy.<\/li>\n<li><strong>Size XS\/S:<\/strong>\n<ul>\n<li>Overall length: 56 cm<\/li>\n<li>Bust circumference: 70-96 cm (when stretched)<\/li>\n<li>Waist circumference: 66-86 cm (when stretched)<\/li>\n<li>Sleeve length from shoulder: 76 cm<\/li>\n<li>Sleeve length from armpit: 65 cm<\/li>\n<\/ul>\n<\/li>\n<li><strong>Size M\/L:<\/strong>\n<ul>\n<li>Overall length: 60 cm<\/li>\n<li>Bust circumference: 80-106 cm (when stretched)<\/li>\n<li>Waist circumference: 72-96 cm (when stretched)<\/li>\n<li>Sleeve length from shoulder: 76 cm<\/li>\n<li>Sleeve length from armpit: 65 cm<\/li>\n<\/ul>\n<\/li>\n<\/ul>","protected":false},"excerpt":{"rendered":"<p>Wyj\u0105tkowa bluzka z czarnej koronki w odcieniu g\u0142\u0119bokiego burgundu to idealna propozycja dla kobiet ceni\u0105cych elegancj\u0119 i kobiecy styl. Dopasowany kr\u00f3j i p\u00f3\u0142golf podkre\u015blaj\u0105 sylwetk\u0119, a d\u0142ugie r\u0119kawy z koronki dodaj\u0105 szyku. To doskona\u0142y wyb\u00f3r na specjalne okazje, takie jak wieczorne wyj\u015bcia, uroczysto\u015bci czy romantyczne kolacje. Mi\u0142a w dotyku, elastyczna tkanina gwarantuje komfort noszenia przez [&hellip;]<\/p>","protected":false},"featured_media":5897,"comment_status":"open","ping_status":"closed","template":"","meta":[],"product_brand":[],"product_cat":[28,33],"product_tag":[],"class_list":{"0":"post-5896","1":"product","2":"type-product","3":"status-publish","4":"has-post-thumbnail","6":"product_cat-bluzki","7":"product_cat-wyprzedaz","9":"first","10":"instock","11":"sale","12":"shipping-taxable","13":"purchasable","14":"product-type-variable"},"_links":{"self":[{"href":"https:\/\/classysassybutik.pl\/en\/wp-json\/wp\/v2\/product\/5896","targetHints":{"allow":["GET"]}}],"collection":[{"href":"https:\/\/classysassybutik.pl\/en\/wp-json\/wp\/v2\/product"}],"about":[{"href":"https:\/\/classysassybutik.pl\/en\/wp-json\/wp\/v2\/types\/product"}],"replies":[{"embeddable":true,"href":"https:\/\/classysassybutik.pl\/en\/wp-json\/wp\/v2\/comments?post=5896"}],"wp:featuredmedia":[{"embeddable":true,"href":"https:\/\/classysassybutik.pl\/en\/wp-json\/wp\/v2\/media\/5897"}],"wp:attachment":[{"href":"https:\/\/classysassybutik.pl\/en\/wp-json\/wp\/v2\/media?parent=5896"}],"wp:term":[{"taxonomy":"product_brand","embeddable":true,"href":"https:\/\/classysassybutik.pl\/en\/wp-json\/wp\/v2\/product_brand?post=5896"},{"taxonomy":"product_cat","embeddable":true,"href":"https:\/\/classysassybutik.pl\/en\/wp-json\/wp\/v2\/product_cat?post=5896"},{"taxonomy":"product_tag","embeddable":true,"href":"https:\/\/classysassybutik.pl\/en\/wp-json\/wp\/v2\/product_tag?post=5896"}],"curies":[{"name":"wp","href":"https:\/\/api.w.org\/{rel}","templated":true}]}}