{"id":5922,"date":"2024-12-20T09:40:35","date_gmt":"2024-12-20T08:40:35","guid":{"rendered":"https:\/\/classysassybutik.pl\/?post_type=product&#038;p=5922"},"modified":"2025-04-29T17:26:45","modified_gmt":"2025-04-29T15:26:45","slug":"bluzka-siatka-gwiazdki-la-milla","status":"publish","type":"product","link":"https:\/\/classysassybutik.pl\/en\/product\/bluzka-siatka-gwiazdki-la-milla\/","title":{"rendered":"Mesh Blouse Stars"},"content":{"rendered":"<p>Blouse by <a href=\"https:\/\/selavifashion.pl\/pl\/producer\/LaMilla\/44\" target=\"_blank\" rel=\"noopener\">LaMilla<\/a> sewn from mesh fabric, in a beautiful pattern of tiny stars.<\/p>\n<p>&nbsp;<\/p>\n<p><strong>Original Polish product LaMilla\u00a0\u00a0<\/strong><\/p>\n<p>&nbsp;<\/p>\n<p>Composition: 95%viscose, 5%elastane<\/p>\n<p>&nbsp;<\/p>\n<p><strong>Size XS\/S<br \/>\n<\/strong><\/p>\n<p>width between armpits 40cm x2<\/p>\n<p>Width at bottom 42cm x2<\/p>\n<p>Blouse length 54cm<\/p>\n<p>Sleeve length from shoulder 80cm<\/p>\n<p>Sleeve length to armpit 68cm<\/p>\n<p>&nbsp;<\/p>\n<p><strong>Size M\/L<br \/>\n<\/strong><\/p>\n<p>width between armpits 41cm x2<\/p>\n<p>Width at bottom 44cm x2<\/p>\n<p>Blouse length 58cm<\/p>\n<p>Sleeve length from shoulder 80cm<\/p>\n<p>Sleeve length to armpit 68cm<\/p>\n<p>&nbsp;<\/p>","protected":false},"excerpt":{"rendered":"<p>Bluzka firmy LaMilla uszyta z tkaniny siatkowej, w pi\u0119kny wz\u00f3r drobnych gwiazdek. &nbsp; Oryginalny produkt polski LaMilla\u00a0\u00a0 &nbsp; Sk\u0142ad: 95%wiskoza, 5%elastan &nbsp; Rozmiar XS\/S szeroko\u015b\u0107 mi\u0119dzy pachami 40cm x2 szeroko\u015b\u0107 na dole 42cm x2 d\u0142ugo\u015b\u0107 bluzki 54cm d\u0142ugo\u015b\u0107 r\u0119kawa od ramienia 80cm d\u0142ugo\u015b\u0107 r\u0119kawa do pachy 68cm &nbsp; Rozmiar M\/L szeroko\u015b\u0107 mi\u0119dzy pachami 41cm x2 [&hellip;]<\/p>","protected":false},"featured_media":5923,"comment_status":"open","ping_status":"closed","template":"","meta":[],"product_brand":[],"product_cat":[28,33],"product_tag":[],"class_list":{"0":"post-5922","1":"product","2":"type-product","3":"status-publish","4":"has-post-thumbnail","6":"product_cat-bluzki","7":"product_cat-wyprzedaz","9":"first","10":"instock","11":"sale","12":"shipping-taxable","13":"purchasable","14":"product-type-variable"},"_links":{"self":[{"href":"https:\/\/classysassybutik.pl\/en\/wp-json\/wp\/v2\/product\/5922","targetHints":{"allow":["GET"]}}],"collection":[{"href":"https:\/\/classysassybutik.pl\/en\/wp-json\/wp\/v2\/product"}],"about":[{"href":"https:\/\/classysassybutik.pl\/en\/wp-json\/wp\/v2\/types\/product"}],"replies":[{"embeddable":true,"href":"https:\/\/classysassybutik.pl\/en\/wp-json\/wp\/v2\/comments?post=5922"}],"wp:featuredmedia":[{"embeddable":true,"href":"https:\/\/classysassybutik.pl\/en\/wp-json\/wp\/v2\/media\/5923"}],"wp:attachment":[{"href":"https:\/\/classysassybutik.pl\/en\/wp-json\/wp\/v2\/media?parent=5922"}],"wp:term":[{"taxonomy":"product_brand","embeddable":true,"href":"https:\/\/classysassybutik.pl\/en\/wp-json\/wp\/v2\/product_brand?post=5922"},{"taxonomy":"product_cat","embeddable":true,"href":"https:\/\/classysassybutik.pl\/en\/wp-json\/wp\/v2\/product_cat?post=5922"},{"taxonomy":"product_tag","embeddable":true,"href":"https:\/\/classysassybutik.pl\/en\/wp-json\/wp\/v2\/product_tag?post=5922"}],"curies":[{"name":"wp","href":"https:\/\/api.w.org\/{rel}","templated":true}]}}