{"id":6078,"date":"2025-01-05T10:15:58","date_gmt":"2025-01-05T09:15:58","guid":{"rendered":"https:\/\/classysassybutik.pl\/?post_type=product&#038;p=6078"},"modified":"2025-03-10T10:45:14","modified_gmt":"2025-03-10T09:45:14","slug":"spodnie-classy-szeroka-nogawka-czarne","status":"publish","type":"product","link":"https:\/\/classysassybutik.pl\/en\/product\/spodnie-classy-szeroka-nogawka-czarne\/","title":{"rendered":"Classy Wide Leg Pants Black"},"content":{"rendered":"<p>Loose-fitting, wide-leg trousers are a great choice for this season. The high rise and pleats expose the waist. There is an elastic waistband for a perfect fit. There are practical pockets on the sides.<\/p>\n<p>Polish producer Cocomore<\/p>\n<p>Composition: 65% Polyamide; 33% Rayon;<\/p>\n<p>2% Elastane<\/p>\n<p>&nbsp;<\/p>\n<table class=\"sizes-table\">\n<tbody>\n<tr>\n<th class=\"sizes-table__head sizes-table__head--first\">DIMENSIONS<\/th>\n<th class=\"sizes-table__head text-center\">S<\/th>\n<th class=\"sizes-table__head text-center\">M<\/th>\n<th class=\"sizes-table__head text-center\">L<\/th>\n<\/tr>\n<tr>\n<td class=\"sizes-table__sizes sizes-table__sizes--first\"><b>TOTAL LENGTH<\/b><\/td>\n<td class=\"sizes-table__sizes text-center\">109<\/td>\n<td class=\"sizes-table__sizes text-center\">109<\/td>\n<td class=\"sizes-table__sizes text-center\">110<\/td>\n<\/tr>\n<tr>\n<td class=\"sizes-table__sizes sizes-table__sizes--first\"><b>LENGTH LEG FROM CROTCH<\/b><\/td>\n<td class=\"sizes-table__sizes text-center\">74<\/td>\n<td class=\"sizes-table__sizes text-center\">74<\/td>\n<td class=\"sizes-table__sizes text-center\">75<\/td>\n<\/tr>\n<tr>\n<td class=\"sizes-table__sizes sizes-table__sizes--first\"><b>FRONT HEIGHT<\/b><\/td>\n<td class=\"sizes-table__sizes text-center\">42<\/td>\n<td class=\"sizes-table__sizes text-center\">43<\/td>\n<td class=\"sizes-table__sizes text-center\">44<\/td>\n<\/tr>\n<tr>\n<td class=\"sizes-table__sizes sizes-table__sizes--first\"><b>WIDTH IN THE BODIES<\/b><\/td>\n<td class=\"sizes-table__sizes text-center\">2 x 74<\/td>\n<td class=\"sizes-table__sizes text-center\">2 x 76<\/td>\n<td class=\"sizes-table__sizes text-center\">2 x 78<\/td>\n<\/tr>\n<tr>\n<td class=\"sizes-table__sizes sizes-table__sizes--first\"><b>WIDTH BELT<\/b><\/td>\n<td class=\"sizes-table__sizes text-center\">2 x 34\/50<\/td>\n<td class=\"sizes-table__sizes text-center\">2 x 36\/52<\/td>\n<td class=\"sizes-table__sizes text-center\">2 x 38\/54<\/td>\n<\/tr>\n<tr>\n<td class=\"sizes-table__sizes sizes-table__sizes--first\"><b>WID. IN SHOW<\/b><\/td>\n<td class=\"sizes-table__sizes text-center\">2 x 46<\/td>\n<td class=\"sizes-table__sizes text-center\">2 x 47<\/td>\n<td class=\"sizes-table__sizes text-center\">2 x 47<\/td>\n<\/tr>\n<\/tbody>\n<\/table>","protected":false},"excerpt":{"rendered":"<p>Lu\u017ano skrojone, szerokie nogawki spodni to \u015bwietny wyb\u00f3r na ten sezon. Wysoki stan i zak\u0142adki eksponuj\u0105 tali\u0119. W pasie znajduje si\u0119 gumka, kt\u00f3ra zapewnia idealne dopasowanie. Po bokach znajduj\u0105 si\u0119 praktyczne kieszenie. Producent Polski Cocomore Sk\u0142ad: 65% Poliamid; 33% Rayon; 2% Elastan &nbsp; WYMIARY S M L D\u0141.CA\u0141KOWITA 109 109 110 D\u0141. NOGAWKI OD KROKU [&hellip;]<\/p>","protected":false},"featured_media":5981,"comment_status":"open","ping_status":"closed","template":"","meta":[],"product_brand":[],"product_cat":[94,30],"product_tag":[],"class_list":{"0":"post-6078","1":"product","2":"type-product","3":"status-publish","4":"has-post-thumbnail","6":"product_cat-nowosci","7":"product_cat-spodnie","9":"first","10":"instock","11":"shipping-taxable","12":"purchasable","13":"product-type-variable"},"_links":{"self":[{"href":"https:\/\/classysassybutik.pl\/en\/wp-json\/wp\/v2\/product\/6078","targetHints":{"allow":["GET"]}}],"collection":[{"href":"https:\/\/classysassybutik.pl\/en\/wp-json\/wp\/v2\/product"}],"about":[{"href":"https:\/\/classysassybutik.pl\/en\/wp-json\/wp\/v2\/types\/product"}],"replies":[{"embeddable":true,"href":"https:\/\/classysassybutik.pl\/en\/wp-json\/wp\/v2\/comments?post=6078"}],"wp:featuredmedia":[{"embeddable":true,"href":"https:\/\/classysassybutik.pl\/en\/wp-json\/wp\/v2\/media\/5981"}],"wp:attachment":[{"href":"https:\/\/classysassybutik.pl\/en\/wp-json\/wp\/v2\/media?parent=6078"}],"wp:term":[{"taxonomy":"product_brand","embeddable":true,"href":"https:\/\/classysassybutik.pl\/en\/wp-json\/wp\/v2\/product_brand?post=6078"},{"taxonomy":"product_cat","embeddable":true,"href":"https:\/\/classysassybutik.pl\/en\/wp-json\/wp\/v2\/product_cat?post=6078"},{"taxonomy":"product_tag","embeddable":true,"href":"https:\/\/classysassybutik.pl\/en\/wp-json\/wp\/v2\/product_tag?post=6078"}],"curies":[{"name":"wp","href":"https:\/\/api.w.org\/{rel}","templated":true}]}}