{"id":6883,"date":"2025-02-02T18:55:24","date_gmt":"2025-02-02T17:55:24","guid":{"rendered":"https:\/\/classysassybutik.pl\/?post_type=product&#038;p=6883"},"modified":"2025-02-02T18:55:24","modified_gmt":"2025-02-02T17:55:24","slug":"spodnico-spodenki-pliski-czekoladowe","status":"publish","type":"product","link":"https:\/\/classysassybutik.pl\/en\/product\/spodnico-spodenki-pliski-czekoladowe\/","title":{"rendered":"Chocolate pleated skirt and shorts"},"content":{"rendered":"<p>A pleated skirt that has shorts underneath to make you feel comfortable. It is undoubtedly a brilliant choice for everyday as well as elegant looks. It stands out with its mini cut and fashionable pleats.<\/p>\n<p>&nbsp;<\/p>\n<p>Size S:<\/p>\n<p>Overall length :38 cm<\/p>\n<p>Waist width: 33 cm x 2<\/p>\n<p>&nbsp;<\/p>\n<p>Size M:<\/p>\n<p>Overall length : 39 cm<\/p>\n<p>Waist width: 35 cm x 2<\/p>\n<p>&nbsp;<\/p>\n<p>Size L:<\/p>\n<p>Overall length :40 cm<\/p>\n<p>Waist width : 37 cm x 2<\/p>\n<p>Polish product<\/p>\n<p>Clothes measured flat! Individual measurements may vary +\/- 2-3 cm.<\/p>","protected":false},"excerpt":{"rendered":"<p>Sp\u00f3dnica plisowana, kt\u00f3ra posiada pod spodem szorty, dzi\u0119ki kt\u00f3rym czujemy si\u0119 komfortowo. To bez dw\u00f3ch zda\u0144 genialny wyb\u00f3r do codziennych, jak i\u00a0eleganckich look\u00f3w. Wyr\u00f3\u017cnia si\u0119 krojem mini oraz modnymi plisami. &nbsp; Rozmiar S: D\u0142ugo\u015b\u0107 ca\u0142kowita :38 cm Szeroko\u015b\u0107 w pasie : 33 cm x 2 &nbsp; Rozmiar M: D\u0142ugo\u015b\u0107 ca\u0142kowita : 39 cm Szeroko\u015b\u0107 w [&hellip;]<\/p>","protected":false},"featured_media":6884,"comment_status":"open","ping_status":"closed","template":"","meta":[],"product_brand":[],"product_cat":[94,110,31],"product_tag":[],"class_list":{"0":"post-6883","1":"product","2":"type-product","3":"status-publish","4":"has-post-thumbnail","6":"product_cat-nowosci","7":"product_cat-spodenki","8":"product_cat-spodnice","10":"first","11":"instock","12":"shipping-taxable","13":"purchasable","14":"product-type-variable"},"_links":{"self":[{"href":"https:\/\/classysassybutik.pl\/en\/wp-json\/wp\/v2\/product\/6883","targetHints":{"allow":["GET"]}}],"collection":[{"href":"https:\/\/classysassybutik.pl\/en\/wp-json\/wp\/v2\/product"}],"about":[{"href":"https:\/\/classysassybutik.pl\/en\/wp-json\/wp\/v2\/types\/product"}],"replies":[{"embeddable":true,"href":"https:\/\/classysassybutik.pl\/en\/wp-json\/wp\/v2\/comments?post=6883"}],"wp:featuredmedia":[{"embeddable":true,"href":"https:\/\/classysassybutik.pl\/en\/wp-json\/wp\/v2\/media\/6884"}],"wp:attachment":[{"href":"https:\/\/classysassybutik.pl\/en\/wp-json\/wp\/v2\/media?parent=6883"}],"wp:term":[{"taxonomy":"product_brand","embeddable":true,"href":"https:\/\/classysassybutik.pl\/en\/wp-json\/wp\/v2\/product_brand?post=6883"},{"taxonomy":"product_cat","embeddable":true,"href":"https:\/\/classysassybutik.pl\/en\/wp-json\/wp\/v2\/product_cat?post=6883"},{"taxonomy":"product_tag","embeddable":true,"href":"https:\/\/classysassybutik.pl\/en\/wp-json\/wp\/v2\/product_tag?post=6883"}],"curies":[{"name":"wp","href":"https:\/\/api.w.org\/{rel}","templated":true}]}}