{"id":6921,"date":"2025-02-11T11:15:31","date_gmt":"2025-02-11T10:15:31","guid":{"rendered":"https:\/\/classysassybutik.pl\/?post_type=product&#038;p=6921"},"modified":"2025-02-11T11:15:31","modified_gmt":"2025-02-11T10:15:31","slug":"marynarka-manuel-pudrowa","status":"publish","type":"product","link":"https:\/\/classysassybutik.pl\/en\/product\/marynarka-manuel-pudrowa\/","title":{"rendered":"Manuel jacket Powder"},"content":{"rendered":"<p><b>Composition<\/b>: 95% polyester, 5% elastane<\/p>\n<p>Straight cut, smooth fabric finish. Pockets with flaps. Buttons at sleeves. Jacket has lining and sewn-in shoulder pads.<\/p>\n<p><b>Dimensions:<\/b><\/p>\n<p>Overall length: 76 cm<br \/>\nBust circumference: 126 cm<br \/>\nWaist circumference: 122 cm<br \/>\nSleeve length from shoulder: 57 cm<br \/>\nSleeve length from armpit: 36 cm<\/p>\n<p><b>Clothes measured flat! Individual measurements may vary +\/- 2 cm.<\/b><\/p>\n<p>Polish product.<\/p>","protected":false},"excerpt":{"rendered":"<p>Sk\u0142ad: 95% poliester, 5% elastan Prosty kr\u00f3j, g\u0142adkie wyko\u0144czenie materia\u0142u. Kieszonki z klapami. Guziczki przy r\u0119kawach. Marynarka posiada podszewk\u0119 oraz wszyte poduszki na ramionach. Wymiary: D\u0142ugo\u015b\u0107 ca\u0142kowita: 76 cm Obw\u00f3d w biu\u015bcie: 126 cm Obw\u00f3d w pasie: 122 cm D\u0142ugo\u015b\u0107 r\u0119kawa od ramienia: 57 cm D\u0142ugo\u015b\u0107 r\u0119kawa od pachy: 36 cm Ubrania mierzone na p\u0142asko! [&hellip;]<\/p>","protected":false},"featured_media":6922,"comment_status":"open","ping_status":"closed","template":"","meta":[],"product_brand":[],"product_cat":[29,94],"product_tag":[],"class_list":{"0":"post-6921","1":"product","2":"type-product","3":"status-publish","4":"has-post-thumbnail","6":"product_cat-marynarki","7":"product_cat-nowosci","9":"first","10":"instock","11":"shipping-taxable","12":"purchasable","13":"product-type-simple"},"_links":{"self":[{"href":"https:\/\/classysassybutik.pl\/en\/wp-json\/wp\/v2\/product\/6921","targetHints":{"allow":["GET"]}}],"collection":[{"href":"https:\/\/classysassybutik.pl\/en\/wp-json\/wp\/v2\/product"}],"about":[{"href":"https:\/\/classysassybutik.pl\/en\/wp-json\/wp\/v2\/types\/product"}],"replies":[{"embeddable":true,"href":"https:\/\/classysassybutik.pl\/en\/wp-json\/wp\/v2\/comments?post=6921"}],"wp:featuredmedia":[{"embeddable":true,"href":"https:\/\/classysassybutik.pl\/en\/wp-json\/wp\/v2\/media\/6922"}],"wp:attachment":[{"href":"https:\/\/classysassybutik.pl\/en\/wp-json\/wp\/v2\/media?parent=6921"}],"wp:term":[{"taxonomy":"product_brand","embeddable":true,"href":"https:\/\/classysassybutik.pl\/en\/wp-json\/wp\/v2\/product_brand?post=6921"},{"taxonomy":"product_cat","embeddable":true,"href":"https:\/\/classysassybutik.pl\/en\/wp-json\/wp\/v2\/product_cat?post=6921"},{"taxonomy":"product_tag","embeddable":true,"href":"https:\/\/classysassybutik.pl\/en\/wp-json\/wp\/v2\/product_tag?post=6921"}],"curies":[{"name":"wp","href":"https:\/\/api.w.org\/{rel}","templated":true}]}}