{"id":6965,"date":"2025-02-13T13:03:18","date_gmt":"2025-02-13T12:03:18","guid":{"rendered":"https:\/\/classysassybutik.pl\/?post_type=product&#038;p=6965"},"modified":"2025-06-26T12:43:03","modified_gmt":"2025-06-26T10:43:03","slug":"komplet-2-czesciowy-conti-bluza-spodnico-spodenki-rozowy","status":"publish","type":"product","link":"https:\/\/classysassybutik.pl\/en\/product\/komplet-2-czesciowy-conti-bluza-spodnico-spodenki-rozowy\/","title":{"rendered":"Conti 2-piece set Blouse +Skirt-Shorts Pink"},"content":{"rendered":"<p>Sets are still leading the way in the fashion world, so if you're looking for the perfect solution to emphasise your legs beautifully, take a look at this proposal! Let's start with the sweatshirt, whose simplicity conceals the details that add to its originality. The smooth fabric not only gives the sweatshirt a pleasant feel, but also an elegant and modern look. The cushioning makes the entire garment sit lightly on the silhouette and emphasises it. The short skirt-shorts complement the set perfectly.<\/p>\n<p>Polish product.<\/p>\n<div class=\"pd_trait\"><span class=\"pd_label\">BLOUSE UNI<\/span><\/div>\n<div class=\"pd_trait\"><span class=\"pd_label\">Overall length 50<\/span><span class=\"pd_value\"><span class=\"pd_size active\" data-size=\"Oversize\">\u00a0cm<\/span><\/span><\/div>\n<div class=\"pd_trait\"><span class=\"pd_label\">Bust width 124<\/span><span class=\"pd_value\"><span class=\"pd_size active\" data-size=\"Oversize\">cm <\/span><\/span><\/div>\n<div class=\"pd_trait\"><span class=\"pd_label\">Width at bottom 96 <\/span><span class=\"pd_value\"><span class=\"pd_size active\" data-size=\"Oversize\">cm <\/span><\/span><\/div>\n<div><\/div>\n<div class=\"pd_trait\"><span class=\"pd_label\">SKIRTS AND SHORTS<\/span><\/div>\n<div>Size S<\/div>\n<div class=\"pd_trait\"><span class=\"pd_label\">Overall length 36cm<\/span><\/div>\n<div class=\"pd_trait\"><span class=\"pd_label\">Waist width <\/span><span class=\"pd_value\"><span class=\"pd_size active\" data-size=\"Oversize\">33cmx2<\/span><\/span><\/div>\n<div class=\"pd_trait\"><span class=\"pd_label\">S<\/span><span class=\"pd_label\">hip width 84cm stretch to 92cm<\/span><\/div>\n<div><\/div>\n<div>\n<div>Size M<\/div>\n<div class=\"pd_trait\"><span class=\"pd_label\">Overall length 36cm<\/span><\/div>\n<div class=\"pd_trait\"><span class=\"pd_label\">Waist width <\/span><span class=\"pd_value\"><span class=\"pd_size active\" data-size=\"Oversize\">37cmx2<\/span><\/span><\/div>\n<div class=\"pd_trait\"><span class=\"pd_label\">Hip width 90cm stretch to 98cm<\/span><\/div>\n<\/div>\n<div><\/div>\n<div>\n<div>Size L<\/div>\n<div class=\"pd_trait\"><span class=\"pd_label\">Overall length 36cm<\/span><\/div>\n<div class=\"pd_trait\"><span class=\"pd_label\">Waist width <\/span><span class=\"pd_value\"><span class=\"pd_size active\" data-size=\"Oversize\">39cmx2<\/span><\/span><\/div>\n<div class=\"pd_trait\"><span class=\"pd_label\">Hip width 98cm stretch to 104cm<\/span><\/div>\n<\/div>\n<div><\/div>\n<div>Composition: 95% Cotton, 5% Elastane<\/div>\n<p>Dimensions may vary +\/- 2 cm from those shown on the website.<\/p>","protected":false},"excerpt":{"rendered":"<p>Komplety wci\u0105\u017c wiod\u0105 prym w \u015bwiecie mody, je\u015bli wi\u0119c szukasz idealnego rozwi\u0105zania, kt\u00f3re pi\u0119knie podkre\u015bli nogi, to przyjrzyj si\u0119 tej propozycji! Zacznijmy od bluzy, kt\u00f3ra w swojej prostocie kryje detale dodaj\u0105ce jej oryginalnego charakteru. G\u0142adki materia\u0142 sprawia, \u017ce bluza jest nie tylko przyjemna w dotyku, ale tak\u017ce prezentuje si\u0119 elegancko i nowocze\u015bnie. Poduszki powoduj\u0105, \u017ce [&hellip;]<\/p>","protected":false},"featured_media":6967,"comment_status":"open","ping_status":"closed","template":"","meta":[],"product_brand":[],"product_cat":[21,94],"product_tag":[],"class_list":{"0":"post-6965","1":"product","2":"type-product","3":"status-publish","4":"has-post-thumbnail","6":"product_cat-komplety","7":"product_cat-nowosci","9":"first","10":"instock","11":"sale","12":"shipping-taxable","13":"purchasable","14":"product-type-variable"},"_links":{"self":[{"href":"https:\/\/classysassybutik.pl\/en\/wp-json\/wp\/v2\/product\/6965","targetHints":{"allow":["GET"]}}],"collection":[{"href":"https:\/\/classysassybutik.pl\/en\/wp-json\/wp\/v2\/product"}],"about":[{"href":"https:\/\/classysassybutik.pl\/en\/wp-json\/wp\/v2\/types\/product"}],"replies":[{"embeddable":true,"href":"https:\/\/classysassybutik.pl\/en\/wp-json\/wp\/v2\/comments?post=6965"}],"wp:featuredmedia":[{"embeddable":true,"href":"https:\/\/classysassybutik.pl\/en\/wp-json\/wp\/v2\/media\/6967"}],"wp:attachment":[{"href":"https:\/\/classysassybutik.pl\/en\/wp-json\/wp\/v2\/media?parent=6965"}],"wp:term":[{"taxonomy":"product_brand","embeddable":true,"href":"https:\/\/classysassybutik.pl\/en\/wp-json\/wp\/v2\/product_brand?post=6965"},{"taxonomy":"product_cat","embeddable":true,"href":"https:\/\/classysassybutik.pl\/en\/wp-json\/wp\/v2\/product_cat?post=6965"},{"taxonomy":"product_tag","embeddable":true,"href":"https:\/\/classysassybutik.pl\/en\/wp-json\/wp\/v2\/product_tag?post=6965"}],"curies":[{"name":"wp","href":"https:\/\/api.w.org\/{rel}","templated":true}]}}