{"id":7120,"date":"2025-02-22T11:30:12","date_gmt":"2025-02-22T10:30:12","guid":{"rendered":"https:\/\/classysassybutik.pl\/?post_type=product&#038;p=7120"},"modified":"2025-06-24T19:15:01","modified_gmt":"2025-06-24T17:15:01","slug":"spodnie-classic-w-kant-ciemny-bez","status":"publish","type":"product","link":"https:\/\/classysassybutik.pl\/en\/product\/spodnie-classic-w-kant-ciemny-bez\/","title":{"rendered":"Classic Slim-fit Trousers Dark Beige"},"content":{"rendered":"<p>This model will beautifully emphasise your waist and optically lengthen and slenderise your silhouette.<\/p>\n<p>- high-waisted suit trousers,<\/p>\n<p>- buttoned.<\/p>\n<p><strong>Size S<\/strong><\/p>\n<p>Waist 38cm<\/p>\n<p>Hips 90cm<\/p>\n<p>Length 110 cm<\/p>\n<p><strong>Size M\u00a0<\/strong><\/p>\n<p>Waist 40cm<\/p>\n<p>Hips 94cm<\/p>\n<p>Length 110 cm<\/p>\n<p><strong>Size L<\/strong><\/p>\n<p>Waist 42cm<\/p>\n<p>Hips 100cm<\/p>\n<p>Length 112cm<\/p>\n<p>Product Polish manufacturer<\/p>\n<div class=\"title ng-tns-c34-9 ng-star-inserted\" translate=\"product.description.composition\">COMPOSITION<\/div>\n<div class=\"ng-tns-c34-9 ng-star-inserted\">- 60% polyester \/ 35% viscose \/ 5% elastane<\/div>","protected":false},"excerpt":{"rendered":"<p>Ten model przepi\u0119knie podkre\u015bli tali\u0119 oraz optycznie wyd\u0142u\u017cy i\u00a0wysmukli Twoj\u0105 sylwetk\u0119. &#8211; spodnie garniturowe z\u00a0wysokim stanem, &#8211; zapinane na guzik. Rozmiar S Pas 38cm Biodra 90cm D\u0142ugo\u015b\u0107 110 cm Rozmiar M\u00a0 Pas 40cm Biodra 94cm D\u0142ugo\u015b\u0107 110 cm Rozmiar L Pas 42cm Biodra 100cm D\u0142ugo\u015b\u0107 112cm Produkt Producent Polski SK\u0141AD &#8211; 60% poliester \/ 35% [&hellip;]<\/p>","protected":false},"featured_media":7121,"comment_status":"open","ping_status":"closed","template":"","meta":[],"product_brand":[],"product_cat":[94,30],"product_tag":[],"class_list":{"0":"post-7120","1":"product","2":"type-product","3":"status-publish","4":"has-post-thumbnail","6":"product_cat-nowosci","7":"product_cat-spodnie","9":"first","10":"instock","11":"sale","12":"shipping-taxable","13":"purchasable","14":"product-type-variable"},"_links":{"self":[{"href":"https:\/\/classysassybutik.pl\/en\/wp-json\/wp\/v2\/product\/7120","targetHints":{"allow":["GET"]}}],"collection":[{"href":"https:\/\/classysassybutik.pl\/en\/wp-json\/wp\/v2\/product"}],"about":[{"href":"https:\/\/classysassybutik.pl\/en\/wp-json\/wp\/v2\/types\/product"}],"replies":[{"embeddable":true,"href":"https:\/\/classysassybutik.pl\/en\/wp-json\/wp\/v2\/comments?post=7120"}],"wp:featuredmedia":[{"embeddable":true,"href":"https:\/\/classysassybutik.pl\/en\/wp-json\/wp\/v2\/media\/7121"}],"wp:attachment":[{"href":"https:\/\/classysassybutik.pl\/en\/wp-json\/wp\/v2\/media?parent=7120"}],"wp:term":[{"taxonomy":"product_brand","embeddable":true,"href":"https:\/\/classysassybutik.pl\/en\/wp-json\/wp\/v2\/product_brand?post=7120"},{"taxonomy":"product_cat","embeddable":true,"href":"https:\/\/classysassybutik.pl\/en\/wp-json\/wp\/v2\/product_cat?post=7120"},{"taxonomy":"product_tag","embeddable":true,"href":"https:\/\/classysassybutik.pl\/en\/wp-json\/wp\/v2\/product_tag?post=7120"}],"curies":[{"name":"wp","href":"https:\/\/api.w.org\/{rel}","templated":true}]}}