{"id":7141,"date":"2025-02-24T10:38:07","date_gmt":"2025-02-24T09:38:07","guid":{"rendered":"https:\/\/classysassybutik.pl\/?post_type=product&#038;p=7141"},"modified":"2025-03-24T10:43:17","modified_gmt":"2025-03-24T09:43:17","slug":"body-luna-pudrowy-roz","status":"publish","type":"product","link":"https:\/\/classysassybutik.pl\/en\/product\/body-luna-pudrowy-roz\/","title":{"rendered":"Body Luna Powder Pink"},"content":{"rendered":"<p>Language: Polish Body Luna features a fitted cut, round neckline and striking long sleeves with a thumbhole. This bodysuit will emphasise your feminine curves and will not let your eyes stray away from you.<\/p>\n<p>Polish product<\/p>\n<p>Composition: 951TP3Viscose 5% Elastane<\/p>\n<p>Sizes<\/p>\n<p><strong>XS\/S<\/strong><\/p>\n<p>Length to crotch: 67cm<\/p>\n<p>Sleeve length: 67cm<\/p>\n<p>Width from armpit to armpit: 40cm<\/p>\n<p><strong>M\/L<\/strong><\/p>\n<p>Length to crotch: 69cm<\/p>\n<p>Sleeve length: 68cm<\/p>\n<p>Width from armpit to armpit: 42cm<\/p>\n<p>&nbsp;<\/p>","protected":false},"excerpt":{"rendered":"<p>J\u0119zyk: Polski Body Luna to dopasowany kr\u00f3j, okr\u0105g\u0142y dekolt oraz efektowny d\u0142ugi r\u0119kaw z otworem na kciuk. To body podkre\u015bli kobiece kszta\u0142ty i nie pozwoli oderwa\u0107 od Ciebie wzroku. Produkt Polski Sk\u0142ad: 95%wiskoza 5% elastan Rozmiary XS\/S D\u0142ugo\u015b\u0107 do kroku: 67cm D\u0142ugo\u015b\u0107 r\u0119kawa: 67cm Szeroko\u015b\u0107 od pachy do pachy: 40cm M\/L D\u0142ugo\u015b\u0107 do kroku: 69cm [&hellip;]<\/p>","protected":false},"featured_media":7142,"comment_status":"open","ping_status":"closed","template":"","meta":[],"product_brand":[],"product_cat":[106,94],"product_tag":[],"class_list":{"0":"post-7141","1":"product","2":"type-product","3":"status-publish","4":"has-post-thumbnail","6":"product_cat-body","7":"product_cat-nowosci","9":"first","10":"instock","11":"sale","12":"shipping-taxable","13":"purchasable","14":"product-type-variable"},"_links":{"self":[{"href":"https:\/\/classysassybutik.pl\/en\/wp-json\/wp\/v2\/product\/7141","targetHints":{"allow":["GET"]}}],"collection":[{"href":"https:\/\/classysassybutik.pl\/en\/wp-json\/wp\/v2\/product"}],"about":[{"href":"https:\/\/classysassybutik.pl\/en\/wp-json\/wp\/v2\/types\/product"}],"replies":[{"embeddable":true,"href":"https:\/\/classysassybutik.pl\/en\/wp-json\/wp\/v2\/comments?post=7141"}],"wp:featuredmedia":[{"embeddable":true,"href":"https:\/\/classysassybutik.pl\/en\/wp-json\/wp\/v2\/media\/7142"}],"wp:attachment":[{"href":"https:\/\/classysassybutik.pl\/en\/wp-json\/wp\/v2\/media?parent=7141"}],"wp:term":[{"taxonomy":"product_brand","embeddable":true,"href":"https:\/\/classysassybutik.pl\/en\/wp-json\/wp\/v2\/product_brand?post=7141"},{"taxonomy":"product_cat","embeddable":true,"href":"https:\/\/classysassybutik.pl\/en\/wp-json\/wp\/v2\/product_cat?post=7141"},{"taxonomy":"product_tag","embeddable":true,"href":"https:\/\/classysassybutik.pl\/en\/wp-json\/wp\/v2\/product_tag?post=7141"}],"curies":[{"name":"wp","href":"https:\/\/api.w.org\/{rel}","templated":true}]}}