{"id":7548,"date":"2025-04-08T15:04:14","date_gmt":"2025-04-08T13:04:14","guid":{"rendered":"https:\/\/classysassybutik.pl\/?post_type=product&#038;p=7548"},"modified":"2025-04-08T15:04:15","modified_gmt":"2025-04-08T13:04:15","slug":"spodnie-bojowki-bordowe","status":"publish","type":"product","link":"https:\/\/classysassybutik.pl\/en\/product\/spodnie-bojowki-bordowe\/","title":{"rendered":"Boy Scout Trousers Maroon"},"content":{"rendered":"<p><strong data-start=\"80\" data-end=\"130\">La Milla combat trousers - Maroon Size M<\/strong><\/p>\n<p><main id=\"main\" class=\"transition-width relative h-full w-full flex-1 overflow-auto\"><\/p>\n<div class=\"h-full w-full group\/thread @container\/thread\">\n<div class=\"composer-parent flex h-full flex-col focus-visible:outline-0\" role=\"presentation\">\n<div class=\"flex flex-1 grow basis-auto flex-col overflow-hidden\">\n<div class=\"relative h-full\">\n<div class=\"flex h-full flex-col overflow-y-auto [scrollbar-gutter:stable]\">\n<div class=\"@thread-xl\/thread:pt-header-height mt-1.5 flex flex-col text-sm md:pb-9\">\n<article class=\"text-token-text-primary w-full\" dir=\"auto\" data-testid=\"conversation-turn-2\" data-scroll-anchor=\"true\">\n<div class=\"text-base my-auto mx-auto py-5 px-6\">\n<div class=\"mx-auto flex flex-1 text-base gap-4 md:gap-5 lg:gap-6 md:max-w-3xl group\/turn-messages focus-visible:outline-hidden\" tabindex=\"-1\">\n<div class=\"group\/conversation-turn relative flex w-full min-w-0 flex-col agent-turn @xs\/thread:px-0 @sm\/thread:px-1.5 @md\/thread:px-4\">\n<div class=\"relative flex-col gap-1 md:gap-3\">\n<div class=\"flex max-w-full flex-col grow\">\n<div class=\"min-h-8 text-message relative flex w-full flex-col items-end gap-2 text-start break-words whitespace-normal [.text-message+&amp;]:mt-5\" dir=\"auto\" data-message-author-role=\"assistant\" data-message-id=\"884cbb6b-7b6a-4907-b7e6-dd39a51c80ce\" data-message-model-slug=\"gpt-4o\">\n<div class=\"flex w-full flex-col gap-1 empty:hidden first:pt-[3px]\">\n<div class=\"markdown prose dark:prose-invert w-full break-words light\">\n<p class=\"\" data-start=\"132\" data-end=\"425\">Accentuate your unique style with our La Milla cargo trousers - the perfect combination of modern elegance and streetwear casualness. The deep burgundy colour will add character to any outfit, while striking details such as the side pockets and zipper at the leg give the overall look a unique flair.<\/p>\n<p class=\"\" data-start=\"427\" data-end=\"450\"><strong data-start=\"427\" data-end=\"450\">Product details:<\/strong><\/p>\n<ul data-start=\"451\" data-end=\"619\">\n<li class=\"\" data-start=\"451\" data-end=\"484\">\n<p class=\"\" data-start=\"453\" data-end=\"484\">Cut: oversize, wide leg<\/p>\n<\/li>\n<li class=\"\" data-start=\"485\" data-end=\"520\">\n<p class=\"\" data-start=\"487\" data-end=\"520\">Style: combat boots with cargo pockets<\/p>\n<\/li>\n<li class=\"\" data-start=\"521\" data-end=\"546\">\n<p class=\"\" data-start=\"523\" data-end=\"546\">Fastening: zip + button<\/p>\n<\/li>\n<li class=\"\" data-start=\"547\" data-end=\"619\">\n<p class=\"\" data-start=\"549\" data-end=\"619\">Material: high-quality, slightly stiff material that retains its shape<\/p>\n<\/li>\n<\/ul>\n<p class=\"\" data-start=\"621\" data-end=\"645\"><strong data-start=\"621\" data-end=\"645\">Dimensions (size M):<\/strong><\/p>\n<ul data-start=\"646\" data-end=\"783\">\n<li class=\"\" data-start=\"646\" data-end=\"679\">\n<p class=\"\" data-start=\"648\" data-end=\"679\">Overall length: approx. 114 cm<\/p>\n<\/li>\n<li class=\"\" data-start=\"680\" data-end=\"747\">\n<p class=\"\" data-start=\"682\" data-end=\"747\">Waist width (flat): approx. 38 cm (waist slightly elastic).<\/p>\n<\/li>\n<li class=\"\" data-start=\"748\" data-end=\"783\">\n<p class=\"\" data-start=\"750\" data-end=\"783\">Hip width: approx. 50 cm<\/p>\n<\/li>\n<\/ul>\n<p class=\"\" data-start=\"785\" data-end=\"832\"><strong data-start=\"785\" data-end=\"832\">The model is 170 cm tall and wears a size M.<\/strong><\/p>\n<blockquote>\n<p class=\"\" data-start=\"834\" data-end=\"990\">Create a total look with a short top and oversize blazer or mix with classics from your wardrobe. These trousers are a statement piece that will catch the eye<\/p>\n<\/blockquote>\n<\/div>\n<\/div>\n<\/div>\n<\/div>\n<\/div>\n<\/div>\n<\/div>\n<\/div>\n<\/article>\n<\/div>\n<\/div>\n<\/div>\n<\/div>\n<\/div>\n<\/div>\n<p><\/main><\/p>","protected":false},"excerpt":{"rendered":"<p>Spodnie boj\u00f3wki La Milla \u2013 Bordowe Rozmiar M Podkre\u015bl sw\u00f3j niepowtarzalny styl z naszymi spodniami cargo La Milla \u2013 idealnym po\u0142\u0105czeniem nowoczesnej elegancji i streetwearowego luzu. G\u0142\u0119boki, bordowy kolor doda charakteru ka\u017cdej stylizacji, a wyraziste detale, jak boczne kieszenie i suwak przy nogawce, nadaj\u0105 ca\u0142o\u015bci wyj\u0105tkowego pazura. Szczeg\u00f3\u0142y produktu: Kr\u00f3j: oversize, szeroka nogawka Styl: boj\u00f3wki [&hellip;]<\/p>","protected":false},"featured_media":7549,"comment_status":"open","ping_status":"closed","template":"","meta":[],"product_brand":[],"product_cat":[94,30],"product_tag":[],"class_list":{"0":"post-7548","1":"product","2":"type-product","3":"status-publish","4":"has-post-thumbnail","6":"product_cat-nowosci","7":"product_cat-spodnie","9":"first","10":"instock","11":"shipping-taxable","12":"purchasable","13":"product-type-variable"},"_links":{"self":[{"href":"https:\/\/classysassybutik.pl\/en\/wp-json\/wp\/v2\/product\/7548","targetHints":{"allow":["GET"]}}],"collection":[{"href":"https:\/\/classysassybutik.pl\/en\/wp-json\/wp\/v2\/product"}],"about":[{"href":"https:\/\/classysassybutik.pl\/en\/wp-json\/wp\/v2\/types\/product"}],"replies":[{"embeddable":true,"href":"https:\/\/classysassybutik.pl\/en\/wp-json\/wp\/v2\/comments?post=7548"}],"wp:featuredmedia":[{"embeddable":true,"href":"https:\/\/classysassybutik.pl\/en\/wp-json\/wp\/v2\/media\/7549"}],"wp:attachment":[{"href":"https:\/\/classysassybutik.pl\/en\/wp-json\/wp\/v2\/media?parent=7548"}],"wp:term":[{"taxonomy":"product_brand","embeddable":true,"href":"https:\/\/classysassybutik.pl\/en\/wp-json\/wp\/v2\/product_brand?post=7548"},{"taxonomy":"product_cat","embeddable":true,"href":"https:\/\/classysassybutik.pl\/en\/wp-json\/wp\/v2\/product_cat?post=7548"},{"taxonomy":"product_tag","embeddable":true,"href":"https:\/\/classysassybutik.pl\/en\/wp-json\/wp\/v2\/product_tag?post=7548"}],"curies":[{"name":"wp","href":"https:\/\/api.w.org\/{rel}","templated":true}]}}