{"id":7626,"date":"2025-04-15T14:56:59","date_gmt":"2025-04-15T12:56:59","guid":{"rendered":"https:\/\/classysassybutik.pl\/?post_type=product&#038;p=7626"},"modified":"2025-07-31T12:40:37","modified_gmt":"2025-07-31T10:40:37","slug":"kombinezon-melody-krotki-kremowy","status":"publish","type":"product","link":"https:\/\/classysassybutik.pl\/en\/product\/kombinezon-melody-krotki-kremowy\/","title":{"rendered":"Melody Short Cream jumpsuit"},"content":{"rendered":"<p dir=\"ltr\">Stylish\u00a0<b>suit made in poland<\/b> was sewn from the highest quality material.<\/p>\n<p dir=\"ltr\">Short jumpsuit in<b> the colour white is\u00a0<\/b>a fashionable and comfortable outfit.<\/p>\n<p dir=\"ltr\">It has<b> shoulder pads\u00a0<\/b> adding a touch of elegance.<\/p>\n<p dir=\"ltr\"><b>Deep neckline<\/b> with a wide collar gives it a stylish look.<\/p>\n<p dir=\"ltr\">Button fastening.<\/p>\n<p dir=\"ltr\">It has pockets on the sides .<\/p>\n<p dir=\"ltr\">The elastic waistband accentuates the silhouette while ensuring a comfortable fit .<\/p>\n<p dir=\"ltr\">The cuffed sleeves add finesse and the attached belt accentuates the waist for a sophisticated touch.<\/p>\n<p dir=\"ltr\">They are the perfect choice for fashionable yet comfortable styling.<\/p>\n<div class=\"row product-main\">\n<div class=\"col-sm-10 col-md-2 product-main__right\">\n<div class=\"product-content-row\">\n<div class=\"product-content\">\n<div class=\"product-content__stats\"><\/div>\n<\/div>\n<\/div>\n<\/div>\n<\/div>\n<div class=\"sizes\">\n<div class=\"sizes__wrapper\">\n<p>&nbsp;<\/p>\n<h3 class=\"sizes__title\">Size chart<\/h3>\n<table class=\"sizes-table\">\n<tbody>\n<tr>\n<th class=\"sizes-table__head sizes-table__head--first\">dimensions<\/th>\n<th class=\"sizes-table__head text-center\">S<\/th>\n<th class=\"sizes-table__head text-center\">M<\/th>\n<th class=\"sizes-table__head text-center\">L<\/th>\n<\/tr>\n<tr>\n<td class=\"sizes-table__sizes sizes-table__sizes--first\"><b>Overall length<\/b><\/td>\n<td class=\"sizes-table__sizes text-center\">88<\/td>\n<td class=\"sizes-table__sizes text-center\">90<\/td>\n<td class=\"sizes-table__sizes text-center\">92<\/td>\n<\/tr>\n<tr>\n<td class=\"sizes-table__sizes sizes-table__sizes--first\"><b>Front height<\/b><\/td>\n<td class=\"sizes-table__sizes text-center\">35<\/td>\n<td class=\"sizes-table__sizes text-center\">36<\/td>\n<td class=\"sizes-table__sizes text-center\">37<\/td>\n<\/tr>\n<tr>\n<td class=\"sizes-table__sizes sizes-table__sizes--first\"><b>Width from armpit to armpit<\/b><\/td>\n<td class=\"sizes-table__sizes text-center\">2 x 52<\/td>\n<td class=\"sizes-table__sizes text-center\">2 x 54<\/td>\n<td class=\"sizes-table__sizes text-center\">2 x 56<\/td>\n<\/tr>\n<tr>\n<td class=\"sizes-table__sizes sizes-table__sizes--first\"><b>Waist width<\/b><\/td>\n<td class=\"sizes-table__sizes text-center\">2 x 32\/48<\/td>\n<td class=\"sizes-table__sizes text-center\">2 x 34\/50<\/td>\n<td class=\"sizes-table__sizes text-center\">2 x 34\/50<\/td>\n<\/tr>\n<tr>\n<td class=\"sizes-table__sizes sizes-table__sizes--first\"><b>Width at hips<\/b><\/td>\n<td class=\"sizes-table__sizes text-center\">2 x 54<\/td>\n<td class=\"sizes-table__sizes text-center\">2 x 56<\/td>\n<td class=\"sizes-table__sizes text-center\">2 x 58<\/td>\n<\/tr>\n<tr>\n<td class=\"sizes-table__sizes sizes-table__sizes--first\"><b>Sleeve length from armpit<\/b><\/td>\n<td class=\"sizes-table__sizes text-center\">45<\/td>\n<td class=\"sizes-table__sizes text-center\">45<\/td>\n<td class=\"sizes-table__sizes text-center\">45<\/td>\n<\/tr>\n<tr>\n<td class=\"sizes-table__sizes sizes-table__sizes--first\"><b>Width at biceps<\/b><\/td>\n<td class=\"sizes-table__sizes text-center\">2 x 17<\/td>\n<td class=\"sizes-table__sizes text-center\">2 x 18<\/td>\n<td class=\"sizes-table__sizes text-center\">2 x 19<\/td>\n<\/tr>\n<tr>\n<td class=\"sizes-table__sizes sizes-table__sizes--first\"><b>Thigh width<\/b><\/td>\n<td class=\"sizes-table__sizes text-center\">2 x 34<\/td>\n<td class=\"sizes-table__sizes text-center\">2 x 35<\/td>\n<td class=\"sizes-table__sizes text-center\">2 x 36<\/td>\n<\/tr>\n<\/tbody>\n<\/table>\n<div class=\"sizes-footer\">\n<p class=\"sizes-footer__text\">Clothes measured flat.<\/p>\n<\/div>\n<\/div>\n<\/div>","protected":false},"excerpt":{"rendered":"<p>Stylowy\u00a0kombinezon polskiej firmy uszyty zosta\u0142 z najwy\u017cszej jako\u015bci materia\u0142u. Kombinezon kr\u00f3tki w kolorze bia\u0142ym to\u00a0modny i wygodny str\u00f3j. Posiada pagony na ramionach\u00a0 ,dodaj\u0105c mu nut\u0119 elegancji. G\u0142\u0119boki dekolt z szerokim ko\u0142nierzem nadaje mu stylowy wygl\u0105d. Zapinany na guzik. Po bokach posiada kieszenie . Guma w talii podkre\u015bla sylwetk\u0119, zapewniaj\u0105c jednocze\u015bnie komfort noszenia . R\u0119kawy zako\u0144czone [&hellip;]<\/p>","protected":false},"featured_media":7627,"comment_status":"open","ping_status":"closed","template":"","meta":[],"product_brand":[],"product_cat":[104,94],"product_tag":[],"class_list":{"0":"post-7626","1":"product","2":"type-product","3":"status-publish","4":"has-post-thumbnail","6":"product_cat-kombinezony","7":"product_cat-nowosci","9":"first","10":"instock","11":"sale","12":"shipping-taxable","13":"purchasable","14":"product-type-variable"},"_links":{"self":[{"href":"https:\/\/classysassybutik.pl\/en\/wp-json\/wp\/v2\/product\/7626","targetHints":{"allow":["GET"]}}],"collection":[{"href":"https:\/\/classysassybutik.pl\/en\/wp-json\/wp\/v2\/product"}],"about":[{"href":"https:\/\/classysassybutik.pl\/en\/wp-json\/wp\/v2\/types\/product"}],"replies":[{"embeddable":true,"href":"https:\/\/classysassybutik.pl\/en\/wp-json\/wp\/v2\/comments?post=7626"}],"wp:featuredmedia":[{"embeddable":true,"href":"https:\/\/classysassybutik.pl\/en\/wp-json\/wp\/v2\/media\/7627"}],"wp:attachment":[{"href":"https:\/\/classysassybutik.pl\/en\/wp-json\/wp\/v2\/media?parent=7626"}],"wp:term":[{"taxonomy":"product_brand","embeddable":true,"href":"https:\/\/classysassybutik.pl\/en\/wp-json\/wp\/v2\/product_brand?post=7626"},{"taxonomy":"product_cat","embeddable":true,"href":"https:\/\/classysassybutik.pl\/en\/wp-json\/wp\/v2\/product_cat?post=7626"},{"taxonomy":"product_tag","embeddable":true,"href":"https:\/\/classysassybutik.pl\/en\/wp-json\/wp\/v2\/product_tag?post=7626"}],"curies":[{"name":"wp","href":"https:\/\/api.w.org\/{rel}","templated":true}]}}