{"id":7832,"date":"2025-05-07T13:44:26","date_gmt":"2025-05-07T11:44:26","guid":{"rendered":"https:\/\/classysassybutik.pl\/?post_type=product&#038;p=7832"},"modified":"2025-06-26T12:40:04","modified_gmt":"2025-06-26T10:40:04","slug":"bluzka-summer-vibes-z-wiazaniem-la-milla-zolta","status":"publish","type":"product","link":"https:\/\/classysassybutik.pl\/en\/product\/bluzka-summer-vibes-z-wiazaniem-la-milla-zolta\/","title":{"rendered":"Summer Vibes Blouse with Tying La Milla Yellow"},"content":{"rendered":"<p>Summer Vibes blouse tied at the waist from <a href=\"https:\/\/selavifashion.pl\/pl\/producer\/LaMilla\/44\" target=\"_blank\" rel=\"noopener\">LaMilla<\/a>\u00a0sewn from a delicate fabric. The short cut and heavily buffeted sleeves emphasise its Spanish temperament.<\/p>\n<p>&nbsp;<\/p>\n<p><strong>Original Polish product LaMilla\u00a0\u00a0<\/strong><\/p>\n<p>&nbsp;<\/p>\n<p>Composition: 100%viscose<\/p>\n<p>&nbsp;<\/p>\n<p><strong>Universal size<br \/>\n<\/strong><\/p>\n<p>width between armpits 52cm x2<\/p>\n<p>Width at bottom 48cm x2<\/p>\n<p>Blouse length 43cm<\/p>\n<p>Sleeve length from shoulder 77cm<\/p>\n<p>The measurements given are the outer measurements of the garment measured flat.<\/p>","protected":false},"excerpt":{"rendered":"<p>Bluzka Summer Vibes wi\u0105zana w pasie od LaMilla\u00a0uszyta z delikatnego materia\u0142u. Kr\u00f3tki kr\u00f3j i mocno bufiaste r\u0119kawy podkre\u015blaj\u0105 jej hiszpa\u0144ski temperament. &nbsp; Oryginalny produkt polski LaMilla\u00a0\u00a0 &nbsp; Sk\u0142ad: 100%wiskoza &nbsp; Rozmiar uniwersalny szeroko\u015b\u0107 mi\u0119dzy pachami 52cm x2 szeroko\u015b\u0107 na dole 48cm x2 d\u0142ugo\u015b\u0107 bluzki 43cm d\u0142ugo\u015b\u0107 r\u0119kawa od ramienia 77cm Podane wymiary to zewn\u0119trzne wymiary [&hellip;]<\/p>","protected":false},"featured_media":7829,"comment_status":"open","ping_status":"closed","template":"","meta":[],"product_brand":[],"product_cat":[28,94],"product_tag":[],"class_list":{"0":"post-7832","1":"product","2":"type-product","3":"status-publish","4":"has-post-thumbnail","6":"product_cat-bluzki","7":"product_cat-nowosci","9":"first","10":"instock","11":"sale","12":"shipping-taxable","13":"purchasable","14":"product-type-simple"},"_links":{"self":[{"href":"https:\/\/classysassybutik.pl\/en\/wp-json\/wp\/v2\/product\/7832","targetHints":{"allow":["GET"]}}],"collection":[{"href":"https:\/\/classysassybutik.pl\/en\/wp-json\/wp\/v2\/product"}],"about":[{"href":"https:\/\/classysassybutik.pl\/en\/wp-json\/wp\/v2\/types\/product"}],"replies":[{"embeddable":true,"href":"https:\/\/classysassybutik.pl\/en\/wp-json\/wp\/v2\/comments?post=7832"}],"wp:featuredmedia":[{"embeddable":true,"href":"https:\/\/classysassybutik.pl\/en\/wp-json\/wp\/v2\/media\/7829"}],"wp:attachment":[{"href":"https:\/\/classysassybutik.pl\/en\/wp-json\/wp\/v2\/media?parent=7832"}],"wp:term":[{"taxonomy":"product_brand","embeddable":true,"href":"https:\/\/classysassybutik.pl\/en\/wp-json\/wp\/v2\/product_brand?post=7832"},{"taxonomy":"product_cat","embeddable":true,"href":"https:\/\/classysassybutik.pl\/en\/wp-json\/wp\/v2\/product_cat?post=7832"},{"taxonomy":"product_tag","embeddable":true,"href":"https:\/\/classysassybutik.pl\/en\/wp-json\/wp\/v2\/product_tag?post=7832"}],"curies":[{"name":"wp","href":"https:\/\/api.w.org\/{rel}","templated":true}]}}