{"id":7979,"date":"2025-05-14T11:20:20","date_gmt":"2025-05-14T09:20:20","guid":{"rendered":"https:\/\/classysassybutik.pl\/?post_type=product&#038;p=7979"},"modified":"2025-12-23T02:02:21","modified_gmt":"2025-12-23T01:02:21","slug":"koszula-z-falbankami-cytrynowa","status":"publish","type":"product","link":"https:\/\/classysassybutik.pl\/en\/product\/koszula-z-falbankami-cytrynowa\/","title":{"rendered":"Shirt with frills Lemon"},"content":{"rendered":"<p class=\"\" data-start=\"130\" data-end=\"389\">An airy elegant shirt with ruffles and buff sleeves. Lightweight, feminine and perfect for warm days. Perfect for the beach, a stroll around town or summer meetings. A style that will emphasise your natural lightness and holiday vibe.<\/p>\n<ul data-start=\"391\" data-end=\"497\">\n<li class=\"\" data-start=\"391\" data-end=\"414\">\n<p class=\"\" data-start=\"393\" data-end=\"414\">breathable material<\/p>\n<\/li>\n<li class=\"\" data-start=\"415\" data-end=\"452\">\n<p class=\"\" data-start=\"417\" data-end=\"452\">decorative ruffles and buffet sleeves<\/p>\n<\/li>\n<li class=\"\" data-start=\"453\" data-end=\"475\">\n<p class=\"\" data-start=\"455\" data-end=\"475\">buttoned<\/p>\n<\/li>\n<li class=\"\" data-start=\"476\" data-end=\"497\">\n<p class=\"\" data-start=\"478\" data-end=\"497\">comfortable and stylish<\/p>\n<\/li>\n<\/ul>\n<table class=\"table__max_width\" cellspacing=\"10\">\n<tbody>\n<tr>\n<td><strong>universal size<\/strong><\/td>\n<\/tr>\n<tr>\n<td><strong>bust width<\/strong><\/td>\n<td>112 cm<\/td>\n<\/tr>\n<tr>\n<td><strong>Overall length of the sweatshirt<\/strong><\/td>\n<td>60 cm<\/td>\n<\/tr>\n<tr>\n<td>\u00a0<strong>sleeve length<\/strong><\/td>\n<td>\u00a060 cm<\/td>\n<\/tr>\n<\/tbody>\n<\/table>\n<p>&nbsp;<\/p>\n<p><strong>COMPOSITION: 75% tencel, 15% viscose, 10% polyester.<\/strong><\/p>\n<p>Polish product<\/p>","protected":false},"excerpt":{"rendered":"<p>Zwiewna elegancka koszula z falbanami i bufiastymi r\u0119kawami. Lekka, kobieca i idealna na ciep\u0142e dni. Doskona\u0142a na pla\u017c\u0119, spacer po mie\u015bcie czy letnie spotkania. Styl, kt\u00f3ry podkre\u015bli Twoj\u0105 naturaln\u0105 lekko\u015b\u0107 i wakacyjny klimat. przewiewny materia\u0142 ozdobne falbany i bufiaste r\u0119kawy zapinana na guziki wygodna i stylowa rozmiar uniwersalny szeroko\u015b\u0107 w\u00a0biu\u015bcie 112 cm d\u0142ugo\u015b\u0107 ca\u0142kowita bluzy [&hellip;]<\/p>","protected":false},"featured_media":7982,"comment_status":"open","ping_status":"closed","template":"","meta":[],"product_brand":[],"product_cat":[114,94],"product_tag":[],"class_list":{"0":"post-7979","1":"product","2":"type-product","3":"status-publish","4":"has-post-thumbnail","6":"product_cat-koszula","7":"product_cat-nowosci","9":"first","10":"instock","11":"sale","12":"shipping-taxable","13":"purchasable","14":"product-type-simple"},"_links":{"self":[{"href":"https:\/\/classysassybutik.pl\/en\/wp-json\/wp\/v2\/product\/7979","targetHints":{"allow":["GET"]}}],"collection":[{"href":"https:\/\/classysassybutik.pl\/en\/wp-json\/wp\/v2\/product"}],"about":[{"href":"https:\/\/classysassybutik.pl\/en\/wp-json\/wp\/v2\/types\/product"}],"replies":[{"embeddable":true,"href":"https:\/\/classysassybutik.pl\/en\/wp-json\/wp\/v2\/comments?post=7979"}],"wp:featuredmedia":[{"embeddable":true,"href":"https:\/\/classysassybutik.pl\/en\/wp-json\/wp\/v2\/media\/7982"}],"wp:attachment":[{"href":"https:\/\/classysassybutik.pl\/en\/wp-json\/wp\/v2\/media?parent=7979"}],"wp:term":[{"taxonomy":"product_brand","embeddable":true,"href":"https:\/\/classysassybutik.pl\/en\/wp-json\/wp\/v2\/product_brand?post=7979"},{"taxonomy":"product_cat","embeddable":true,"href":"https:\/\/classysassybutik.pl\/en\/wp-json\/wp\/v2\/product_cat?post=7979"},{"taxonomy":"product_tag","embeddable":true,"href":"https:\/\/classysassybutik.pl\/en\/wp-json\/wp\/v2\/product_tag?post=7979"}],"curies":[{"name":"wp","href":"https:\/\/api.w.org\/{rel}","templated":true}]}}